{"id":3,"date":"2022-12-09T02:58:43","date_gmt":"2022-12-09T02:58:43","guid":{"rendered":"http:\/\/ecosmetictube.com\/?page_id=3"},"modified":"2023-12-27T11:01:06","modified_gmt":"2023-12-27T03:01:06","slug":"privacy-policy","status":"publish","type":"page","link":"https:\/\/ecosmetictube.com\/pt\/privacy-policy\/","title":{"rendered":"Pol\u00edtica de privacidade"},"content":{"rendered":"<div data-elementor-type=\"wp-page\" data-elementor-id=\"3\" class=\"elementor elementor-3\">\n\t\t\t\t\t\t\t\t\t<section class=\"elementor-section elementor-top-section elementor-element elementor-element-f5b0ab5 elementor-section-boxed elementor-section-height-default elementor-section-height-default\" data-id=\"f5b0ab5\" data-element_type=\"section\" data-settings=\"{&quot;background_background&quot;:&quot;classic&quot;}\">\n\t\t\t\t\t\t<div class=\"elementor-container elementor-column-gap-default\">\n\t\t\t\t\t<div class=\"elementor-column elementor-col-100 elementor-top-column elementor-element elementor-element-8fd1561\" data-id=\"8fd1561\" data-element_type=\"column\" data-settings=\"{&quot;background_background&quot;:&quot;classic&quot;}\">\n\t\t\t<div class=\"elementor-widget-wrap elementor-element-populated\">\n\t\t\t\t\t\t\t\t<div class=\"elementor-element elementor-element-57a38e5 elementor-widget elementor-widget-heading\" data-id=\"57a38e5\" data-element_type=\"widget\" data-widget_type=\"heading.default\">\n\t\t\t\t<div class=\"elementor-widget-container\">\n\t\t\t<style>\/*! elementor - v3.9.0 - 06-12-2022 *\/\n.elementor-heading-title{padding:0;margin:0;line-height:1}.elementor-widget-heading .elementor-heading-title[class*=elementor-size-]>a{color:inherit;font-size:inherit;line-height:inherit}.elementor-widget-heading .elementor-heading-title.elementor-size-small{font-size:15px}.elementor-widget-heading .elementor-heading-title.elementor-size-medium{font-size:19px}.elementor-widget-heading .elementor-heading-title.elementor-size-large{font-size:29px}.elementor-widget-heading .elementor-heading-title.elementor-size-xl{font-size:39px}.elementor-widget-heading .elementor-heading-title.elementor-size-xxl{font-size:59px}<\/style><h1 class=\"elementor-heading-title elementor-size-default\">Pol\u00edtica de privacidade<\/h1>\t\t<\/div>\n\t\t\t\t<\/div>\n\t\t\t\t<div class=\"elementor-element elementor-element-b8941cc elementor-widget elementor-widget-text-editor\" data-id=\"b8941cc\" data-element_type=\"widget\" data-widget_type=\"text-editor.default\">\n\t\t\t\t<div class=\"elementor-widget-container\">\n\t\t\t<style>\/*! elementor - v3.9.0 - 06-12-2022 *\/\n.elementor-widget-text-editor.elementor-drop-cap-view-stacked .elementor-drop-cap{background-color:#818a91;color:#fff}.elementor-widget-text-editor.elementor-drop-cap-view-framed .elementor-drop-cap{color:#818a91;border:3px solid;background-color:transparent}.elementor-widget-text-editor:not(.elementor-drop-cap-view-default) .elementor-drop-cap{margin-top:8px}.elementor-widget-text-editor:not(.elementor-drop-cap-view-default) .elementor-drop-cap-letter{width:1em;height:1em}.elementor-widget-text-editor .elementor-drop-cap{float:left;text-align:center;line-height:1;font-size:50px}.elementor-widget-text-editor .elementor-drop-cap-letter{display:inline-block}<\/style>\t\t\t\t<p>A sua privacidade \u00e9 importante para n\u00f3s. \u00c9 pol\u00edtica da EcoGlam respeitar a sua privacidade e cumprir todas as leis e regulamentos aplic\u00e1veis relativamente a qualquer informa\u00e7\u00e3o pessoal que possamos recolher sobre si, incluindo atrav\u00e9s do nosso site, <span style=\"text-decoration: underline;\"><a href=\"https:\/\/ecosmetictube.com\/pt\/\">https:\/\/ecosmetictube.com\/<\/a><\/span> e outros s\u00edtios que possu\u00edmos e operamos.<\/p><p>Esta pol\u00edtica foi actualizada em 6 de novembro de 2023.<\/p>\t\t\t\t\t\t<\/div>\n\t\t\t\t<\/div>\n\t\t\t\t<div class=\"elementor-element elementor-element-10374bf elementor-widget elementor-widget-heading\" data-id=\"10374bf\" data-element_type=\"widget\" data-widget_type=\"heading.default\">\n\t\t\t\t<div class=\"elementor-widget-container\">\n\t\t\t<h2 class=\"elementor-heading-title elementor-size-default\">Informa\u00e7\u00f5es que recolhemos<\/h2>\t\t<\/div>\n\t\t\t\t<\/div>\n\t\t\t\t<div class=\"elementor-element elementor-element-d4c3b6f elementor-widget elementor-widget-text-editor\" data-id=\"d4c3b6f\" data-element_type=\"widget\" data-widget_type=\"text-editor.default\">\n\t\t\t\t<div class=\"elementor-widget-container\">\n\t\t\t\t\t\t\t<p>As informa\u00e7\u00f5es que recolhemos incluem tanto as informa\u00e7\u00f5es que nos fornece consciente e ativamente quando utiliza ou participa em qualquer um dos nossos servi\u00e7os e promo\u00e7\u00f5es, como quaisquer informa\u00e7\u00f5es enviadas automaticamente pelos seus dispositivos no decurso do acesso aos nossos produtos e servi\u00e7os.<\/p>\t\t\t\t\t\t<\/div>\n\t\t\t\t<\/div>\n\t\t\t\t<div class=\"elementor-element elementor-element-99c7e0b elementor-widget elementor-widget-heading\" data-id=\"99c7e0b\" data-element_type=\"widget\" data-widget_type=\"heading.default\">\n\t\t\t\t<div class=\"elementor-widget-container\">\n\t\t\t<h2 class=\"elementor-heading-title elementor-size-default\">Dados de registo<\/h2>\t\t<\/div>\n\t\t\t\t<\/div>\n\t\t\t\t<div class=\"elementor-element elementor-element-d8babf2 elementor-widget elementor-widget-text-editor\" data-id=\"d8babf2\" data-element_type=\"widget\" data-widget_type=\"text-editor.default\">\n\t\t\t\t<div class=\"elementor-widget-container\">\n\t\t\t\t\t\t\t<p>Quando visita o nosso s\u00edtio Web, os nossos servidores podem registar automaticamente os dados padr\u00e3o fornecidos pelo seu navegador Web. Podem incluir o endere\u00e7o IP (Internet Protocol) do seu dispositivo, o tipo e a vers\u00e3o do seu browser, as p\u00e1ginas que visita, a hora e a data da sua visita, o tempo passado em cada p\u00e1gina, outros detalhes sobre a sua visita e detalhes t\u00e9cnicos que ocorrem em conjunto com quaisquer erros que possa encontrar.<\/p><p>Tenha em aten\u00e7\u00e3o que, embora estas informa\u00e7\u00f5es possam n\u00e3o ser pessoalmente identific\u00e1veis por si s\u00f3, pode ser poss\u00edvel combin\u00e1-las com outros dados para identificar pessoalmente pessoas individuais.<\/p>\t\t\t\t\t\t<\/div>\n\t\t\t\t<\/div>\n\t\t\t\t<div class=\"elementor-element elementor-element-1162dea elementor-widget elementor-widget-heading\" data-id=\"1162dea\" data-element_type=\"widget\" data-widget_type=\"heading.default\">\n\t\t\t\t<div class=\"elementor-widget-container\">\n\t\t\t<h2 class=\"elementor-heading-title elementor-size-default\">Informa\u00e7\u00f5es pessoais<\/h2>\t\t<\/div>\n\t\t\t\t<\/div>\n\t\t\t\t<div class=\"elementor-element elementor-element-cb5fa80 elementor-widget elementor-widget-text-editor\" data-id=\"cb5fa80\" data-element_type=\"widget\" data-widget_type=\"text-editor.default\">\n\t\t\t\t<div class=\"elementor-widget-container\">\n\t\t\t\t\t\t\t<p>Podemos solicitar informa\u00e7\u00f5es pessoais que podem incluir um ou mais dos seguintes elementos:<\/p>\t\t\t\t\t\t<\/div>\n\t\t\t\t<\/div>\n\t\t\t\t<div class=\"elementor-element elementor-element-dc4f400 elementor-widget elementor-widget-text-editor\" data-id=\"dc4f400\" data-element_type=\"widget\" data-widget_type=\"text-editor.default\">\n\t\t\t\t<div class=\"elementor-widget-container\">\n\t\t\t\t\t\t\t<p>\u00a0 \u00a0 \u00a0\u25cf Nome<\/p><p>\u00a0 \u00a0 \u00a0\u25cf Email<\/p><p>\u00a0 \u00a0 \u00a0Nome da empresa<\/p><p>\u00a0 \u00a0 \u00a0\u25cf N\u00famero de telefone<\/p>\t\t\t\t\t\t<\/div>\n\t\t\t\t<\/div>\n\t\t\t\t<div class=\"elementor-element elementor-element-6c6a10f elementor-widget elementor-widget-heading\" data-id=\"6c6a10f\" data-element_type=\"widget\" data-widget_type=\"heading.default\">\n\t\t\t\t<div class=\"elementor-widget-container\">\n\t\t\t<h2 class=\"elementor-heading-title elementor-size-default\">Raz\u00f5es leg\u00edtimas para processar as suas informa\u00e7\u00f5es pessoais<\/h2>\t\t<\/div>\n\t\t\t\t<\/div>\n\t\t\t\t<div class=\"elementor-element elementor-element-d5815ec elementor-widget elementor-widget-text-editor\" data-id=\"d5815ec\" data-element_type=\"widget\" data-widget_type=\"text-editor.default\">\n\t\t\t\t<div class=\"elementor-widget-container\">\n\t\t\t\t\t\t\t<p>Apenas recolhemos e utilizamos as suas informa\u00e7\u00f5es pessoais quando temos uma raz\u00e3o leg\u00edtima para o fazer. Neste caso, apenas recolhemos informa\u00e7\u00f5es pessoais que sejam razoavelmente necess\u00e1rias para lhe prestar os nossos servi\u00e7os.<\/p>\t\t\t\t\t\t<\/div>\n\t\t\t\t<\/div>\n\t\t\t\t<div class=\"elementor-element elementor-element-3d24630 elementor-widget elementor-widget-heading\" data-id=\"3d24630\" data-element_type=\"widget\" data-widget_type=\"heading.default\">\n\t\t\t\t<div class=\"elementor-widget-container\">\n\t\t\t<h2 class=\"elementor-heading-title elementor-size-default\">Recolha e utiliza\u00e7\u00e3o de informa\u00e7\u00f5es<\/h2>\t\t<\/div>\n\t\t\t\t<\/div>\n\t\t\t\t<div class=\"elementor-element elementor-element-16d485f elementor-widget elementor-widget-text-editor\" data-id=\"16d485f\" data-element_type=\"widget\" data-widget_type=\"text-editor.default\">\n\t\t\t\t<div class=\"elementor-widget-container\">\n\t\t\t\t\t\t\t<p>Podemos recolher informa\u00e7\u00f5es pessoais do utilizador quando este efectua uma das seguintes ac\u00e7\u00f5es no nosso s\u00edtio Web:<\/p>\t\t\t\t\t\t<\/div>\n\t\t\t\t<\/div>\n\t\t\t\t<div class=\"elementor-element elementor-element-2dd49c0 elementor-widget elementor-widget-text-editor\" data-id=\"2dd49c0\" data-element_type=\"widget\" data-widget_type=\"text-editor.default\">\n\t\t\t\t<div class=\"elementor-widget-container\">\n\t\t\t\t\t\t\t<p>\u00a0 \u00a0 \u00a0Utilizar um dispositivo m\u00f3vel ou um navegador Web para aceder ao nosso conte\u00fado<\/p><p>\u00a0 \u00a0 \u00a0Contactar-nos atrav\u00e9s de e-mail, redes sociais ou quaisquer tecnologias semelhantes<\/p><p>\u00a0 \u00a0 \u00a0Quando nos menciona nas redes sociais<\/p>\t\t\t\t\t\t<\/div>\n\t\t\t\t<\/div>\n\t\t\t\t<div class=\"elementor-element elementor-element-0e31aa6 elementor-widget elementor-widget-text-editor\" data-id=\"0e31aa6\" data-element_type=\"widget\" data-widget_type=\"text-editor.default\">\n\t\t\t\t<div class=\"elementor-widget-container\">\n\t\t\t\t\t\t\t<p>Podemos recolher, guardar, utilizar e divulgar informa\u00e7\u00f5es para os seguintes fins, e as informa\u00e7\u00f5es pessoais n\u00e3o ser\u00e3o processadas de forma incompat\u00edvel com estes fins:<\/p><p>Podemos recolher, guardar, utilizar e divulgar informa\u00e7\u00f5es para os seguintes fins, e as informa\u00e7\u00f5es pessoais n\u00e3o ser\u00e3o processadas de forma incompat\u00edvel com estes fins:<\/p><p>\u00a0 \u00a0 \u00a0\u25cf para permitir que o utilizador personalize a sua experi\u00eancia no nosso s\u00edtio Web<\/p><p>\u00a0 \u00a0 \u00a0\u25cf para an\u00e1lise, pesquisa de mercado e desenvolvimento de neg\u00f3cios, incluindo para operar e melhorar o nosso site, aplica\u00e7\u00f5es associadas e plataformas de redes sociais associadas<\/p><p>Tenha em aten\u00e7\u00e3o que podemos combinar as informa\u00e7\u00f5es que recolhemos sobre o utilizador com informa\u00e7\u00f5es gerais ou dados de investiga\u00e7\u00e3o que recebemos de outras fontes fidedignas.<\/p>\t\t\t\t\t\t<\/div>\n\t\t\t\t<\/div>\n\t\t\t\t<div class=\"elementor-element elementor-element-22fe760 elementor-widget elementor-widget-heading\" data-id=\"22fe760\" data-element_type=\"widget\" data-widget_type=\"heading.default\">\n\t\t\t\t<div class=\"elementor-widget-container\">\n\t\t\t<h2 class=\"elementor-heading-title elementor-size-default\">Seguran\u00e7a das suas informa\u00e7\u00f5es pessoais<\/h2>\t\t<\/div>\n\t\t\t\t<\/div>\n\t\t\t\t<div class=\"elementor-element elementor-element-6cd9fa8 elementor-widget elementor-widget-text-editor\" data-id=\"6cd9fa8\" data-element_type=\"widget\" data-widget_type=\"text-editor.default\">\n\t\t\t\t<div class=\"elementor-widget-container\">\n\t\t\t\t\t\t\t<p>Quando recolhemos e processamos informa\u00e7\u00f5es pessoais, e enquanto retemos essas informa\u00e7\u00f5es, proteg\u00ea-las-emos atrav\u00e9s de meios comercialmente aceit\u00e1veis para evitar perdas e roubos, bem como o acesso, divulga\u00e7\u00e3o, c\u00f3pia, utiliza\u00e7\u00e3o ou modifica\u00e7\u00e3o n\u00e3o autorizados.<\/p><p>Embora fa\u00e7amos o nosso melhor para proteger as informa\u00e7\u00f5es pessoais que nos fornece, informamos que nenhum m\u00e9todo de transmiss\u00e3o ou armazenamento eletr\u00f3nico \u00e9 100% seguro e ningu\u00e9m pode garantir a seguran\u00e7a absoluta dos dados. Cumpriremos as leis que nos s\u00e3o aplic\u00e1veis em rela\u00e7\u00e3o a qualquer viola\u00e7\u00e3o de dados.<\/p><p>O utilizador \u00e9 respons\u00e1vel pela sele\u00e7\u00e3o de qualquer palavra-passe e pela sua for\u00e7a de seguran\u00e7a global, garantindo a seguran\u00e7a das suas pr\u00f3prias informa\u00e7\u00f5es dentro dos limites dos nossos servi\u00e7os.<\/p>\t\t\t\t\t\t<\/div>\n\t\t\t\t<\/div>\n\t\t\t\t<div class=\"elementor-element elementor-element-f566177 elementor-widget elementor-widget-heading\" data-id=\"f566177\" data-element_type=\"widget\" data-widget_type=\"heading.default\">\n\t\t\t\t<div class=\"elementor-widget-container\">\n\t\t\t<h2 class=\"elementor-heading-title elementor-size-default\">Durante quanto tempo conservamos as suas informa\u00e7\u00f5es pessoais<\/h2>\t\t<\/div>\n\t\t\t\t<\/div>\n\t\t\t\t<div class=\"elementor-element elementor-element-ddaaea8 elementor-widget elementor-widget-text-editor\" data-id=\"ddaaea8\" data-element_type=\"widget\" data-widget_type=\"text-editor.default\">\n\t\t\t\t<div class=\"elementor-widget-container\">\n\t\t\t\t\t\t\t<p>Conservamos as suas informa\u00e7\u00f5es pessoais apenas durante o tempo necess\u00e1rio. Este per\u00edodo de tempo pode depender da finalidade para a qual estamos a utilizar as suas informa\u00e7\u00f5es, de acordo com esta pol\u00edtica de privacidade. Se as suas informa\u00e7\u00f5es pessoais j\u00e1 n\u00e3o forem necess\u00e1rias, apag\u00e1-las-emos ou torn\u00e1-las-emos an\u00f3nimas, removendo todos os detalhes que o identifiquem.<\/p><p>No entanto, se necess\u00e1rio, podemos reter as suas informa\u00e7\u00f5es pessoais para cumprirmos uma obriga\u00e7\u00e3o legal, contabil\u00edstica ou de informa\u00e7\u00e3o, ou para fins de arquivo de interesse p\u00fablico, fins de investiga\u00e7\u00e3o cient\u00edfica ou hist\u00f3rica ou fins estat\u00edsticos.<\/p>\t\t\t\t\t\t<\/div>\n\t\t\t\t<\/div>\n\t\t\t\t<div class=\"elementor-element elementor-element-115ea87 elementor-widget elementor-widget-heading\" data-id=\"115ea87\" data-element_type=\"widget\" data-widget_type=\"heading.default\">\n\t\t\t\t<div class=\"elementor-widget-container\">\n\t\t\t<h2 class=\"elementor-heading-title elementor-size-default\">Privacidade das crian\u00e7as<\/h2>\t\t<\/div>\n\t\t\t\t<\/div>\n\t\t\t\t<div class=\"elementor-element elementor-element-8053da9 elementor-widget elementor-widget-text-editor\" data-id=\"8053da9\" data-element_type=\"widget\" data-widget_type=\"text-editor.default\">\n\t\t\t\t<div class=\"elementor-widget-container\">\n\t\t\t\t\t\t\t<p>N\u00e3o destinamos nenhum dos nossos produtos ou servi\u00e7os diretamente a crian\u00e7as com menos de 13 anos e n\u00e3o recolhemos intencionalmente informa\u00e7\u00f5es pessoais sobre crian\u00e7as com menos de 13 anos.<\/p>\t\t\t\t\t\t<\/div>\n\t\t\t\t<\/div>\n\t\t\t\t<div class=\"elementor-element elementor-element-62f6ede elementor-widget elementor-widget-heading\" data-id=\"62f6ede\" data-element_type=\"widget\" data-widget_type=\"heading.default\">\n\t\t\t\t<div class=\"elementor-widget-container\">\n\t\t\t<h2 class=\"elementor-heading-title elementor-size-default\">Transfer\u00eancias internacionais de informa\u00e7\u00f5es pessoais<\/h2>\t\t<\/div>\n\t\t\t\t<\/div>\n\t\t\t\t<div class=\"elementor-element elementor-element-69dfbf1 elementor-widget elementor-widget-text-editor\" data-id=\"69dfbf1\" data-element_type=\"widget\" data-widget_type=\"text-editor.default\">\n\t\t\t\t<div class=\"elementor-widget-container\">\n\t\t\t\t\t\t\t<p>As informa\u00e7\u00f5es pessoais que recolhemos s\u00e3o armazenadas e\/ou processadas nos locais onde n\u00f3s ou os nossos parceiros, afiliados e fornecedores terceiros mantemos instala\u00e7\u00f5es. Tenha em aten\u00e7\u00e3o que os locais para onde armazenamos, processamos ou transferimos as suas informa\u00e7\u00f5es pessoais podem n\u00e3o ter as mesmas leis de prote\u00e7\u00e3o de dados que o pa\u00eds onde inicialmente forneceu as informa\u00e7\u00f5es. Se transferirmos as suas informa\u00e7\u00f5es pessoais para terceiros noutros pa\u00edses: (i) efectuaremos essas transfer\u00eancias de acordo com os requisitos da lei aplic\u00e1vel; e (ii) protegeremos as informa\u00e7\u00f5es pessoais transferidas de acordo com esta pol\u00edtica de privacidade.<\/p>\t\t\t\t\t\t<\/div>\n\t\t\t\t<\/div>\n\t\t\t\t<div class=\"elementor-element elementor-element-facb91e elementor-widget elementor-widget-heading\" data-id=\"facb91e\" data-element_type=\"widget\" data-widget_type=\"heading.default\">\n\t\t\t\t<div class=\"elementor-widget-container\">\n\t\t\t<h2 class=\"elementor-heading-title elementor-size-default\">Os seus direitos e o controlo das suas informa\u00e7\u00f5es pessoais<\/h2>\t\t<\/div>\n\t\t\t\t<\/div>\n\t\t\t\t<div class=\"elementor-element elementor-element-c4f3baa elementor-widget elementor-widget-text-editor\" data-id=\"c4f3baa\" data-element_type=\"widget\" data-widget_type=\"text-editor.default\">\n\t\t\t\t<div class=\"elementor-widget-container\">\n\t\t\t\t\t\t\t<p>O utilizador tem sempre o direito de n\u00e3o nos fornecer informa\u00e7\u00f5es pessoais, tendo em conta que a sua experi\u00eancia no nosso s\u00edtio Web pode ser afetada. N\u00e3o discriminaremos o utilizador por exercer qualquer dos seus direitos sobre as suas informa\u00e7\u00f5es pessoais. Se nos fornecer informa\u00e7\u00f5es pessoais, compreende que as iremos recolher, guardar, utilizar e divulgar de acordo com esta pol\u00edtica de privacidade. O utilizador tem o direito de solicitar informa\u00e7\u00f5es pormenorizadas sobre quaisquer informa\u00e7\u00f5es pessoais que detenhamos a seu respeito.<\/p><p>Se recebermos informa\u00e7\u00f5es pessoais sobre o utilizador de um terceiro, proteg\u00ea-las-emos conforme estabelecido na presente pol\u00edtica de privacidade. Se for um terceiro a fornecer informa\u00e7\u00f5es pessoais sobre outra pessoa, o utilizador declara e garante que tem o consentimento dessa pessoa para nos fornecer as informa\u00e7\u00f5es pessoais.<\/p><p>Se tiver concordado anteriormente com a utiliza\u00e7\u00e3o das suas informa\u00e7\u00f5es pessoais para fins de marketing direto, pode mudar de opini\u00e3o em qualquer altura. Dar-lhe-emos a possibilidade de anular a subscri\u00e7\u00e3o da nossa base de dados de correio eletr\u00f3nico ou de optar por n\u00e3o receber comunica\u00e7\u00f5es. Tenha em aten\u00e7\u00e3o que poderemos ter de solicitar informa\u00e7\u00f5es espec\u00edficas ao utilizador para nos ajudar a confirmar a sua identidade.<\/p><p>Se considerar que as informa\u00e7\u00f5es que temos sobre si s\u00e3o inexactas, desactualizadas, incompletas, irrelevantes ou enganadoras, contacte-nos utilizando os dados fornecidos nesta pol\u00edtica de privacidade. Tomaremos medidas razo\u00e1veis para corrigir qualquer informa\u00e7\u00e3o considerada incorrecta, incompleta, enganosa ou desactualizada.<\/p><p>Se considerar que viol\u00e1mos uma lei de prote\u00e7\u00e3o de dados relevante e pretender apresentar uma queixa, contacte-nos utilizando os dados abaixo indicados e forne\u00e7a-nos todos os detalhes da alegada viola\u00e7\u00e3o. Investigaremos prontamente a sua queixa e responder-lhe-emos, por escrito, indicando o resultado da nossa investiga\u00e7\u00e3o e as medidas que tomaremos para lidar com a sua queixa. O utilizador tamb\u00e9m tem o direito de contactar um organismo regulador ou uma autoridade de prote\u00e7\u00e3o de dados em rela\u00e7\u00e3o \u00e0 sua queixa.<\/p>\t\t\t\t\t\t<\/div>\n\t\t\t\t<\/div>\n\t\t\t\t<div class=\"elementor-element elementor-element-38fd000 elementor-widget elementor-widget-heading\" data-id=\"38fd000\" data-element_type=\"widget\" data-widget_type=\"heading.default\">\n\t\t\t\t<div class=\"elementor-widget-container\">\n\t\t\t<h2 class=\"elementor-heading-title elementor-size-default\">Utiliza\u00e7\u00e3o de cookies<\/h2>\t\t<\/div>\n\t\t\t\t<\/div>\n\t\t\t\t<div class=\"elementor-element elementor-element-0b2ee7e elementor-widget elementor-widget-text-editor\" data-id=\"0b2ee7e\" data-element_type=\"widget\" data-widget_type=\"text-editor.default\">\n\t\t\t\t<div class=\"elementor-widget-container\">\n\t\t\t\t\t\t\t<p>Utilizamos \"cookies\" para recolher informa\u00e7\u00f5es sobre o utilizador e a sua atividade no nosso site. Um cookie \u00e9 um pequeno fragmento de dados que o nosso s\u00edtio Web armazena no seu computador e ao qual acede sempre que o visita, para que possamos compreender como utiliza o nosso s\u00edtio. Isto ajuda-nos a fornecer-lhe conte\u00fados com base nas prefer\u00eancias que especificou.<\/p>\t\t\t\t\t\t<\/div>\n\t\t\t\t<\/div>\n\t\t\t\t<div class=\"elementor-element elementor-element-c265f7e elementor-widget elementor-widget-heading\" data-id=\"c265f7e\" data-element_type=\"widget\" data-widget_type=\"heading.default\">\n\t\t\t\t<div class=\"elementor-widget-container\">\n\t\t\t<h2 class=\"elementor-heading-title elementor-size-default\">Limites da nossa pol\u00edtica<\/h2>\t\t<\/div>\n\t\t\t\t<\/div>\n\t\t\t\t<div class=\"elementor-element elementor-element-adf386c elementor-widget elementor-widget-text-editor\" data-id=\"adf386c\" data-element_type=\"widget\" data-widget_type=\"text-editor.default\">\n\t\t\t\t<div class=\"elementor-widget-container\">\n\t\t\t\t\t\t\t<p>O nosso s\u00edtio Web pode ter liga\u00e7\u00f5es a s\u00edtios externos que n\u00e3o s\u00e3o geridos por n\u00f3s. Tenha em aten\u00e7\u00e3o que n\u00e3o temos qualquer controlo sobre o conte\u00fado e as pol\u00edticas desses s\u00edtios e n\u00e3o podemos aceitar responsabilidade pelas respectivas pr\u00e1ticas de privacidade.<\/p>\t\t\t\t\t\t<\/div>\n\t\t\t\t<\/div>\n\t\t\t\t<div class=\"elementor-element elementor-element-f3183f3 elementor-widget elementor-widget-heading\" data-id=\"f3183f3\" data-element_type=\"widget\" data-widget_type=\"heading.default\">\n\t\t\t\t<div class=\"elementor-widget-container\">\n\t\t\t<h2 class=\"elementor-heading-title elementor-size-default\">Altera\u00e7\u00f5es a esta pol\u00edtica<\/h2>\t\t<\/div>\n\t\t\t\t<\/div>\n\t\t\t\t<div class=\"elementor-element elementor-element-4c1e2ec elementor-widget elementor-widget-text-editor\" data-id=\"4c1e2ec\" data-element_type=\"widget\" data-widget_type=\"text-editor.default\">\n\t\t\t\t<div class=\"elementor-widget-container\">\n\t\t\t\t\t\t\t<p>Se assim o entendermos, poderemos alterar a nossa pol\u00edtica de privacidade para refletir actualiza\u00e7\u00f5es dos nossos processos comerciais, pr\u00e1ticas actuais aceit\u00e1veis ou altera\u00e7\u00f5es legislativas ou regulamentares. Se decidirmos alterar esta pol\u00edtica de privacidade, publicaremos as altera\u00e7\u00f5es aqui, na mesma liga\u00e7\u00e3o atrav\u00e9s da qual est\u00e1 a aceder a esta pol\u00edtica de privacidade.<\/p><p>Se exigido por lei, obteremos a sua autoriza\u00e7\u00e3o ou dar-lhe-emos a oportunidade de optar por aceitar ou recusar, conforme aplic\u00e1vel, quaisquer novas utiliza\u00e7\u00f5es das suas informa\u00e7\u00f5es pessoais.<\/p>\t\t\t\t\t\t<\/div>\n\t\t\t\t<\/div>\n\t\t\t\t<div class=\"elementor-element elementor-element-3c2737a elementor-widget elementor-widget-heading\" data-id=\"3c2737a\" data-element_type=\"widget\" data-widget_type=\"heading.default\">\n\t\t\t\t<div class=\"elementor-widget-container\">\n\t\t\t<h2 class=\"elementor-heading-title elementor-size-default\">Contactar-nos<\/h2>\t\t<\/div>\n\t\t\t\t<\/div>\n\t\t\t\t<div class=\"elementor-element elementor-element-f1ee1f0 elementor-widget elementor-widget-text-editor\" data-id=\"f1ee1f0\" data-element_type=\"widget\" data-widget_type=\"text-editor.default\">\n\t\t\t\t<div class=\"elementor-widget-container\">\n\t\t\t\t\t\t\t<p>Para quaisquer quest\u00f5es ou preocupa\u00e7\u00f5es relativas \u00e0 sua privacidade, pode contactar-nos utilizando os seguintes dados:<\/p><p>Elena Zhang<\/p><p>elena@ecosmetictube.com<\/p>\t\t\t\t\t\t<\/div>\n\t\t\t\t<\/div>\n\t\t\t\t\t<\/div>\n\t\t<\/div>\n\t\t\t\t\t\t\t<\/div>\n\t\t<\/section>\n\t\t\t\t\t\t\t<\/div>","protected":false},"excerpt":{"rendered":"<p>Privacy Policy Your privacy is important to us. It is EcoGlam&#8217;s policy to respect your privacy and comply with any applicable law and regulation regarding any personal information we may collect about you, including across our website, https:\/\/ecosmetictube.com\/ and other sites we own and operate. This policy is updated at 6 Nov 2023. Information We [&hellip;]<\/p>","protected":false},"author":1,"featured_media":0,"parent":0,"menu_order":0,"comment_status":"closed","ping_status":"open","template":"","meta":[],"_links":{"self":[{"href":"https:\/\/ecosmetictube.com\/pt\/wp-json\/wp\/v2\/pages\/3"}],"collection":[{"href":"https:\/\/ecosmetictube.com\/pt\/wp-json\/wp\/v2\/pages"}],"about":[{"href":"https:\/\/ecosmetictube.com\/pt\/wp-json\/wp\/v2\/types\/page"}],"author":[{"embeddable":true,"href":"https:\/\/ecosmetictube.com\/pt\/wp-json\/wp\/v2\/users\/1"}],"replies":[{"embeddable":true,"href":"https:\/\/ecosmetictube.com\/pt\/wp-json\/wp\/v2\/comments?post=3"}],"version-history":[{"count":25,"href":"https:\/\/ecosmetictube.com\/pt\/wp-json\/wp\/v2\/pages\/3\/revisions"}],"predecessor-version":[{"id":2549,"href":"https:\/\/ecosmetictube.com\/pt\/wp-json\/wp\/v2\/pages\/3\/revisions\/2549"}],"wp:attachment":[{"href":"https:\/\/ecosmetictube.com\/pt\/wp-json\/wp\/v2\/media?parent=3"}],"curies":[{"name":"wp","href":"https:\/\/api.w.org\/{rel}","templated":true}]}}