{"id":1603,"date":"2023-11-30T09:52:37","date_gmt":"2023-11-30T01:52:37","guid":{"rendered":"https:\/\/ecosmetictube.com\/?page_id=1603"},"modified":"2023-12-27T11:08:41","modified_gmt":"2023-12-27T03:08:41","slug":"terms-conditions","status":"publish","type":"page","link":"https:\/\/ecosmetictube.com\/pt\/terms-conditions\/","title":{"rendered":"Termos e condi\u00e7\u00f5es"},"content":{"rendered":"<div data-elementor-type=\"wp-page\" data-elementor-id=\"1603\" class=\"elementor elementor-1603\">\n\t\t\t\t\t\t\t\t\t<section class=\"elementor-section elementor-top-section elementor-element elementor-element-92ab02b elementor-section-boxed elementor-section-height-default elementor-section-height-default\" data-id=\"92ab02b\" data-element_type=\"section\" data-settings=\"{&quot;background_background&quot;:&quot;classic&quot;}\">\n\t\t\t\t\t\t<div class=\"elementor-container elementor-column-gap-default\">\n\t\t\t\t\t<div class=\"elementor-column elementor-col-100 elementor-top-column elementor-element elementor-element-b33dc8b\" data-id=\"b33dc8b\" data-element_type=\"column\" data-settings=\"{&quot;background_background&quot;:&quot;classic&quot;}\">\n\t\t\t<div class=\"elementor-widget-wrap elementor-element-populated\">\n\t\t\t\t\t\t\t\t<div class=\"elementor-element elementor-element-85fa734 elementor-widget elementor-widget-heading\" data-id=\"85fa734\" data-element_type=\"widget\" data-widget_type=\"heading.default\">\n\t\t\t\t<div class=\"elementor-widget-container\">\n\t\t\t<style>\/*! elementor - v3.9.0 - 06-12-2022 *\/\n.elementor-heading-title{padding:0;margin:0;line-height:1}.elementor-widget-heading .elementor-heading-title[class*=elementor-size-]>a{color:inherit;font-size:inherit;line-height:inherit}.elementor-widget-heading .elementor-heading-title.elementor-size-small{font-size:15px}.elementor-widget-heading .elementor-heading-title.elementor-size-medium{font-size:19px}.elementor-widget-heading .elementor-heading-title.elementor-size-large{font-size:29px}.elementor-widget-heading .elementor-heading-title.elementor-size-xl{font-size:39px}.elementor-widget-heading .elementor-heading-title.elementor-size-xxl{font-size:59px}<\/style><h1 class=\"elementor-heading-title elementor-size-default\">Termos e condi\u00e7\u00f5es<\/h1>\t\t<\/div>\n\t\t\t\t<\/div>\n\t\t\t\t<div class=\"elementor-element elementor-element-ebd55bb elementor-widget elementor-widget-text-editor\" data-id=\"ebd55bb\" data-element_type=\"widget\" data-widget_type=\"text-editor.default\">\n\t\t\t\t<div class=\"elementor-widget-container\">\n\t\t\t<style>\/*! elementor - v3.9.0 - 06-12-2022 *\/\n.elementor-widget-text-editor.elementor-drop-cap-view-stacked .elementor-drop-cap{background-color:#818a91;color:#fff}.elementor-widget-text-editor.elementor-drop-cap-view-framed .elementor-drop-cap{color:#818a91;border:3px solid;background-color:transparent}.elementor-widget-text-editor:not(.elementor-drop-cap-view-default) .elementor-drop-cap{margin-top:8px}.elementor-widget-text-editor:not(.elementor-drop-cap-view-default) .elementor-drop-cap-letter{width:1em;height:1em}.elementor-widget-text-editor .elementor-drop-cap{float:left;text-align:center;line-height:1;font-size:50px}.elementor-widget-text-editor .elementor-drop-cap-letter{display:inline-block}<\/style>\t\t\t\t<p>Bem-vindo \u00e0 EcoGlam!<\/p><p>Estes termos e condi\u00e7\u00f5es descrevem as regras e regulamentos para a utiliza\u00e7\u00e3o do s\u00edtio Web da EcoGlam, localizado em https:\/\/ecosmetictube.com\/.<\/p><p>Ao aceder a este site, assumimos que aceita estes termos e condi\u00e7\u00f5es. N\u00e3o continue a utilizar a EcoGlam se n\u00e3o concordar com todos os termos e condi\u00e7\u00f5es indicados nesta p\u00e1gina.<\/p>\t\t\t\t\t\t<\/div>\n\t\t\t\t<\/div>\n\t\t\t\t<div class=\"elementor-element elementor-element-987e91e elementor-widget elementor-widget-heading\" data-id=\"987e91e\" data-element_type=\"widget\" data-widget_type=\"heading.default\">\n\t\t\t\t<div class=\"elementor-widget-container\">\n\t\t\t<h2 class=\"elementor-heading-title elementor-size-default\">Cookies:<\/h2>\t\t<\/div>\n\t\t\t\t<\/div>\n\t\t\t\t<div class=\"elementor-element elementor-element-8d6c3df elementor-widget elementor-widget-text-editor\" data-id=\"8d6c3df\" data-element_type=\"widget\" data-widget_type=\"text-editor.default\">\n\t\t\t\t<div class=\"elementor-widget-container\">\n\t\t\t\t\t\t\t<p>O s\u00edtio Web utiliza cookies para ajudar a personalizar a sua experi\u00eancia online. Ao aceder ao EcoGlam, concorda com a utiliza\u00e7\u00e3o dos cookies necess\u00e1rios.<\/p><p>Um cookie \u00e9 um ficheiro de texto que \u00e9 colocado no seu disco r\u00edgido por um servidor de p\u00e1ginas Web. Os cookies n\u00e3o podem ser utilizados para executar programas ou introduzir v\u00edrus no seu computador. Os cookies s\u00e3o atribu\u00eddos exclusivamente ao utilizador e s\u00f3 podem ser lidos por um servidor Web no dom\u00ednio que emitiu o cookie para o utilizador.<\/p><p>Podemos utilizar cookies para recolher, armazenar e rastrear informa\u00e7\u00f5es para fins estat\u00edsticos ou de marketing para operar o nosso s\u00edtio Web. O utilizador tem a possibilidade de aceitar ou recusar Cookies opcionais. Existem alguns cookies obrigat\u00f3rios que s\u00e3o necess\u00e1rios para o funcionamento do nosso s\u00edtio Web. Estes cookies n\u00e3o requerem o seu consentimento, uma vez que funcionam sempre. Tenha em aten\u00e7\u00e3o que, ao aceitar os cookies necess\u00e1rios, tamb\u00e9m aceita cookies de terceiros, que podem ser utilizados atrav\u00e9s de servi\u00e7os fornecidos por terceiros se utilizar esses servi\u00e7os no nosso s\u00edtio Web, por exemplo, uma janela de visualiza\u00e7\u00e3o de v\u00eddeo fornecida por terceiros e integrada no nosso s\u00edtio Web.<\/p>\t\t\t\t\t\t<\/div>\n\t\t\t\t<\/div>\n\t\t\t\t<div class=\"elementor-element elementor-element-4103f51 elementor-widget elementor-widget-heading\" data-id=\"4103f51\" data-element_type=\"widget\" data-widget_type=\"heading.default\">\n\t\t\t\t<div class=\"elementor-widget-container\">\n\t\t\t<h2 class=\"elementor-heading-title elementor-size-default\">Licen\u00e7a:<\/h2>\t\t<\/div>\n\t\t\t\t<\/div>\n\t\t\t\t<div class=\"elementor-element elementor-element-9b0f57a elementor-widget elementor-widget-text-editor\" data-id=\"9b0f57a\" data-element_type=\"widget\" data-widget_type=\"text-editor.default\">\n\t\t\t\t<div class=\"elementor-widget-container\">\n\t\t\t\t\t\t\t<p>Salvo indica\u00e7\u00e3o em contr\u00e1rio, a EcoGlam Packaging Co., Ltd e\/ou os seus licenciantes det\u00eam os direitos de propriedade intelectual de todo o material do EcoGlam. Todos os direitos de propriedade intelectual s\u00e3o reservados. O utilizador pode aceder a este material da EcoGlam para seu uso pessoal, sujeito \u00e0s restri\u00e7\u00f5es estabelecidas nestes termos e condi\u00e7\u00f5es.<\/p>\t\t\t\t\t\t<\/div>\n\t\t\t\t<\/div>\n\t\t\t\t<div class=\"elementor-element elementor-element-f654185 elementor-widget elementor-widget-text-editor\" data-id=\"f654185\" data-element_type=\"widget\" data-widget_type=\"text-editor.default\">\n\t\t\t\t<div class=\"elementor-widget-container\">\n\t\t\t\t\t\t\t<p>N\u00e3o pode:\u00a0<\/p><p>\u00a0 \u00a0 \u00a0Copiar ou republicar material do EcoGlam<\/p><p>\u00a0 \u00a0 \u00a0Vender, alugar ou sublicenciar material do EcoGlam<\/p><p>\u00a0 \u00a0 \u00a0Reproduzir, duplicar ou copiar material do EcoGlam<\/p><p>\u00a0 \u00a0 \u00a0Redistribuir conte\u00fado do EcoGlam<\/p><p>O presente acordo tem in\u00edcio na data do mesmo.<\/p><p>Partes deste site oferecem aos utilizadores a oportunidade de publicar e trocar opini\u00f5es e informa\u00e7\u00f5es em determinadas \u00e1reas do site. A EcoGlam Packaging Co.Ltd n\u00e3o filtra, edita, publica ou rev\u00ea os Coment\u00e1rios antes da sua presen\u00e7a no site. Os coment\u00e1rios n\u00e3o reflectem os pontos de vista e opini\u00f5es da EcoGlam Packaging Co.Ltd, dos seus agentes e\/ou afiliados. Os coment\u00e1rios reflectem os pontos de vista e opini\u00f5es da pessoa que os publica. Na medida do permitido pelas leis aplic\u00e1veis, a EcoGlam Packaging Co.Ltd n\u00e3o ser\u00e1 respons\u00e1vel pelos Coment\u00e1rios ou por qualquer responsabilidade, danos ou despesas causados e\/ou sofridos como resultado de qualquer uso e\/ou publica\u00e7\u00e3o e\/ou aparecimento dos Coment\u00e1rios neste site.<\/p><p>A EcoGlam Packaging Co.Ltd reserva-se o direito de monitorizar todos os Coment\u00e1rios e de remover quaisquer Coment\u00e1rios que possam ser considerados inapropriados, ofensivos ou que violem estes Termos e Condi\u00e7\u00f5es.<\/p>\t\t\t\t\t\t<\/div>\n\t\t\t\t<\/div>\n\t\t\t\t<div class=\"elementor-element elementor-element-88a93f4 elementor-widget elementor-widget-text-editor\" data-id=\"88a93f4\" data-element_type=\"widget\" data-widget_type=\"text-editor.default\">\n\t\t\t\t<div class=\"elementor-widget-container\">\n\t\t\t\t\t\t\t<p>O utilizador garante e declara que:<\/p><p>\u00a0 \u00a0 \u00a0O utilizador tem o direito de publicar os Coment\u00e1rios no nosso s\u00edtio Web e possui todas as licen\u00e7as e autoriza\u00e7\u00f5es necess\u00e1rias para o fazer;<\/p><p>\u00a0 \u00a0 \u00a0Os Coment\u00e1rios n\u00e3o invadem qualquer direito de propriedade intelectual, incluindo, sem limita\u00e7\u00e3o, direitos de autor, patentes ou marcas registadas de terceiros;<\/p><p>\u00a0 \u00a0 \u00a0Os Coment\u00e1rios n\u00e3o cont\u00eam qualquer material difamat\u00f3rio, calunioso, ofensivo, indecente ou de outra forma ilegal, que constitua uma invas\u00e3o de privacidade.<\/p><p>\u00a0 \u00a0 \u00a0Os Coment\u00e1rios n\u00e3o ser\u00e3o utilizados para solicitar ou promover neg\u00f3cios ou costumes ou apresentar actividades comerciais ou actividades ilegais.<\/p><p>Por este meio, o utilizador concede \u00e0 EcoGlam Packaging Co.Ltd uma licen\u00e7a n\u00e3o exclusiva para utilizar, reproduzir, editar e autorizar outros a utilizar, reproduzir e editar qualquer um dos seus Coment\u00e1rios em todas e quaisquer formas, formatos ou meios.<\/p>\t\t\t\t\t\t<\/div>\n\t\t\t\t<\/div>\n\t\t\t\t<div class=\"elementor-element elementor-element-79279a2 elementor-widget elementor-widget-heading\" data-id=\"79279a2\" data-element_type=\"widget\" data-widget_type=\"heading.default\">\n\t\t\t\t<div class=\"elementor-widget-container\">\n\t\t\t<h2 class=\"elementor-heading-title elementor-size-default\">Hiperliga\u00e7\u00e3o ao nosso Conte\u00fado:<\/h2>\t\t<\/div>\n\t\t\t\t<\/div>\n\t\t\t\t<div class=\"elementor-element elementor-element-487b672 elementor-widget elementor-widget-text-editor\" data-id=\"487b672\" data-element_type=\"widget\" data-widget_type=\"text-editor.default\">\n\t\t\t\t<div class=\"elementor-widget-container\">\n\t\t\t\t\t\t\t<p>As seguintes organiza\u00e7\u00f5es podem estabelecer liga\u00e7\u00f5es ao nosso s\u00edtio Web sem autoriza\u00e7\u00e3o pr\u00e9via por escrito:<\/p><p>\u00a0 \u00a0 \u00a0Ag\u00eancias governamentais;<\/p><p>\u00a0 \u00a0 \u00a0Motores de pesquisa;<\/p><p>\u00a0 \u00a0 \u00a0Organiza\u00e7\u00f5es noticiosas;<\/p><p>\u00a0 \u00a0 \u00a0Os distribuidores de direct\u00f3rios online podem ligar ao nosso s\u00edtio Web da mesma forma que fazem hiperliga\u00e7\u00f5es para os s\u00edtios Web de outras empresas listadas; e<\/p><p>\u00a0 \u00a0 \u00a0Empresas acreditadas em todo o sistema, exceto organiza\u00e7\u00f5es sem fins lucrativos, centros comerciais de benefic\u00eancia e grupos de angaria\u00e7\u00e3o de fundos de benefic\u00eancia que n\u00e3o podem estabelecer hiperliga\u00e7\u00f5es para o nosso Web site.<\/p><p>Estas organiza\u00e7\u00f5es podem estabelecer liga\u00e7\u00f5es \u00e0 nossa p\u00e1gina inicial, a publica\u00e7\u00f5es ou a outras informa\u00e7\u00f5es do s\u00edtio Web, desde que a liga\u00e7\u00e3o (a) n\u00e3o seja de forma alguma enganadora; (b) n\u00e3o implique falsamente o patroc\u00ednio, o endosso ou a aprova\u00e7\u00e3o da parte que estabelece a liga\u00e7\u00e3o e dos seus produtos e\/ou servi\u00e7os; e (c) se enquadre no contexto do s\u00edtio da parte que estabelece a liga\u00e7\u00e3o.<\/p><p>Podemos considerar e aprovar outros pedidos de liga\u00e7\u00e3o dos seguintes tipos de organiza\u00e7\u00f5es:<\/p><p>\u00a0 \u00a0 \u00a0Fontes de informa\u00e7\u00e3o comuns aos consumidores e\/ou \u00e0s empresas;<\/p><p>\u00a0 \u00a0 \u00a0S\u00edtios comunit\u00e1rios dot.com;<\/p><p>\u00a0 \u00a0 \u00a0\u25cf associa\u00e7\u00f5es ou outros grupos que representem institui\u00e7\u00f5es de solidariedade social;<\/p><p>\u00a0 \u00a0 \u00a0\u25cf distribuidores de direct\u00f3rios em linha;<\/p><p>\u00a0 \u00a0 \u00a0portais de Internet;<\/p><p>\u00a0 \u00a0 \u00a0Empresas de contabilidade, advocacia e consultoria; e<\/p><p>\u00a0 \u00a0 \u00a0Institui\u00e7\u00f5es de ensino e associa\u00e7\u00f5es comerciais.<\/p><p>Aprovaremos os pedidos de hiperliga\u00e7\u00e3o destas organiza\u00e7\u00f5es se decidirmos que: (a) a hiperliga\u00e7\u00e3o n\u00e3o nos far\u00e1 ter uma imagem desfavor\u00e1vel de n\u00f3s pr\u00f3prios ou das nossas empresas acreditadas; (b) a organiza\u00e7\u00e3o n\u00e3o tem quaisquer registos negativos connosco; (c) o benef\u00edcio para n\u00f3s da visibilidade da hiperliga\u00e7\u00e3o compensa a aus\u00eancia da EcoGlam Packaging Co.Ltd; e (d) a hiperliga\u00e7\u00e3o est\u00e1 no contexto de informa\u00e7\u00e3o geral de recursos.<\/p><p>Estas organiza\u00e7\u00f5es podem estabelecer uma liga\u00e7\u00e3o \u00e0 nossa p\u00e1gina inicial, desde que essa liga\u00e7\u00e3o (a) n\u00e3o seja de forma alguma enganadora; (b) n\u00e3o implique falsamente o patroc\u00ednio, o endosso ou a aprova\u00e7\u00e3o da parte que estabelece a liga\u00e7\u00e3o e dos seus produtos ou servi\u00e7os; e (c) se enquadre no contexto do s\u00edtio da parte que estabelece a liga\u00e7\u00e3o.<\/p><p>Se \u00e9 uma das organiza\u00e7\u00f5es listadas no par\u00e1grafo 2 acima e est\u00e1 interessado em estabelecer uma liga\u00e7\u00e3o ao nosso site, deve informar-nos enviando um e-mail para EcoGlam Packaging Co.Ltd. Inclua o seu nome, o nome da sua organiza\u00e7\u00e3o, informa\u00e7\u00f5es de contacto, bem como o URL do seu site, uma lista de quaisquer URLs a partir dos quais pretende estabelecer uma liga\u00e7\u00e3o ao nosso site e uma lista dos URLs no nosso site aos quais gostaria de estabelecer uma liga\u00e7\u00e3o. Aguarde 2-3 semanas por uma resposta.<\/p><p>As organiza\u00e7\u00f5es aprovadas podem criar hiperliga\u00e7\u00f5es para o nosso s\u00edtio Web da seguinte forma:<\/p><p>\u00a0 \u00a0 \u00a0\u25cf Atrav\u00e9s da utiliza\u00e7\u00e3o da nossa denomina\u00e7\u00e3o social; ou<\/p><p>\u00a0 \u00a0 \u00a0Atrav\u00e9s da utiliza\u00e7\u00e3o do localizador uniforme de recursos que est\u00e1 a ser ligado; ou<\/p><p>\u00a0 \u00a0 \u00a0Utilizar qualquer outra descri\u00e7\u00e3o do nosso Web site que esteja a ser ligado e que fa\u00e7a sentido no contexto e formato do conte\u00fado do site da parte que est\u00e1 a ligar.<\/p><p>N\u00e3o ser\u00e1 permitida a utiliza\u00e7\u00e3o do log\u00f3tipo da EcoGlam Packaging Co.Ltd ou de outro trabalho art\u00edstico para liga\u00e7\u00e3o sem um acordo de licen\u00e7a de marca registada.<\/p>\t\t\t\t\t\t<\/div>\n\t\t\t\t<\/div>\n\t\t\t\t<div class=\"elementor-element elementor-element-d1a01da elementor-widget elementor-widget-heading\" data-id=\"d1a01da\" data-element_type=\"widget\" data-widget_type=\"heading.default\">\n\t\t\t\t<div class=\"elementor-widget-container\">\n\t\t\t<h2 class=\"elementor-heading-title elementor-size-default\">Responsabilidade pelo conte\u00fado:<\/h2>\t\t<\/div>\n\t\t\t\t<\/div>\n\t\t\t\t<div class=\"elementor-element elementor-element-d859e0e elementor-widget elementor-widget-text-editor\" data-id=\"d859e0e\" data-element_type=\"widget\" data-widget_type=\"text-editor.default\">\n\t\t\t\t<div class=\"elementor-widget-container\">\n\t\t\t\t\t\t\t<p>N\u00e3o podemos ser responsabilizados por qualquer conte\u00fado que apare\u00e7a no seu s\u00edtio Web. O utilizador concorda em proteger-nos e defender-nos contra todas as queixas apresentadas no seu s\u00edtio Web. N\u00e3o devem aparecer liga\u00e7\u00f5es em nenhum s\u00edtio Web que possam ser interpretadas como difamat\u00f3rias, obscenas ou criminosas, ou que infrinjam, violem ou defendam a infra\u00e7\u00e3o ou outra viola\u00e7\u00e3o de quaisquer direitos de terceiros.<\/p>\t\t\t\t\t\t<\/div>\n\t\t\t\t<\/div>\n\t\t\t\t<div class=\"elementor-element elementor-element-e487235 elementor-widget elementor-widget-heading\" data-id=\"e487235\" data-element_type=\"widget\" data-widget_type=\"heading.default\">\n\t\t\t\t<div class=\"elementor-widget-container\">\n\t\t\t<h2 class=\"elementor-heading-title elementor-size-default\">Reserva de direitos:<\/h2>\t\t<\/div>\n\t\t\t\t<\/div>\n\t\t\t\t<div class=\"elementor-element elementor-element-882df16 elementor-widget elementor-widget-text-editor\" data-id=\"882df16\" data-element_type=\"widget\" data-widget_type=\"text-editor.default\">\n\t\t\t\t<div class=\"elementor-widget-container\">\n\t\t\t\t\t\t\t<p>Reservamo-nos o direito de solicitar a remo\u00e7\u00e3o de todas as liga\u00e7\u00f5es ou de qualquer liga\u00e7\u00e3o espec\u00edfica ao nosso s\u00edtio Web. O utilizador aprova a remo\u00e7\u00e3o imediata de todas as hiperliga\u00e7\u00f5es para o nosso s\u00edtio Web mediante pedido. Tamb\u00e9m nos reservamos o direito de alterar estes termos e condi\u00e7\u00f5es e a sua pol\u00edtica de liga\u00e7\u00e3o em qualquer altura. Ao estabelecer continuamente uma liga\u00e7\u00e3o ao nosso s\u00edtio Web, o utilizador concorda em respeitar e seguir os presentes termos e condi\u00e7\u00f5es de liga\u00e7\u00e3o.<\/p>\t\t\t\t\t\t<\/div>\n\t\t\t\t<\/div>\n\t\t\t\t<div class=\"elementor-element elementor-element-b6f0c9b elementor-widget elementor-widget-heading\" data-id=\"b6f0c9b\" data-element_type=\"widget\" data-widget_type=\"heading.default\">\n\t\t\t\t<div class=\"elementor-widget-container\">\n\t\t\t<h2 class=\"elementor-heading-title elementor-size-default\">Remo\u00e7\u00e3o de liga\u00e7\u00f5es do nosso s\u00edtio Web:<\/h2>\t\t<\/div>\n\t\t\t\t<\/div>\n\t\t\t\t<div class=\"elementor-element elementor-element-fa2c538 elementor-widget elementor-widget-text-editor\" data-id=\"fa2c538\" data-element_type=\"widget\" data-widget_type=\"text-editor.default\">\n\t\t\t\t<div class=\"elementor-widget-container\">\n\t\t\t\t\t\t\t<p>Se encontrar uma hiperliga\u00e7\u00e3o no nosso s\u00edtio Web que seja ofensiva por qualquer motivo, pode contactar-nos e informar-nos a qualquer momento. Teremos em considera\u00e7\u00e3o os pedidos de remo\u00e7\u00e3o de liga\u00e7\u00f5es, mas n\u00e3o somos obrigados a faz\u00ea-lo ou a responder-lhe diretamente.<\/p><p>N\u00e3o garantimos que as informa\u00e7\u00f5es contidas neste s\u00edtio Web estejam correctas. N\u00e3o garantimos a sua integridade ou exatid\u00e3o, nem prometemos assegurar que o s\u00edtio Web permanece dispon\u00edvel ou que o material no s\u00edtio Web \u00e9 mantido atualizado.<\/p>\t\t\t\t\t\t<\/div>\n\t\t\t\t<\/div>\n\t\t\t\t<div class=\"elementor-element elementor-element-0554749 elementor-widget elementor-widget-heading\" data-id=\"0554749\" data-element_type=\"widget\" data-widget_type=\"heading.default\">\n\t\t\t\t<div class=\"elementor-widget-container\">\n\t\t\t<h2 class=\"elementor-heading-title elementor-size-default\">Exonera\u00e7\u00e3o de responsabilidade:<\/h2>\t\t<\/div>\n\t\t\t\t<\/div>\n\t\t\t\t<div class=\"elementor-element elementor-element-6017c33 elementor-widget elementor-widget-text-editor\" data-id=\"6017c33\" data-element_type=\"widget\" data-widget_type=\"text-editor.default\">\n\t\t\t\t<div class=\"elementor-widget-container\">\n\t\t\t\t\t\t\t<p>Na medida m\u00e1xima permitida pela legisla\u00e7\u00e3o aplic\u00e1vel, exclu\u00edmos todas as representa\u00e7\u00f5es, garantias e condi\u00e7\u00f5es relacionadas com o nosso s\u00edtio Web e a utiliza\u00e7\u00e3o do mesmo. Nada nesta declara\u00e7\u00e3o de exonera\u00e7\u00e3o de responsabilidade ser\u00e1:<\/p><p>\u00a0 \u00a0 \u00a0limitar ou excluir a nossa ou a sua responsabilidade por morte ou danos pessoais;<\/p><p>\u00a0 \u00a0 \u00a0Limitar ou excluir a nossa ou a sua responsabilidade por fraude ou deturpa\u00e7\u00e3o fraudulenta;<\/p><p>\u00a0 \u00a0 \u00a0limitar qualquer uma das nossas ou das suas responsabilidades de qualquer forma que n\u00e3o seja permitida pela lei aplic\u00e1vel; ou<\/p><p>\u00a0 \u00a0 \u00a0\u25cf excluir qualquer responsabilidade nossa ou vossa que n\u00e3o possa ser exclu\u00edda ao abrigo da legisla\u00e7\u00e3o aplic\u00e1vel.<\/p><p>As limita\u00e7\u00f5es e proibi\u00e7\u00f5es de responsabilidade estabelecidas nesta sec\u00e7\u00e3o e noutras partes da presente declara\u00e7\u00e3o de exonera\u00e7\u00e3o de responsabilidade: (a) est\u00e3o sujeitas ao par\u00e1grafo anterior; e (b) regem todas as responsabilidades decorrentes da declara\u00e7\u00e3o de exonera\u00e7\u00e3o de responsabilidade, incluindo as responsabilidades decorrentes de contrato, de delito e de viola\u00e7\u00e3o de deveres legais.<\/p><p>Enquanto o s\u00edtio Web e as informa\u00e7\u00f5es e servi\u00e7os nele contidos forem fornecidos gratuitamente, n\u00e3o seremos respons\u00e1veis por quaisquer perdas ou danos de qualquer natureza.<\/p>\t\t\t\t\t\t<\/div>\n\t\t\t\t<\/div>\n\t\t\t\t<div class=\"elementor-element elementor-element-d7599d6 elementor-widget elementor-widget-heading\" data-id=\"d7599d6\" data-element_type=\"widget\" data-widget_type=\"heading.default\">\n\t\t\t\t<div class=\"elementor-widget-container\">\n\t\t\t<h2 class=\"elementor-heading-title elementor-size-default\">Contactar-nos<\/h2>\t\t<\/div>\n\t\t\t\t<\/div>\n\t\t\t\t<div class=\"elementor-element elementor-element-e39fbd6 elementor-widget elementor-widget-text-editor\" data-id=\"e39fbd6\" data-element_type=\"widget\" data-widget_type=\"text-editor.default\">\n\t\t\t\t<div class=\"elementor-widget-container\">\n\t\t\t\t\t\t\t<p>Para quaisquer quest\u00f5es ou d\u00favidas relativas aos nossos Termos e Condi\u00e7\u00f5es, pode contactar-nos utilizando os seguintes dados:<\/p><p>Elena Zhang<\/p><p>elena@ecosmetictube.com<\/p>\t\t\t\t\t\t<\/div>\n\t\t\t\t<\/div>\n\t\t\t\t\t<\/div>\n\t\t<\/div>\n\t\t\t\t\t\t\t<\/div>\n\t\t<\/section>\n\t\t\t\t\t\t\t<\/div>","protected":false},"excerpt":{"rendered":"<p>Terms &#038; Conditions Welcome to EcoGlam! These terms and conditions outline the rules and regulations for the use of EcoGlam\u2019s Website, located at https:\/\/ecosmetictube.com\/. By accessing this website, we assume you accept these terms and conditions. Do not continue to use EcoGlam\u00a0if you do not agree to take all of the terms and conditions stated [&hellip;]<\/p>","protected":false},"author":1,"featured_media":0,"parent":0,"menu_order":0,"comment_status":"closed","ping_status":"closed","template":"","meta":[],"_links":{"self":[{"href":"https:\/\/ecosmetictube.com\/pt\/wp-json\/wp\/v2\/pages\/1603"}],"collection":[{"href":"https:\/\/ecosmetictube.com\/pt\/wp-json\/wp\/v2\/pages"}],"about":[{"href":"https:\/\/ecosmetictube.com\/pt\/wp-json\/wp\/v2\/types\/page"}],"author":[{"embeddable":true,"href":"https:\/\/ecosmetictube.com\/pt\/wp-json\/wp\/v2\/users\/1"}],"replies":[{"embeddable":true,"href":"https:\/\/ecosmetictube.com\/pt\/wp-json\/wp\/v2\/comments?post=1603"}],"version-history":[{"count":15,"href":"https:\/\/ecosmetictube.com\/pt\/wp-json\/wp\/v2\/pages\/1603\/revisions"}],"predecessor-version":[{"id":2553,"href":"https:\/\/ecosmetictube.com\/pt\/wp-json\/wp\/v2\/pages\/1603\/revisions\/2553"}],"wp:attachment":[{"href":"https:\/\/ecosmetictube.com\/pt\/wp-json\/wp\/v2\/media?parent=1603"}],"curies":[{"name":"wp","href":"https:\/\/api.w.org\/{rel}","templated":true}]}}