{"id":1374,"date":"2023-11-27T16:10:15","date_gmt":"2023-11-27T08:10:15","guid":{"rendered":"https:\/\/ecosmetictube.com\/?post_type=product&#038;p=1374"},"modified":"2023-11-27T16:11:12","modified_gmt":"2023-11-27T08:11:12","slug":"80ml-empty-aluminum-cosmetic-tube-high-end-skincare-hand-cream-tubes-packaging","status":"publish","type":"product","link":"https:\/\/ecosmetictube.com\/fr\/produit\/80ml-empty-aluminum-cosmetic-tube-high-end-skincare-hand-cream-tubes-packaging\/","title":{"rendered":"80ml Tube cosm\u00e9tique vide en aluminium Emballage de tubes de cr\u00e8me \u00e0 main pour soins de la peau haut de gamme"},"content":{"rendered":"","protected":false},"excerpt":{"rendered":"","protected":false},"featured_media":1375,"comment_status":"open","ping_status":"closed","template":"","meta":[],"product_cat":[39],"product_tag":[40,71,46],"_links":{"self":[{"href":"https:\/\/ecosmetictube.com\/fr\/wp-json\/wp\/v2\/product\/1374"}],"collection":[{"href":"https:\/\/ecosmetictube.com\/fr\/wp-json\/wp\/v2\/product"}],"about":[{"href":"https:\/\/ecosmetictube.com\/fr\/wp-json\/wp\/v2\/types\/product"}],"replies":[{"embeddable":true,"href":"https:\/\/ecosmetictube.com\/fr\/wp-json\/wp\/v2\/comments?post=1374"}],"wp:featuredmedia":[{"embeddable":true,"href":"https:\/\/ecosmetictube.com\/fr\/wp-json\/wp\/v2\/media\/1375"}],"wp:attachment":[{"href":"https:\/\/ecosmetictube.com\/fr\/wp-json\/wp\/v2\/media?parent=1374"}],"wp:term":[{"taxonomy":"product_cat","embeddable":true,"href":"https:\/\/ecosmetictube.com\/fr\/wp-json\/wp\/v2\/product_cat?post=1374"},{"taxonomy":"product_tag","embeddable":true,"href":"https:\/\/ecosmetictube.com\/fr\/wp-json\/wp\/v2\/product_tag?post=1374"}],"curies":[{"name":"wp","href":"https:\/\/api.w.org\/{rel}","templated":true}]}}