{"id":1168,"date":"2023-11-27T11:29:51","date_gmt":"2023-11-27T03:29:51","guid":{"rendered":"https:\/\/ecosmetictube.com\/?post_type=product&#038;p=1168"},"modified":"2024-03-01T17:47:33","modified_gmt":"2024-03-01T09:47:33","slug":"oem-empty-hand-cream-tube-with-arc-shaped-tail-sealing-and-cute-bakelite-screw-cap","status":"publish","type":"product","link":"https:\/\/ecosmetictube.com\/fr\/produit\/oem-empty-hand-cream-tube-with-arc-shaped-tail-sealing-and-cute-bakelite-screw-cap\/","title":{"rendered":"OEM Tube vide de cr\u00e8me pour les mains avec queue en forme d'arc et bouchon \u00e0 vis en bak\u00e9lite"},"content":{"rendered":"","protected":false},"excerpt":{"rendered":"","protected":false},"featured_media":2761,"comment_status":"open","ping_status":"closed","template":"","meta":[],"product_cat":[23],"product_tag":[24,56,46],"_links":{"self":[{"href":"https:\/\/ecosmetictube.com\/fr\/wp-json\/wp\/v2\/product\/1168"}],"collection":[{"href":"https:\/\/ecosmetictube.com\/fr\/wp-json\/wp\/v2\/product"}],"about":[{"href":"https:\/\/ecosmetictube.com\/fr\/wp-json\/wp\/v2\/types\/product"}],"replies":[{"embeddable":true,"href":"https:\/\/ecosmetictube.com\/fr\/wp-json\/wp\/v2\/comments?post=1168"}],"wp:featuredmedia":[{"embeddable":true,"href":"https:\/\/ecosmetictube.com\/fr\/wp-json\/wp\/v2\/media\/2761"}],"wp:attachment":[{"href":"https:\/\/ecosmetictube.com\/fr\/wp-json\/wp\/v2\/media?parent=1168"}],"wp:term":[{"taxonomy":"product_cat","embeddable":true,"href":"https:\/\/ecosmetictube.com\/fr\/wp-json\/wp\/v2\/product_cat?post=1168"},{"taxonomy":"product_tag","embeddable":true,"href":"https:\/\/ecosmetictube.com\/fr\/wp-json\/wp\/v2\/product_tag?post=1168"}],"curies":[{"name":"wp","href":"https:\/\/api.w.org\/{rel}","templated":true}]}}