{"id":3,"date":"2022-12-09T02:58:43","date_gmt":"2022-12-09T02:58:43","guid":{"rendered":"http:\/\/ecosmetictube.com\/?page_id=3"},"modified":"2023-12-27T11:01:06","modified_gmt":"2023-12-27T03:01:06","slug":"privacy-policy","status":"publish","type":"page","link":"https:\/\/ecosmetictube.com\/fr\/privacy-policy\/","title":{"rendered":"Politique de confidentialit\u00e9"},"content":{"rendered":"<div data-elementor-type=\"wp-page\" data-elementor-id=\"3\" class=\"elementor elementor-3\">\n\t\t\t\t\t\t\t\t\t<section class=\"elementor-section elementor-top-section elementor-element elementor-element-f5b0ab5 elementor-section-boxed elementor-section-height-default elementor-section-height-default\" data-id=\"f5b0ab5\" data-element_type=\"section\" data-settings=\"{&quot;background_background&quot;:&quot;classic&quot;}\">\n\t\t\t\t\t\t<div class=\"elementor-container elementor-column-gap-default\">\n\t\t\t\t\t<div class=\"elementor-column elementor-col-100 elementor-top-column elementor-element elementor-element-8fd1561\" data-id=\"8fd1561\" data-element_type=\"column\" data-settings=\"{&quot;background_background&quot;:&quot;classic&quot;}\">\n\t\t\t<div class=\"elementor-widget-wrap elementor-element-populated\">\n\t\t\t\t\t\t\t\t<div class=\"elementor-element elementor-element-57a38e5 elementor-widget elementor-widget-heading\" data-id=\"57a38e5\" data-element_type=\"widget\" data-widget_type=\"heading.default\">\n\t\t\t\t<div class=\"elementor-widget-container\">\n\t\t\t<style>\/*! elementor - v3.9.0 - 06-12-2022 *\/\n.elementor-heading-title{padding:0;margin:0;line-height:1}.elementor-widget-heading .elementor-heading-title[class*=elementor-size-]>a{color:inherit;font-size:inherit;line-height:inherit}.elementor-widget-heading .elementor-heading-title.elementor-size-small{font-size:15px}.elementor-widget-heading .elementor-heading-title.elementor-size-medium{font-size:19px}.elementor-widget-heading .elementor-heading-title.elementor-size-large{font-size:29px}.elementor-widget-heading .elementor-heading-title.elementor-size-xl{font-size:39px}.elementor-widget-heading .elementor-heading-title.elementor-size-xxl{font-size:59px}<\/style><h1 class=\"elementor-heading-title elementor-size-default\">Politique de confidentialit\u00e9<\/h1>\t\t<\/div>\n\t\t\t\t<\/div>\n\t\t\t\t<div class=\"elementor-element elementor-element-b8941cc elementor-widget elementor-widget-text-editor\" data-id=\"b8941cc\" data-element_type=\"widget\" data-widget_type=\"text-editor.default\">\n\t\t\t\t<div class=\"elementor-widget-container\">\n\t\t\t<style>\/*! elementor - v3.9.0 - 06-12-2022 *\/\n.elementor-widget-text-editor.elementor-drop-cap-view-stacked .elementor-drop-cap{background-color:#818a91;color:#fff}.elementor-widget-text-editor.elementor-drop-cap-view-framed .elementor-drop-cap{color:#818a91;border:3px solid;background-color:transparent}.elementor-widget-text-editor:not(.elementor-drop-cap-view-default) .elementor-drop-cap{margin-top:8px}.elementor-widget-text-editor:not(.elementor-drop-cap-view-default) .elementor-drop-cap-letter{width:1em;height:1em}.elementor-widget-text-editor .elementor-drop-cap{float:left;text-align:center;line-height:1;font-size:50px}.elementor-widget-text-editor .elementor-drop-cap-letter{display:inline-block}<\/style>\t\t\t\t<p>Votre vie priv\u00e9e est importante pour nous. EcoGlam a pour politique de respecter votre vie priv\u00e9e et de se conformer \u00e0 toutes les lois et r\u00e9glementations applicables concernant les informations personnelles que nous pouvons recueillir \u00e0 votre sujet, y compris par le biais de notre site web, <span style=\"text-decoration: underline;\"><a href=\"https:\/\/ecosmetictube.com\/fr\/\">https:\/\/ecosmetictube.com\/<\/a><\/span> et d'autres sites que nous poss\u00e9dons et exploitons.<\/p><p>Cette politique est mise \u00e0 jour le 6 novembre 2023.<\/p>\t\t\t\t\t\t<\/div>\n\t\t\t\t<\/div>\n\t\t\t\t<div class=\"elementor-element elementor-element-10374bf elementor-widget elementor-widget-heading\" data-id=\"10374bf\" data-element_type=\"widget\" data-widget_type=\"heading.default\">\n\t\t\t\t<div class=\"elementor-widget-container\">\n\t\t\t<h2 class=\"elementor-heading-title elementor-size-default\">Informations collect\u00e9es<\/h2>\t\t<\/div>\n\t\t\t\t<\/div>\n\t\t\t\t<div class=\"elementor-element elementor-element-d4c3b6f elementor-widget elementor-widget-text-editor\" data-id=\"d4c3b6f\" data-element_type=\"widget\" data-widget_type=\"text-editor.default\">\n\t\t\t\t<div class=\"elementor-widget-container\">\n\t\t\t\t\t\t\t<p>Les informations que nous recueillons comprennent \u00e0 la fois les informations que vous nous fournissez sciemment et activement lorsque vous utilisez ou participez \u00e0 l'un de nos services et promotions, et toute information envoy\u00e9e automatiquement par vos appareils dans le cadre de l'acc\u00e8s \u00e0 nos produits et services.<\/p>\t\t\t\t\t\t<\/div>\n\t\t\t\t<\/div>\n\t\t\t\t<div class=\"elementor-element elementor-element-99c7e0b elementor-widget elementor-widget-heading\" data-id=\"99c7e0b\" data-element_type=\"widget\" data-widget_type=\"heading.default\">\n\t\t\t\t<div class=\"elementor-widget-container\">\n\t\t\t<h2 class=\"elementor-heading-title elementor-size-default\">Donn\u00e9es du journal<\/h2>\t\t<\/div>\n\t\t\t\t<\/div>\n\t\t\t\t<div class=\"elementor-element elementor-element-d8babf2 elementor-widget elementor-widget-text-editor\" data-id=\"d8babf2\" data-element_type=\"widget\" data-widget_type=\"text-editor.default\">\n\t\t\t\t<div class=\"elementor-widget-container\">\n\t\t\t\t\t\t\t<p>Lorsque vous visitez notre site web, nos serveurs peuvent enregistrer automatiquement les donn\u00e9es standard fournies par votre navigateur web. Il peut s'agir de l'adresse IP (Internet Protocol) de votre appareil, du type et de la version de votre navigateur, des pages que vous visitez, de l'heure et de la date de votre visite, du temps pass\u00e9 sur chaque page, d'autres d\u00e9tails concernant votre visite et des d\u00e9tails techniques li\u00e9s aux erreurs que vous pouvez rencontrer.<\/p><p>Sachez que si ces informations ne sont pas identifiables en elles-m\u00eames, il peut \u00eatre possible de les combiner avec d'autres donn\u00e9es afin d'identifier des personnes.<\/p>\t\t\t\t\t\t<\/div>\n\t\t\t\t<\/div>\n\t\t\t\t<div class=\"elementor-element elementor-element-1162dea elementor-widget elementor-widget-heading\" data-id=\"1162dea\" data-element_type=\"widget\" data-widget_type=\"heading.default\">\n\t\t\t\t<div class=\"elementor-widget-container\">\n\t\t\t<h2 class=\"elementor-heading-title elementor-size-default\">Informations personnelles<\/h2>\t\t<\/div>\n\t\t\t\t<\/div>\n\t\t\t\t<div class=\"elementor-element elementor-element-cb5fa80 elementor-widget elementor-widget-text-editor\" data-id=\"cb5fa80\" data-element_type=\"widget\" data-widget_type=\"text-editor.default\">\n\t\t\t\t<div class=\"elementor-widget-container\">\n\t\t\t\t\t\t\t<p>Nous pouvons vous demander des informations personnelles qui peuvent inclure un ou plusieurs des \u00e9l\u00e9ments suivants :<\/p>\t\t\t\t\t\t<\/div>\n\t\t\t\t<\/div>\n\t\t\t\t<div class=\"elementor-element elementor-element-dc4f400 elementor-widget elementor-widget-text-editor\" data-id=\"dc4f400\" data-element_type=\"widget\" data-widget_type=\"text-editor.default\">\n\t\t\t\t<div class=\"elementor-widget-container\">\n\t\t\t\t\t\t\t<p>\u00a0 \u00a0 \u00a0\u25cf Nom<\/p><p>\u00a0 \u00a0 \u00a0\u25cf Courriel<\/p><p>\u00a0 \u00a0 \u00a0\u25cf Nom de l'entreprise<\/p><p>\u00a0 \u00a0 \u00a0\u25cf Num\u00e9ro de t\u00e9l\u00e9phone<\/p>\t\t\t\t\t\t<\/div>\n\t\t\t\t<\/div>\n\t\t\t\t<div class=\"elementor-element elementor-element-6c6a10f elementor-widget elementor-widget-heading\" data-id=\"6c6a10f\" data-element_type=\"widget\" data-widget_type=\"heading.default\">\n\t\t\t\t<div class=\"elementor-widget-container\">\n\t\t\t<h2 class=\"elementor-heading-title elementor-size-default\">Raisons l\u00e9gitimes du traitement de vos informations personnelles<\/h2>\t\t<\/div>\n\t\t\t\t<\/div>\n\t\t\t\t<div class=\"elementor-element elementor-element-d5815ec elementor-widget elementor-widget-text-editor\" data-id=\"d5815ec\" data-element_type=\"widget\" data-widget_type=\"text-editor.default\">\n\t\t\t\t<div class=\"elementor-widget-container\">\n\t\t\t\t\t\t\t<p>Nous ne recueillons et n'utilisons vos informations personnelles que lorsque nous avons une raison l\u00e9gitime de le faire. Dans ce cas, nous ne recueillons que les informations personnelles qui sont raisonnablement n\u00e9cessaires pour vous fournir nos services.<\/p>\t\t\t\t\t\t<\/div>\n\t\t\t\t<\/div>\n\t\t\t\t<div class=\"elementor-element elementor-element-3d24630 elementor-widget elementor-widget-heading\" data-id=\"3d24630\" data-element_type=\"widget\" data-widget_type=\"heading.default\">\n\t\t\t\t<div class=\"elementor-widget-container\">\n\t\t\t<h2 class=\"elementor-heading-title elementor-size-default\">Collecte et utilisation des informations<\/h2>\t\t<\/div>\n\t\t\t\t<\/div>\n\t\t\t\t<div class=\"elementor-element elementor-element-16d485f elementor-widget elementor-widget-text-editor\" data-id=\"16d485f\" data-element_type=\"widget\" data-widget_type=\"text-editor.default\">\n\t\t\t\t<div class=\"elementor-widget-container\">\n\t\t\t\t\t\t\t<p>Nous pouvons recueillir des informations personnelles lorsque vous effectuez l'une des op\u00e9rations suivantes sur notre site web :<\/p>\t\t\t\t\t\t<\/div>\n\t\t\t\t<\/div>\n\t\t\t\t<div class=\"elementor-element elementor-element-2dd49c0 elementor-widget elementor-widget-text-editor\" data-id=\"2dd49c0\" data-element_type=\"widget\" data-widget_type=\"text-editor.default\">\n\t\t\t\t<div class=\"elementor-widget-container\">\n\t\t\t\t\t\t\t<p>\u00a0 \u00a0 \u00a0\u25cf Utiliser un appareil mobile ou un navigateur web pour acc\u00e9der \u00e0 notre contenu.<\/p><p>\u00a0 \u00a0 \u00a0\u25cf Nous contacter par courrier \u00e9lectronique, sur les m\u00e9dias sociaux ou sur toute technologie similaire.<\/p><p>\u00a0 \u00a0 \u00a0\u25cf Lorsque vous nous mentionnez sur les m\u00e9dias sociaux.<\/p>\t\t\t\t\t\t<\/div>\n\t\t\t\t<\/div>\n\t\t\t\t<div class=\"elementor-element elementor-element-0e31aa6 elementor-widget elementor-widget-text-editor\" data-id=\"0e31aa6\" data-element_type=\"widget\" data-widget_type=\"text-editor.default\">\n\t\t\t\t<div class=\"elementor-widget-container\">\n\t\t\t\t\t\t\t<p>Nous pouvons collecter, d\u00e9tenir, utiliser et divulguer des informations aux fins suivantes, et les informations personnelles ne seront pas trait\u00e9es d'une mani\u00e8re incompatible avec ces objectifs :<\/p><p>Nous pouvons collecter, d\u00e9tenir, utiliser et divulguer des informations aux fins suivantes, et les informations personnelles ne seront pas trait\u00e9es d'une mani\u00e8re incompatible avec ces objectifs :<\/p><p>\u00a0 \u00a0 \u00a0\u25cf pour vous permettre d'adapter ou de personnaliser votre exp\u00e9rience de notre site web.<\/p><p>\u00a0 \u00a0 \u00a0\u25cf \u00e0 des fins d'analyse, d'\u00e9tude de march\u00e9 et de d\u00e9veloppement commercial, y compris pour exploiter et am\u00e9liorer notre site web, les applications associ\u00e9es et les plateformes de m\u00e9dias sociaux associ\u00e9es.<\/p><p>Sachez que nous pouvons combiner les informations que nous recueillons \u00e0 votre sujet avec des informations g\u00e9n\u00e9rales ou des donn\u00e9es de recherche que nous recevons d'autres sources fiables.<\/p>\t\t\t\t\t\t<\/div>\n\t\t\t\t<\/div>\n\t\t\t\t<div class=\"elementor-element elementor-element-22fe760 elementor-widget elementor-widget-heading\" data-id=\"22fe760\" data-element_type=\"widget\" data-widget_type=\"heading.default\">\n\t\t\t\t<div class=\"elementor-widget-container\">\n\t\t\t<h2 class=\"elementor-heading-title elementor-size-default\">S\u00e9curit\u00e9 de vos donn\u00e9es personnelles<\/h2>\t\t<\/div>\n\t\t\t\t<\/div>\n\t\t\t\t<div class=\"elementor-element elementor-element-6cd9fa8 elementor-widget elementor-widget-text-editor\" data-id=\"6cd9fa8\" data-element_type=\"widget\" data-widget_type=\"text-editor.default\">\n\t\t\t\t<div class=\"elementor-widget-container\">\n\t\t\t\t\t\t\t<p>Lorsque nous collectons et traitons des informations personnelles, et tant que nous conservons ces informations, nous les prot\u00e9geons par des moyens commercialement acceptables afin d'\u00e9viter la perte et le vol, ainsi que l'acc\u00e8s, la divulgation, la copie, l'utilisation ou la modification non autoris\u00e9s.<\/p><p>Bien que nous fassions de notre mieux pour prot\u00e9ger les informations personnelles que vous nous fournissez, nous vous informons qu'aucune m\u00e9thode de transmission ou de stockage \u00e9lectronique n'est 100% s\u00fbre et que personne ne peut garantir une s\u00e9curit\u00e9 absolue des donn\u00e9es. Nous nous conformerons aux lois qui nous sont applicables en cas de violation des donn\u00e9es.<\/p><p>Vous \u00eates responsable du choix de tout mot de passe et de son niveau de s\u00e9curit\u00e9 global, garantissant la s\u00e9curit\u00e9 de vos propres informations dans le cadre de nos services.<\/p>\t\t\t\t\t\t<\/div>\n\t\t\t\t<\/div>\n\t\t\t\t<div class=\"elementor-element elementor-element-f566177 elementor-widget elementor-widget-heading\" data-id=\"f566177\" data-element_type=\"widget\" data-widget_type=\"heading.default\">\n\t\t\t\t<div class=\"elementor-widget-container\">\n\t\t\t<h2 class=\"elementor-heading-title elementor-size-default\">Dur\u00e9e de conservation des informations personnelles<\/h2>\t\t<\/div>\n\t\t\t\t<\/div>\n\t\t\t\t<div class=\"elementor-element elementor-element-ddaaea8 elementor-widget elementor-widget-text-editor\" data-id=\"ddaaea8\" data-element_type=\"widget\" data-widget_type=\"text-editor.default\">\n\t\t\t\t<div class=\"elementor-widget-container\">\n\t\t\t\t\t\t\t<p>Nous ne conservons vos informations personnelles que le temps n\u00e9cessaire. Cette dur\u00e9e peut d\u00e9pendre de l'usage que nous faisons de vos informations, conform\u00e9ment \u00e0 la pr\u00e9sente politique de confidentialit\u00e9. Si vos informations personnelles ne sont plus n\u00e9cessaires, nous les supprimerons ou les rendrons anonymes en supprimant tous les d\u00e9tails qui permettent de vous identifier.<\/p><p>Toutefois, si n\u00e9cessaire, nous pouvons conserver vos informations personnelles pour nous conformer \u00e0 une obligation l\u00e9gale, comptable ou d'information, ou \u00e0 des fins d'archivage dans l'int\u00e9r\u00eat public, \u00e0 des fins de recherche scientifique ou historique ou \u00e0 des fins statistiques.<\/p>\t\t\t\t\t\t<\/div>\n\t\t\t\t<\/div>\n\t\t\t\t<div class=\"elementor-element elementor-element-115ea87 elementor-widget elementor-widget-heading\" data-id=\"115ea87\" data-element_type=\"widget\" data-widget_type=\"heading.default\">\n\t\t\t\t<div class=\"elementor-widget-container\">\n\t\t\t<h2 class=\"elementor-heading-title elementor-size-default\">Vie priv\u00e9e des enfants<\/h2>\t\t<\/div>\n\t\t\t\t<\/div>\n\t\t\t\t<div class=\"elementor-element elementor-element-8053da9 elementor-widget elementor-widget-text-editor\" data-id=\"8053da9\" data-element_type=\"widget\" data-widget_type=\"text-editor.default\">\n\t\t\t\t<div class=\"elementor-widget-container\">\n\t\t\t\t\t\t\t<p>Nous ne destinons aucun de nos produits ou services directement aux enfants de moins de 13 ans et nous ne recueillons pas sciemment d'informations personnelles sur des enfants de moins de 13 ans.<\/p>\t\t\t\t\t\t<\/div>\n\t\t\t\t<\/div>\n\t\t\t\t<div class=\"elementor-element elementor-element-62f6ede elementor-widget elementor-widget-heading\" data-id=\"62f6ede\" data-element_type=\"widget\" data-widget_type=\"heading.default\">\n\t\t\t\t<div class=\"elementor-widget-container\">\n\t\t\t<h2 class=\"elementor-heading-title elementor-size-default\">Transferts internationaux de donn\u00e9es \u00e0 caract\u00e8re personnel<\/h2>\t\t<\/div>\n\t\t\t\t<\/div>\n\t\t\t\t<div class=\"elementor-element elementor-element-69dfbf1 elementor-widget elementor-widget-text-editor\" data-id=\"69dfbf1\" data-element_type=\"widget\" data-widget_type=\"text-editor.default\">\n\t\t\t\t<div class=\"elementor-widget-container\">\n\t\t\t\t\t\t\t<p>Les informations personnelles que nous collectons sont stock\u00e9es et\/ou trait\u00e9es l\u00e0 o\u00f9 nous ou nos partenaires, affili\u00e9s et fournisseurs tiers disposons d'installations. Sachez que les lieux o\u00f9 nous stockons, traitons ou transf\u00e9rons vos informations personnelles peuvent ne pas \u00eatre soumis aux m\u00eames lois de protection des donn\u00e9es que le pays dans lequel vous avez initialement fourni les informations. Si nous transf\u00e9rons vos informations personnelles \u00e0 des tiers dans d'autres pays : (i) nous effectuerons ces transferts conform\u00e9ment aux exigences de la l\u00e9gislation applicable ; et (ii) nous prot\u00e9gerons les informations personnelles transf\u00e9r\u00e9es conform\u00e9ment \u00e0 la pr\u00e9sente politique de confidentialit\u00e9.<\/p>\t\t\t\t\t\t<\/div>\n\t\t\t\t<\/div>\n\t\t\t\t<div class=\"elementor-element elementor-element-facb91e elementor-widget elementor-widget-heading\" data-id=\"facb91e\" data-element_type=\"widget\" data-widget_type=\"heading.default\">\n\t\t\t\t<div class=\"elementor-widget-container\">\n\t\t\t<h2 class=\"elementor-heading-title elementor-size-default\">Vos droits et le contr\u00f4le de vos donn\u00e9es personnelles<\/h2>\t\t<\/div>\n\t\t\t\t<\/div>\n\t\t\t\t<div class=\"elementor-element elementor-element-c4f3baa elementor-widget elementor-widget-text-editor\" data-id=\"c4f3baa\" data-element_type=\"widget\" data-widget_type=\"text-editor.default\">\n\t\t\t\t<div class=\"elementor-widget-container\">\n\t\t\t\t\t\t\t<p>Vous avez toujours le droit de ne pas nous communiquer d'informations personnelles, \u00e9tant entendu que votre exp\u00e9rience de notre site web peut en \u00eatre affect\u00e9e. Nous ne ferons pas de discrimination \u00e0 votre encontre pour avoir exerc\u00e9 l'un de vos droits sur vos informations personnelles. Si vous nous fournissez des informations personnelles, vous comprenez que nous les collecterons, les conserverons, les utiliserons et les divulguerons conform\u00e9ment \u00e0 la pr\u00e9sente politique de confidentialit\u00e9. Vous conservez le droit de demander des d\u00e9tails sur toutes les informations personnelles que nous d\u00e9tenons \u00e0 votre sujet.<\/p><p>Si nous recevons des informations personnelles vous concernant de la part d'un tiers, nous les prot\u00e9gerons comme indiqu\u00e9 dans la pr\u00e9sente politique de confidentialit\u00e9. Si vous \u00eates un tiers qui fournit des informations personnelles sur quelqu'un d'autre, vous d\u00e9clarez et garantissez que vous avez le consentement de cette personne pour nous fournir ces informations personnelles.<\/p><p>Si vous avez d\u00e9j\u00e0 accept\u00e9 que nous utilisions vos informations personnelles \u00e0 des fins de marketing direct, vous pouvez changer d'avis \u00e0 tout moment. Nous vous donnerons la possibilit\u00e9 de vous d\u00e9sinscrire de notre base de donn\u00e9es d'e-mails ou de vous d\u00e9sabonner des communications. Sachez que nous pouvons \u00eatre amen\u00e9s \u00e0 vous demander des informations sp\u00e9cifiques pour nous aider \u00e0 confirmer votre identit\u00e9.<\/p><p>Si vous pensez que les informations que nous d\u00e9tenons \u00e0 votre sujet sont inexactes, p\u00e9rim\u00e9es, incompl\u00e8tes, non pertinentes ou trompeuses, veuillez nous contacter en utilisant les coordonn\u00e9es fournies dans la pr\u00e9sente politique de confidentialit\u00e9. Nous prendrons des mesures raisonnables pour corriger toute information jug\u00e9e inexacte, incompl\u00e8te, trompeuse ou obsol\u00e8te.<\/p><p>Si vous pensez que nous avons enfreint une loi sur la protection des donn\u00e9es et que vous souhaitez d\u00e9poser une plainte, veuillez nous contacter en utilisant les coordonn\u00e9es ci-dessous et nous fournir tous les d\u00e9tails de l'infraction pr\u00e9sum\u00e9e. Nous examinerons rapidement votre plainte et vous r\u00e9pondrons par \u00e9crit en vous indiquant les r\u00e9sultats de notre enqu\u00eate et les mesures que nous prendrons pour traiter votre plainte. Vous avez \u00e9galement le droit de contacter un organisme de r\u00e9glementation ou une autorit\u00e9 de protection des donn\u00e9es en rapport avec votre plainte.<\/p>\t\t\t\t\t\t<\/div>\n\t\t\t\t<\/div>\n\t\t\t\t<div class=\"elementor-element elementor-element-38fd000 elementor-widget elementor-widget-heading\" data-id=\"38fd000\" data-element_type=\"widget\" data-widget_type=\"heading.default\">\n\t\t\t\t<div class=\"elementor-widget-container\">\n\t\t\t<h2 class=\"elementor-heading-title elementor-size-default\">Utilisation des cookies<\/h2>\t\t<\/div>\n\t\t\t\t<\/div>\n\t\t\t\t<div class=\"elementor-element elementor-element-0b2ee7e elementor-widget elementor-widget-text-editor\" data-id=\"0b2ee7e\" data-element_type=\"widget\" data-widget_type=\"text-editor.default\">\n\t\t\t\t<div class=\"elementor-widget-container\">\n\t\t\t\t\t\t\t<p>Nous utilisons des \"cookies\" pour collecter des informations sur vous et votre activit\u00e9 sur notre site. Un cookie est un petit \u00e9l\u00e9ment de donn\u00e9es que notre site web stocke sur votre ordinateur et auquel il acc\u00e8de \u00e0 chaque fois que vous le visitez, afin que nous puissions comprendre comment vous utilisez notre site. Cela nous aide \u00e0 vous proposer un contenu bas\u00e9 sur les pr\u00e9f\u00e9rences que vous avez sp\u00e9cifi\u00e9es.<\/p>\t\t\t\t\t\t<\/div>\n\t\t\t\t<\/div>\n\t\t\t\t<div class=\"elementor-element elementor-element-c265f7e elementor-widget elementor-widget-heading\" data-id=\"c265f7e\" data-element_type=\"widget\" data-widget_type=\"heading.default\">\n\t\t\t\t<div class=\"elementor-widget-container\">\n\t\t\t<h2 class=\"elementor-heading-title elementor-size-default\">Limites de notre politique<\/h2>\t\t<\/div>\n\t\t\t\t<\/div>\n\t\t\t\t<div class=\"elementor-element elementor-element-adf386c elementor-widget elementor-widget-text-editor\" data-id=\"adf386c\" data-element_type=\"widget\" data-widget_type=\"text-editor.default\">\n\t\t\t\t<div class=\"elementor-widget-container\">\n\t\t\t\t\t\t\t<p>Notre site web peut renvoyer \u00e0 des sites externes qui ne sont pas g\u00e9r\u00e9s par nous. Veuillez noter que nous n'avons aucun contr\u00f4le sur le contenu et les politiques de ces sites et que nous ne pouvons \u00eatre tenus responsables de leurs pratiques respectives en mati\u00e8re de protection de la vie priv\u00e9e.<\/p>\t\t\t\t\t\t<\/div>\n\t\t\t\t<\/div>\n\t\t\t\t<div class=\"elementor-element elementor-element-f3183f3 elementor-widget elementor-widget-heading\" data-id=\"f3183f3\" data-element_type=\"widget\" data-widget_type=\"heading.default\">\n\t\t\t\t<div class=\"elementor-widget-container\">\n\t\t\t<h2 class=\"elementor-heading-title elementor-size-default\">Modifications de la pr\u00e9sente politique<\/h2>\t\t<\/div>\n\t\t\t\t<\/div>\n\t\t\t\t<div class=\"elementor-element elementor-element-4c1e2ec elementor-widget elementor-widget-text-editor\" data-id=\"4c1e2ec\" data-element_type=\"widget\" data-widget_type=\"text-editor.default\">\n\t\t\t\t<div class=\"elementor-widget-container\">\n\t\t\t\t\t\t\t<p>Nous pouvons, \u00e0 notre discr\u00e9tion, modifier notre politique de protection de la vie priv\u00e9e pour refl\u00e9ter les mises \u00e0 jour de nos processus commerciaux, les pratiques acceptables actuelles ou les changements l\u00e9gislatifs ou r\u00e9glementaires. Si nous d\u00e9cidons de modifier cette politique de confidentialit\u00e9, nous publierons les modifications ici, sur le lien par lequel vous acc\u00e9dez \u00e0 cette politique de confidentialit\u00e9.<\/p><p>Si la loi l'exige, nous vous demanderons votre autorisation ou vous donnerons la possibilit\u00e9 d'accepter ou de refuser, selon le cas, toute nouvelle utilisation de vos informations personnelles.<\/p>\t\t\t\t\t\t<\/div>\n\t\t\t\t<\/div>\n\t\t\t\t<div class=\"elementor-element elementor-element-3c2737a elementor-widget elementor-widget-heading\" data-id=\"3c2737a\" data-element_type=\"widget\" data-widget_type=\"heading.default\">\n\t\t\t\t<div class=\"elementor-widget-container\">\n\t\t\t<h2 class=\"elementor-heading-title elementor-size-default\">Nous contacter<\/h2>\t\t<\/div>\n\t\t\t\t<\/div>\n\t\t\t\t<div class=\"elementor-element elementor-element-f1ee1f0 elementor-widget elementor-widget-text-editor\" data-id=\"f1ee1f0\" data-element_type=\"widget\" data-widget_type=\"text-editor.default\">\n\t\t\t\t<div class=\"elementor-widget-container\">\n\t\t\t\t\t\t\t<p>Pour toute question ou pr\u00e9occupation concernant votre vie priv\u00e9e, vous pouvez nous contacter en utilisant les coordonn\u00e9es suivantes :<\/p><p>Elena Zhang<\/p><p>elena@ecosmetictube.com<\/p>\t\t\t\t\t\t<\/div>\n\t\t\t\t<\/div>\n\t\t\t\t\t<\/div>\n\t\t<\/div>\n\t\t\t\t\t\t\t<\/div>\n\t\t<\/section>\n\t\t\t\t\t\t\t<\/div>","protected":false},"excerpt":{"rendered":"<p>Privacy Policy Your privacy is important to us. It is EcoGlam&#8217;s policy to respect your privacy and comply with any applicable law and regulation regarding any personal information we may collect about you, including across our website, https:\/\/ecosmetictube.com\/ and other sites we own and operate. This policy is updated at 6 Nov 2023. Information We [&hellip;]<\/p>","protected":false},"author":1,"featured_media":0,"parent":0,"menu_order":0,"comment_status":"closed","ping_status":"open","template":"","meta":[],"_links":{"self":[{"href":"https:\/\/ecosmetictube.com\/fr\/wp-json\/wp\/v2\/pages\/3"}],"collection":[{"href":"https:\/\/ecosmetictube.com\/fr\/wp-json\/wp\/v2\/pages"}],"about":[{"href":"https:\/\/ecosmetictube.com\/fr\/wp-json\/wp\/v2\/types\/page"}],"author":[{"embeddable":true,"href":"https:\/\/ecosmetictube.com\/fr\/wp-json\/wp\/v2\/users\/1"}],"replies":[{"embeddable":true,"href":"https:\/\/ecosmetictube.com\/fr\/wp-json\/wp\/v2\/comments?post=3"}],"version-history":[{"count":25,"href":"https:\/\/ecosmetictube.com\/fr\/wp-json\/wp\/v2\/pages\/3\/revisions"}],"predecessor-version":[{"id":2549,"href":"https:\/\/ecosmetictube.com\/fr\/wp-json\/wp\/v2\/pages\/3\/revisions\/2549"}],"wp:attachment":[{"href":"https:\/\/ecosmetictube.com\/fr\/wp-json\/wp\/v2\/media?parent=3"}],"curies":[{"name":"wp","href":"https:\/\/api.w.org\/{rel}","templated":true}]}}