{"id":1603,"date":"2023-11-30T09:52:37","date_gmt":"2023-11-30T01:52:37","guid":{"rendered":"https:\/\/ecosmetictube.com\/?page_id=1603"},"modified":"2023-12-27T11:08:41","modified_gmt":"2023-12-27T03:08:41","slug":"terms-conditions","status":"publish","type":"page","link":"https:\/\/ecosmetictube.com\/fr\/terms-conditions\/","title":{"rendered":"Terms &amp; Conditions"},"content":{"rendered":"<div data-elementor-type=\"wp-page\" data-elementor-id=\"1603\" class=\"elementor elementor-1603\">\n\t\t\t\t\t\t\t\t\t<section class=\"elementor-section elementor-top-section elementor-element elementor-element-92ab02b elementor-section-boxed elementor-section-height-default elementor-section-height-default\" data-id=\"92ab02b\" data-element_type=\"section\" data-settings=\"{&quot;background_background&quot;:&quot;classic&quot;}\">\n\t\t\t\t\t\t<div class=\"elementor-container elementor-column-gap-default\">\n\t\t\t\t\t<div class=\"elementor-column elementor-col-100 elementor-top-column elementor-element elementor-element-b33dc8b\" data-id=\"b33dc8b\" data-element_type=\"column\" data-settings=\"{&quot;background_background&quot;:&quot;classic&quot;}\">\n\t\t\t<div class=\"elementor-widget-wrap elementor-element-populated\">\n\t\t\t\t\t\t\t\t<div class=\"elementor-element elementor-element-85fa734 elementor-widget elementor-widget-heading\" data-id=\"85fa734\" data-element_type=\"widget\" data-widget_type=\"heading.default\">\n\t\t\t\t<div class=\"elementor-widget-container\">\n\t\t\t<style>\/*! elementor - v3.9.0 - 06-12-2022 *\/\n.elementor-heading-title{padding:0;margin:0;line-height:1}.elementor-widget-heading .elementor-heading-title[class*=elementor-size-]>a{color:inherit;font-size:inherit;line-height:inherit}.elementor-widget-heading .elementor-heading-title.elementor-size-small{font-size:15px}.elementor-widget-heading .elementor-heading-title.elementor-size-medium{font-size:19px}.elementor-widget-heading .elementor-heading-title.elementor-size-large{font-size:29px}.elementor-widget-heading .elementor-heading-title.elementor-size-xl{font-size:39px}.elementor-widget-heading .elementor-heading-title.elementor-size-xxl{font-size:59px}<\/style><h1 class=\"elementor-heading-title elementor-size-default\">Conditions g\u00e9n\u00e9rales d'utilisation<\/h1>\t\t<\/div>\n\t\t\t\t<\/div>\n\t\t\t\t<div class=\"elementor-element elementor-element-ebd55bb elementor-widget elementor-widget-text-editor\" data-id=\"ebd55bb\" data-element_type=\"widget\" data-widget_type=\"text-editor.default\">\n\t\t\t\t<div class=\"elementor-widget-container\">\n\t\t\t<style>\/*! elementor - v3.9.0 - 06-12-2022 *\/\n.elementor-widget-text-editor.elementor-drop-cap-view-stacked .elementor-drop-cap{background-color:#818a91;color:#fff}.elementor-widget-text-editor.elementor-drop-cap-view-framed .elementor-drop-cap{color:#818a91;border:3px solid;background-color:transparent}.elementor-widget-text-editor:not(.elementor-drop-cap-view-default) .elementor-drop-cap{margin-top:8px}.elementor-widget-text-editor:not(.elementor-drop-cap-view-default) .elementor-drop-cap-letter{width:1em;height:1em}.elementor-widget-text-editor .elementor-drop-cap{float:left;text-align:center;line-height:1;font-size:50px}.elementor-widget-text-editor .elementor-drop-cap-letter{display:inline-block}<\/style>\t\t\t\t<p>Bienvenue chez EcoGlam !<\/p><p>Les pr\u00e9sentes conditions g\u00e9n\u00e9rales d\u00e9finissent les r\u00e8gles d'utilisation du site web d'EcoGlam, situ\u00e9 \u00e0 l'adresse https:\/\/ecosmetictube.com\/.<\/p><p>En acc\u00e9dant \u00e0 ce site web, nous supposons que vous acceptez ces termes et conditions. Ne continuez pas \u00e0 utiliser EcoGlam si vous n'acceptez pas tous les termes et conditions \u00e9nonc\u00e9s sur cette page.<\/p>\t\t\t\t\t\t<\/div>\n\t\t\t\t<\/div>\n\t\t\t\t<div class=\"elementor-element elementor-element-987e91e elementor-widget elementor-widget-heading\" data-id=\"987e91e\" data-element_type=\"widget\" data-widget_type=\"heading.default\">\n\t\t\t\t<div class=\"elementor-widget-container\">\n\t\t\t<h2 class=\"elementor-heading-title elementor-size-default\">Cookies :<\/h2>\t\t<\/div>\n\t\t\t\t<\/div>\n\t\t\t\t<div class=\"elementor-element elementor-element-8d6c3df elementor-widget elementor-widget-text-editor\" data-id=\"8d6c3df\" data-element_type=\"widget\" data-widget_type=\"text-editor.default\">\n\t\t\t\t<div class=\"elementor-widget-container\">\n\t\t\t\t\t\t\t<p>Le site web utilise des cookies pour personnaliser votre exp\u00e9rience en ligne. En acc\u00e9dant \u00e0 EcoGlam, vous acceptez d'utiliser les cookies n\u00e9cessaires.<\/p><p>Un cookie est un fichier texte plac\u00e9 sur votre disque dur par un serveur de pages web. Les cookies ne peuvent pas \u00eatre utilis\u00e9s pour ex\u00e9cuter des programmes ou transmettre des virus \u00e0 votre ordinateur. Les cookies vous sont attribu\u00e9s de mani\u00e8re unique et ne peuvent \u00eatre lus que par un serveur web du domaine qui a \u00e9mis le cookie.<\/p><p>Nous pouvons utiliser des cookies pour collecter, stocker et suivre des informations \u00e0 des fins statistiques ou de marketing pour faire fonctionner notre site web. Vous avez la possibilit\u00e9 d'accepter ou de refuser les cookies facultatifs. Certains cookies obligatoires sont n\u00e9cessaires au fonctionnement de notre site web. Ces cookies ne requi\u00e8rent pas votre consentement car ils fonctionnent toujours. N'oubliez pas qu'en acceptant les cookies obligatoires, vous acceptez \u00e9galement les cookies de tiers, qui peuvent \u00eatre utilis\u00e9s par le biais de services fournis par des tiers si vous utilisez ces services sur notre site web, par exemple une fen\u00eatre d'affichage vid\u00e9o fournie par des tiers et int\u00e9gr\u00e9e \u00e0 notre site web.<\/p>\t\t\t\t\t\t<\/div>\n\t\t\t\t<\/div>\n\t\t\t\t<div class=\"elementor-element elementor-element-4103f51 elementor-widget elementor-widget-heading\" data-id=\"4103f51\" data-element_type=\"widget\" data-widget_type=\"heading.default\">\n\t\t\t\t<div class=\"elementor-widget-container\">\n\t\t\t<h2 class=\"elementor-heading-title elementor-size-default\">Licence :<\/h2>\t\t<\/div>\n\t\t\t\t<\/div>\n\t\t\t\t<div class=\"elementor-element elementor-element-9b0f57a elementor-widget elementor-widget-text-editor\" data-id=\"9b0f57a\" data-element_type=\"widget\" data-widget_type=\"text-editor.default\">\n\t\t\t\t<div class=\"elementor-widget-container\">\n\t\t\t\t\t\t\t<p>Sauf indication contraire, EcoGlam Packaging Co., Ltd et\/ou ses conc\u00e9dants de licence d\u00e9tiennent les droits de propri\u00e9t\u00e9 intellectuelle pour l'ensemble du contenu d'EcoGlam. Tous les droits de propri\u00e9t\u00e9 intellectuelle sont r\u00e9serv\u00e9s. Vous pouvez acc\u00e9der au contenu d'EcoGlam pour votre usage personnel, sous r\u00e9serve des restrictions \u00e9nonc\u00e9es dans les pr\u00e9sentes conditions g\u00e9n\u00e9rales.<\/p>\t\t\t\t\t\t<\/div>\n\t\t\t\t<\/div>\n\t\t\t\t<div class=\"elementor-element elementor-element-f654185 elementor-widget elementor-widget-text-editor\" data-id=\"f654185\" data-element_type=\"widget\" data-widget_type=\"text-editor.default\">\n\t\t\t\t<div class=\"elementor-widget-container\">\n\t\t\t\t\t\t\t<p>Vous ne devez pas :\u00a0<\/p><p>\u00a0 \u00a0 \u00a0\u25cf Copier ou republier du mat\u00e9riel provenant d'EcoGlam.<\/p><p>\u00a0 \u00a0 \u00a0\u25cf vendre, louer ou accorder des sous-licences pour le mat\u00e9riel d'EcoGlam.<\/p><p>\u00a0 \u00a0 \u00a0\u25cf Reproduire, dupliquer ou copier du mat\u00e9riel provenant d'EcoGlam.<\/p><p>\u00a0 \u00a0 \u00a0\u25cf Redistribuer le contenu d'EcoGlam<\/p><p>Le pr\u00e9sent accord prend effet \u00e0 sa date.<\/p><p>Certaines parties de ce site web offrent aux utilisateurs la possibilit\u00e9 de publier et d'\u00e9changer des opinions et des informations dans certaines zones du site. EcoGlam Packaging Co.Ltd ne filtre pas, n'\u00e9dite pas, ne publie pas et ne r\u00e9vise pas les commentaires avant leur pr\u00e9sence sur le site web. Les commentaires ne refl\u00e8tent pas les points de vue et les opinions d'EcoGlam Packaging Co.Ltd, de ses agents et\/ou de ses affili\u00e9s. Les commentaires refl\u00e8tent les points de vue et les opinions de la personne qui les publie. Dans la mesure permise par les lois applicables, EcoGlam Packaging Co.Ltd n'est pas responsable des commentaires ou de toute responsabilit\u00e9, dommage ou d\u00e9pense caus\u00e9(e) et\/ou subi(e) \u00e0 la suite de l'utilisation et\/ou de la publication et\/ou de l'apparition des commentaires sur ce site web.<\/p><p>EcoGlam Packaging Co.Ltd se r\u00e9serve le droit de contr\u00f4ler tous les commentaires et de supprimer tout commentaire pouvant \u00eatre consid\u00e9r\u00e9 comme inappropri\u00e9, offensant ou constituant une violation des pr\u00e9sentes conditions g\u00e9n\u00e9rales.<\/p>\t\t\t\t\t\t<\/div>\n\t\t\t\t<\/div>\n\t\t\t\t<div class=\"elementor-element elementor-element-88a93f4 elementor-widget elementor-widget-text-editor\" data-id=\"88a93f4\" data-element_type=\"widget\" data-widget_type=\"text-editor.default\">\n\t\t\t\t<div class=\"elementor-widget-container\">\n\t\t\t\t\t\t\t<p>Vous garantissez et d\u00e9clarez que<\/p><p>\u00a0 \u00a0 \u00a0\u25cf Vous avez le droit de publier les commentaires sur notre site web et disposez de toutes les licences et de tous les consentements n\u00e9cessaires pour le faire ;<\/p><p>\u00a0 \u00a0 \u00a0\u25cf Les commentaires ne portent atteinte \u00e0 aucun droit de propri\u00e9t\u00e9 intellectuelle, y compris, mais sans s'y limiter, les droits d'auteur, les brevets ou les marques de commerce d'un tiers ;<\/p><p>\u00a0 \u00a0 \u00a0\u25cf Les commentaires ne contiennent pas d'\u00e9l\u00e9ments diffamatoires, offensants, ind\u00e9cents ou autrement ill\u00e9gaux, qui constituent une atteinte \u00e0 la vie priv\u00e9e.<\/p><p>\u00a0 \u00a0 \u00a0\u25cf Les commentaires ne seront pas utilis\u00e9s pour solliciter ou promouvoir des affaires ou des coutumes ou pr\u00e9senter des activit\u00e9s commerciales ou des activit\u00e9s ill\u00e9gales.<\/p><p>Par la pr\u00e9sente, vous accordez \u00e0 EcoGlam Packaging Co.Ltd une licence non exclusive pour utiliser, reproduire, \u00e9diter et autoriser d'autres personnes \u00e0 utiliser, reproduire et \u00e9diter n'importe lequel de vos commentaires sous n'importe quelle forme, format ou m\u00e9dia.<\/p>\t\t\t\t\t\t<\/div>\n\t\t\t\t<\/div>\n\t\t\t\t<div class=\"elementor-element elementor-element-79279a2 elementor-widget elementor-widget-heading\" data-id=\"79279a2\" data-element_type=\"widget\" data-widget_type=\"heading.default\">\n\t\t\t\t<div class=\"elementor-widget-container\">\n\t\t\t<h2 class=\"elementor-heading-title elementor-size-default\">Hyperliens vers notre contenu :<\/h2>\t\t<\/div>\n\t\t\t\t<\/div>\n\t\t\t\t<div class=\"elementor-element elementor-element-487b672 elementor-widget elementor-widget-text-editor\" data-id=\"487b672\" data-element_type=\"widget\" data-widget_type=\"text-editor.default\">\n\t\t\t\t<div class=\"elementor-widget-container\">\n\t\t\t\t\t\t\t<p>Les organisations suivantes peuvent \u00e9tablir un lien avec notre site web sans autorisation \u00e9crite pr\u00e9alable :<\/p><p>\u00a0 \u00a0 \u00a0\u25cf Les agences gouvernementales ;<\/p><p>\u00a0 \u00a0 \u00a0\u25cf Les moteurs de recherche ;<\/p><p>\u00a0 \u00a0 \u00a0\u25cf Organismes de presse ;<\/p><p>\u00a0 \u00a0 \u00a0\u25cf Les distributeurs d'annuaires en ligne peuvent \u00e9tablir un lien vers notre site web de la m\u00eame mani\u00e8re qu'ils \u00e9tablissent un lien hypertexte vers les sites web d'autres entreprises r\u00e9pertori\u00e9es ; et<\/p><p>\u00a0 \u00a0 \u00a0\u25cf Les entreprises accr\u00e9dit\u00e9es \u00e0 l'\u00e9chelle du syst\u00e8me, \u00e0 l'exception des organisations \u00e0 but non lucratif de sollicitation, des centres commerciaux caritatifs et des groupes de collecte de fonds caritatifs qui ne peuvent pas cr\u00e9er d'hyperliens vers notre site Web.<\/p><p>Ces organisations peuvent \u00e9tablir un lien avec notre page d'accueil, nos publications ou d'autres informations sur le site web, \u00e0 condition que le lien (a) ne soit en aucun cas trompeur ; (b) n'implique pas faussement le parrainage, l'approbation ou le soutien de la partie qui \u00e9tablit le lien et de ses produits et\/ou services ; et (c) s'inscrive dans le contexte du site de la partie qui \u00e9tablit le lien.<\/p><p>Nous pouvons prendre en consid\u00e9ration et approuver d'autres demandes de liens \u00e9manant des types d'organisations suivants :<\/p><p>\u00a0 \u00a0 \u00a0\u25cf des sources d'information couramment connues des consommateurs et\/ou des entreprises ;<\/p><p>\u00a0 \u00a0 \u00a0\u25cf les sites communautaires dot.com ;<\/p><p>\u00a0 \u00a0 \u00a0\u25cf les associations ou autres groupes repr\u00e9sentant les organismes de bienfaisance ;<\/p><p>\u00a0 \u00a0 \u00a0\u25cf les distributeurs d'annuaires en ligne ;<\/p><p>\u00a0 \u00a0 \u00a0\u25cf les portails internet ;<\/p><p>\u00a0 \u00a0 \u00a0\u25cf les cabinets d'experts-comptables, d'avocats et de consultants ; et<\/p><p>\u00a0 \u00a0 \u00a0\u25cf les \u00e9tablissements d'enseignement et les associations professionnelles.<\/p><p>Nous approuverons les demandes de liens \u00e9manant de ces organisations si nous d\u00e9cidons que : (a) le lien ne nous donnera pas une image d\u00e9favorable de nous-m\u00eames ou de nos entreprises accr\u00e9dit\u00e9es ; (b) l'organisation n'a pas d'ant\u00e9c\u00e9dents n\u00e9gatifs avec nous ; (c) l'avantage que nous tirons de la visibilit\u00e9 de l'hyperlien compense l'absence d'EcoGlam Packaging Co.Ltd ; et (d) le lien s'inscrit dans le contexte d'informations g\u00e9n\u00e9rales sur les ressources.<\/p><p>Ces organisations peuvent \u00e9tablir un lien avec notre page d'accueil, \u00e0 condition que ce lien (a) ne soit en aucun cas trompeur ; (b) n'implique pas faussement le parrainage, l'approbation ou le soutien de la partie qui \u00e9tablit le lien et de ses produits ou services ; et (c) s'inscrive dans le contexte du site de la partie qui \u00e9tablit le lien.<\/p><p>Si vous \u00eates l'une des organisations \u00e9num\u00e9r\u00e9es au paragraphe 2 ci-dessus et que vous souhaitez \u00e9tablir un lien avec notre site web, vous devez nous en informer en envoyant un courrier \u00e9lectronique \u00e0 EcoGlam Packaging Co.Ltd. Veuillez inclure votre nom, le nom de votre organisation, vos coordonn\u00e9es ainsi que l'URL de votre site, une liste des URL \u00e0 partir desquels vous avez l'intention de cr\u00e9er un lien vers notre site web, et une liste des URL de notre site vers lesquels vous aimeriez cr\u00e9er un lien. Attendez 2 \u00e0 3 semaines pour obtenir une r\u00e9ponse.<\/p><p>Les organisations agr\u00e9\u00e9es peuvent \u00e9tablir des liens hypertextes vers notre site web de la mani\u00e8re suivante :<\/p><p>\u00a0 \u00a0 \u00a0\u25cf Par l'utilisation de notre d\u00e9nomination sociale ; ou<\/p><p>\u00a0 \u00a0 \u00a0\u25cf par l'utilisation du localisateur de ressources uniformes vers lequel le lien est \u00e9tabli ; ou<\/p><p>\u00a0 \u00a0 \u00a0\u25cf L'utilisation de toute autre description de notre site Web faisant l'objet d'un lien qui a du sens dans le contexte et le format du contenu du site de la partie qui \u00e9tablit le lien.<\/p><p>Aucune utilisation du logo d'EcoGlam Packaging Co.Ltd ou d'autres illustrations ne sera autoris\u00e9e pour l'\u00e9tablissement de liens en l'absence d'un accord de licence de marque.<\/p>\t\t\t\t\t\t<\/div>\n\t\t\t\t<\/div>\n\t\t\t\t<div class=\"elementor-element elementor-element-d1a01da elementor-widget elementor-widget-heading\" data-id=\"d1a01da\" data-element_type=\"widget\" data-widget_type=\"heading.default\">\n\t\t\t\t<div class=\"elementor-widget-container\">\n\t\t\t<h2 class=\"elementor-heading-title elementor-size-default\">Responsabilit\u00e9 du contenu :<\/h2>\t\t<\/div>\n\t\t\t\t<\/div>\n\t\t\t\t<div class=\"elementor-element elementor-element-d859e0e elementor-widget elementor-widget-text-editor\" data-id=\"d859e0e\" data-element_type=\"widget\" data-widget_type=\"text-editor.default\">\n\t\t\t\t<div class=\"elementor-widget-container\">\n\t\t\t\t\t\t\t<p>Nous ne pouvons \u00eatre tenus responsables du contenu qui appara\u00eet sur votre site web. Vous acceptez de nous prot\u00e9ger et de nous d\u00e9fendre contre toute r\u00e9clamation soulev\u00e9e sur votre site web. Aucun lien ne doit appara\u00eetre sur un site web qui pourrait \u00eatre interpr\u00e9t\u00e9 comme diffamatoire, obsc\u00e8ne ou criminel, ou qui enfreint, viole ou pr\u00e9conise l'enfreinte ou la violation des droits d'un tiers.<\/p>\t\t\t\t\t\t<\/div>\n\t\t\t\t<\/div>\n\t\t\t\t<div class=\"elementor-element elementor-element-e487235 elementor-widget elementor-widget-heading\" data-id=\"e487235\" data-element_type=\"widget\" data-widget_type=\"heading.default\">\n\t\t\t\t<div class=\"elementor-widget-container\">\n\t\t\t<h2 class=\"elementor-heading-title elementor-size-default\">R\u00e9serve de droits :<\/h2>\t\t<\/div>\n\t\t\t\t<\/div>\n\t\t\t\t<div class=\"elementor-element elementor-element-882df16 elementor-widget elementor-widget-text-editor\" data-id=\"882df16\" data-element_type=\"widget\" data-widget_type=\"text-editor.default\">\n\t\t\t\t<div class=\"elementor-widget-container\">\n\t\t\t\t\t\t\t<p>Nous nous r\u00e9servons le droit de vous demander de supprimer tous les liens ou un lien particulier vers notre site web. Vous acceptez de supprimer imm\u00e9diatement tous les liens vers notre site web sur demande. Nous nous r\u00e9servons \u00e9galement le droit de modifier \u00e0 tout moment les pr\u00e9sentes conditions g\u00e9n\u00e9rales et notre politique en mati\u00e8re de liens. En continuant \u00e0 \u00e9tablir des liens vers notre site web, vous acceptez d'\u00eatre li\u00e9 par les pr\u00e9sentes conditions g\u00e9n\u00e9rales et de les respecter.<\/p>\t\t\t\t\t\t<\/div>\n\t\t\t\t<\/div>\n\t\t\t\t<div class=\"elementor-element elementor-element-b6f0c9b elementor-widget elementor-widget-heading\" data-id=\"b6f0c9b\" data-element_type=\"widget\" data-widget_type=\"heading.default\">\n\t\t\t\t<div class=\"elementor-widget-container\">\n\t\t\t<h2 class=\"elementor-heading-title elementor-size-default\">Suppression de liens sur notre site web :<\/h2>\t\t<\/div>\n\t\t\t\t<\/div>\n\t\t\t\t<div class=\"elementor-element elementor-element-fa2c538 elementor-widget elementor-widget-text-editor\" data-id=\"fa2c538\" data-element_type=\"widget\" data-widget_type=\"text-editor.default\">\n\t\t\t\t<div class=\"elementor-widget-container\">\n\t\t\t\t\t\t\t<p>Si vous trouvez un lien sur notre site web qui est offensant pour quelque raison que ce soit, vous \u00eates libre de nous contacter et de nous en informer \u00e0 tout moment. Nous examinerons les demandes de suppression de liens, mais nous ne sommes pas oblig\u00e9s de le faire ou de vous r\u00e9pondre directement.<\/p><p>Nous ne garantissons pas l'exactitude des informations figurant sur ce site web. Nous ne garantissons pas leur exhaustivit\u00e9 ou leur exactitude, et nous ne nous engageons pas non plus \u00e0 garantir que le site reste disponible ou que le mat\u00e9riel qu'il contient soit tenu \u00e0 jour.<\/p>\t\t\t\t\t\t<\/div>\n\t\t\t\t<\/div>\n\t\t\t\t<div class=\"elementor-element elementor-element-0554749 elementor-widget elementor-widget-heading\" data-id=\"0554749\" data-element_type=\"widget\" data-widget_type=\"heading.default\">\n\t\t\t\t<div class=\"elementor-widget-container\">\n\t\t\t<h2 class=\"elementor-heading-title elementor-size-default\">Avis de non-responsabilit\u00e9 :<\/h2>\t\t<\/div>\n\t\t\t\t<\/div>\n\t\t\t\t<div class=\"elementor-element elementor-element-6017c33 elementor-widget elementor-widget-text-editor\" data-id=\"6017c33\" data-element_type=\"widget\" data-widget_type=\"text-editor.default\">\n\t\t\t\t<div class=\"elementor-widget-container\">\n\t\t\t\t\t\t\t<p>Dans toute la mesure permise par la loi applicable, nous excluons toutes les repr\u00e9sentations, garanties et conditions relatives \u00e0 notre site web et \u00e0 l'utilisation de ce site. Aucune disposition de la pr\u00e9sente clause de non-responsabilit\u00e9 n'est applicable :<\/p><p>\u00a0 \u00a0 \u00a0\u25cf limiter ou exclure notre ou votre responsabilit\u00e9 en cas de d\u00e9c\u00e8s ou de dommages corporels ;<\/p><p>\u00a0 \u00a0 \u00a0\u25cf limiter ou exclure notre ou votre responsabilit\u00e9 en cas de fraude ou de d\u00e9claration frauduleuse ;<\/p><p>\u00a0 \u00a0 \u00a0\u25cf limiter l'une quelconque de nos ou de vos responsabilit\u00e9s d'une mani\u00e8re qui n'est pas autoris\u00e9e par la loi applicable ; ou<\/p><p>\u00a0 \u00a0 \u00a0\u25cf exclure l'une quelconque de nos ou de vos responsabilit\u00e9s qui ne peuvent \u00eatre exclues en vertu du droit applicable.<\/p><p>Les limitations et interdictions de responsabilit\u00e9 \u00e9nonc\u00e9es dans cette section et ailleurs dans la pr\u00e9sente clause de non-responsabilit\u00e9 : (a) sont soumises au paragraphe pr\u00e9c\u00e9dent ; et (b) r\u00e9gissent toutes les responsabilit\u00e9s d\u00e9coulant de la clause de non-responsabilit\u00e9, y compris les responsabilit\u00e9s contractuelles, d\u00e9lictuelles et en cas de violation d'une obligation l\u00e9gale.<\/p><p>Tant que le site web et les informations et services qu'il contient sont fournis gratuitement, nous ne sommes pas responsables des pertes ou dommages de quelque nature que ce soit.<\/p>\t\t\t\t\t\t<\/div>\n\t\t\t\t<\/div>\n\t\t\t\t<div class=\"elementor-element elementor-element-d7599d6 elementor-widget elementor-widget-heading\" data-id=\"d7599d6\" data-element_type=\"widget\" data-widget_type=\"heading.default\">\n\t\t\t\t<div class=\"elementor-widget-container\">\n\t\t\t<h2 class=\"elementor-heading-title elementor-size-default\">Nous contacter<\/h2>\t\t<\/div>\n\t\t\t\t<\/div>\n\t\t\t\t<div class=\"elementor-element elementor-element-e39fbd6 elementor-widget elementor-widget-text-editor\" data-id=\"e39fbd6\" data-element_type=\"widget\" data-widget_type=\"text-editor.default\">\n\t\t\t\t<div class=\"elementor-widget-container\">\n\t\t\t\t\t\t\t<p>Pour toute question ou pr\u00e9occupation concernant nos conditions g\u00e9n\u00e9rales, vous pouvez nous contacter en utilisant les coordonn\u00e9es suivantes :<\/p><p>Elena Zhang<\/p><p>elena@ecosmetictube.com<\/p>\t\t\t\t\t\t<\/div>\n\t\t\t\t<\/div>\n\t\t\t\t\t<\/div>\n\t\t<\/div>\n\t\t\t\t\t\t\t<\/div>\n\t\t<\/section>\n\t\t\t\t\t\t\t<\/div>","protected":false},"excerpt":{"rendered":"<p>Terms &#038; Conditions Welcome to EcoGlam! These terms and conditions outline the rules and regulations for the use of EcoGlam\u2019s Website, located at https:\/\/ecosmetictube.com\/. By accessing this website, we assume you accept these terms and conditions. Do not continue to use EcoGlam\u00a0if you do not agree to take all of the terms and conditions stated [&hellip;]<\/p>","protected":false},"author":1,"featured_media":0,"parent":0,"menu_order":0,"comment_status":"closed","ping_status":"closed","template":"","meta":[],"_links":{"self":[{"href":"https:\/\/ecosmetictube.com\/fr\/wp-json\/wp\/v2\/pages\/1603"}],"collection":[{"href":"https:\/\/ecosmetictube.com\/fr\/wp-json\/wp\/v2\/pages"}],"about":[{"href":"https:\/\/ecosmetictube.com\/fr\/wp-json\/wp\/v2\/types\/page"}],"author":[{"embeddable":true,"href":"https:\/\/ecosmetictube.com\/fr\/wp-json\/wp\/v2\/users\/1"}],"replies":[{"embeddable":true,"href":"https:\/\/ecosmetictube.com\/fr\/wp-json\/wp\/v2\/comments?post=1603"}],"version-history":[{"count":15,"href":"https:\/\/ecosmetictube.com\/fr\/wp-json\/wp\/v2\/pages\/1603\/revisions"}],"predecessor-version":[{"id":2553,"href":"https:\/\/ecosmetictube.com\/fr\/wp-json\/wp\/v2\/pages\/1603\/revisions\/2553"}],"wp:attachment":[{"href":"https:\/\/ecosmetictube.com\/fr\/wp-json\/wp\/v2\/media?parent=1603"}],"curies":[{"name":"wp","href":"https:\/\/api.w.org\/{rel}","templated":true}]}}