{"id":1258,"date":"2023-11-27T14:26:39","date_gmt":"2023-11-27T06:26:39","guid":{"rendered":"https:\/\/ecosmetictube.com\/?post_type=product&#038;p=1258"},"modified":"2023-11-27T14:27:32","modified_gmt":"2023-11-27T06:27:32","slug":"150ml-plastic-cosmetic-tube-with-silver-plated-screw-cap-for-mens-mineral-cleansing-foam","status":"publish","type":"product","link":"https:\/\/ecosmetictube.com\/es\/producto\/150ml-plastic-cosmetic-tube-with-silver-plated-screw-cap-for-mens-mineral-cleansing-foam\/","title":{"rendered":"Tubo cosm\u00e9tico de pl\u00e1stico de 150 ml con tap\u00f3n de rosca plateado para espuma limpiadora mineral para hombres"},"content":{"rendered":"","protected":false},"excerpt":{"rendered":"","protected":false},"featured_media":1259,"comment_status":"open","ping_status":"closed","template":"","meta":[],"product_cat":[27],"product_tag":[28,57,46],"_links":{"self":[{"href":"https:\/\/ecosmetictube.com\/es\/wp-json\/wp\/v2\/product\/1258"}],"collection":[{"href":"https:\/\/ecosmetictube.com\/es\/wp-json\/wp\/v2\/product"}],"about":[{"href":"https:\/\/ecosmetictube.com\/es\/wp-json\/wp\/v2\/types\/product"}],"replies":[{"embeddable":true,"href":"https:\/\/ecosmetictube.com\/es\/wp-json\/wp\/v2\/comments?post=1258"}],"wp:featuredmedia":[{"embeddable":true,"href":"https:\/\/ecosmetictube.com\/es\/wp-json\/wp\/v2\/media\/1259"}],"wp:attachment":[{"href":"https:\/\/ecosmetictube.com\/es\/wp-json\/wp\/v2\/media?parent=1258"}],"wp:term":[{"taxonomy":"product_cat","embeddable":true,"href":"https:\/\/ecosmetictube.com\/es\/wp-json\/wp\/v2\/product_cat?post=1258"},{"taxonomy":"product_tag","embeddable":true,"href":"https:\/\/ecosmetictube.com\/es\/wp-json\/wp\/v2\/product_tag?post=1258"}],"curies":[{"name":"wp","href":"https:\/\/api.w.org\/{rel}","templated":true}]}}