{"id":1157,"date":"2023-11-27T11:20:32","date_gmt":"2023-11-27T03:20:32","guid":{"rendered":"https:\/\/ecosmetictube.com\/?post_type=product&#038;p=1157"},"modified":"2023-11-27T11:26:15","modified_gmt":"2023-11-27T03:26:15","slug":"unique-customized-color-hand-cream-tube-with-twin-chamber-and-double-screw-cap-design","status":"publish","type":"product","link":"https:\/\/ecosmetictube.com\/es\/producto\/unique-customized-color-hand-cream-tube-with-twin-chamber-and-double-screw-cap-design\/","title":{"rendered":"Tubo de crema de manos de color personalizado \u00fanico con c\u00e1mara doble y dise\u00f1o de tap\u00f3n de rosca doble"},"content":{"rendered":"","protected":false},"excerpt":{"rendered":"","protected":false},"featured_media":1158,"comment_status":"open","ping_status":"closed","template":"","meta":[],"product_cat":[23],"product_tag":[55,24,56,46],"_links":{"self":[{"href":"https:\/\/ecosmetictube.com\/es\/wp-json\/wp\/v2\/product\/1157"}],"collection":[{"href":"https:\/\/ecosmetictube.com\/es\/wp-json\/wp\/v2\/product"}],"about":[{"href":"https:\/\/ecosmetictube.com\/es\/wp-json\/wp\/v2\/types\/product"}],"replies":[{"embeddable":true,"href":"https:\/\/ecosmetictube.com\/es\/wp-json\/wp\/v2\/comments?post=1157"}],"wp:featuredmedia":[{"embeddable":true,"href":"https:\/\/ecosmetictube.com\/es\/wp-json\/wp\/v2\/media\/1158"}],"wp:attachment":[{"href":"https:\/\/ecosmetictube.com\/es\/wp-json\/wp\/v2\/media?parent=1157"}],"wp:term":[{"taxonomy":"product_cat","embeddable":true,"href":"https:\/\/ecosmetictube.com\/es\/wp-json\/wp\/v2\/product_cat?post=1157"},{"taxonomy":"product_tag","embeddable":true,"href":"https:\/\/ecosmetictube.com\/es\/wp-json\/wp\/v2\/product_tag?post=1157"}],"curies":[{"name":"wp","href":"https:\/\/api.w.org\/{rel}","templated":true}]}}