{"id":3,"date":"2022-12-09T02:58:43","date_gmt":"2022-12-09T02:58:43","guid":{"rendered":"http:\/\/ecosmetictube.com\/?page_id=3"},"modified":"2023-12-27T11:01:06","modified_gmt":"2023-12-27T03:01:06","slug":"privacy-policy","status":"publish","type":"page","link":"https:\/\/ecosmetictube.com\/es\/privacy-policy\/","title":{"rendered":"Pol\u00edtica de privacidad"},"content":{"rendered":"<div data-elementor-type=\"wp-page\" data-elementor-id=\"3\" class=\"elementor elementor-3\">\n\t\t\t\t\t\t\t\t\t<section class=\"elementor-section elementor-top-section elementor-element elementor-element-f5b0ab5 elementor-section-boxed elementor-section-height-default elementor-section-height-default\" data-id=\"f5b0ab5\" data-element_type=\"section\" data-settings=\"{&quot;background_background&quot;:&quot;classic&quot;}\">\n\t\t\t\t\t\t<div class=\"elementor-container elementor-column-gap-default\">\n\t\t\t\t\t<div class=\"elementor-column elementor-col-100 elementor-top-column elementor-element elementor-element-8fd1561\" data-id=\"8fd1561\" data-element_type=\"column\" data-settings=\"{&quot;background_background&quot;:&quot;classic&quot;}\">\n\t\t\t<div class=\"elementor-widget-wrap elementor-element-populated\">\n\t\t\t\t\t\t\t\t<div class=\"elementor-element elementor-element-57a38e5 elementor-widget elementor-widget-heading\" data-id=\"57a38e5\" data-element_type=\"widget\" data-widget_type=\"heading.default\">\n\t\t\t\t<div class=\"elementor-widget-container\">\n\t\t\t<style>\/*! elementor - v3.9.0 - 06-12-2022 *\/\n.elementor-heading-title{padding:0;margin:0;line-height:1}.elementor-widget-heading .elementor-heading-title[class*=elementor-size-]>a{color:inherit;font-size:inherit;line-height:inherit}.elementor-widget-heading .elementor-heading-title.elementor-size-small{font-size:15px}.elementor-widget-heading .elementor-heading-title.elementor-size-medium{font-size:19px}.elementor-widget-heading .elementor-heading-title.elementor-size-large{font-size:29px}.elementor-widget-heading .elementor-heading-title.elementor-size-xl{font-size:39px}.elementor-widget-heading .elementor-heading-title.elementor-size-xxl{font-size:59px}<\/style><h1 class=\"elementor-heading-title elementor-size-default\">Pol\u00edtica de privacidad<\/h1>\t\t<\/div>\n\t\t\t\t<\/div>\n\t\t\t\t<div class=\"elementor-element elementor-element-b8941cc elementor-widget elementor-widget-text-editor\" data-id=\"b8941cc\" data-element_type=\"widget\" data-widget_type=\"text-editor.default\">\n\t\t\t\t<div class=\"elementor-widget-container\">\n\t\t\t<style>\/*! elementor - v3.9.0 - 06-12-2022 *\/\n.elementor-widget-text-editor.elementor-drop-cap-view-stacked .elementor-drop-cap{background-color:#818a91;color:#fff}.elementor-widget-text-editor.elementor-drop-cap-view-framed .elementor-drop-cap{color:#818a91;border:3px solid;background-color:transparent}.elementor-widget-text-editor:not(.elementor-drop-cap-view-default) .elementor-drop-cap{margin-top:8px}.elementor-widget-text-editor:not(.elementor-drop-cap-view-default) .elementor-drop-cap-letter{width:1em;height:1em}.elementor-widget-text-editor .elementor-drop-cap{float:left;text-align:center;line-height:1;font-size:50px}.elementor-widget-text-editor .elementor-drop-cap-letter{display:inline-block}<\/style>\t\t\t\t<p>Tu privacidad es importante para nosotros. Es pol\u00edtica de EcoGlam respetar su privacidad y cumplir con las leyes y reglamentos aplicables en relaci\u00f3n con cualquier informaci\u00f3n personal que podamos recopilar sobre usted, incluso a trav\u00e9s de nuestro sitio web, <span style=\"text-decoration: underline;\"><a href=\"https:\/\/ecosmetictube.com\/es\/\">https:\/\/ecosmetictube.com\/<\/a><\/span> y otros sitios que poseemos y gestionamos.<\/p><p>Esta pol\u00edtica est\u00e1 actualizada a 6 Nov 2023.<\/p>\t\t\t\t\t\t<\/div>\n\t\t\t\t<\/div>\n\t\t\t\t<div class=\"elementor-element elementor-element-10374bf elementor-widget elementor-widget-heading\" data-id=\"10374bf\" data-element_type=\"widget\" data-widget_type=\"heading.default\">\n\t\t\t\t<div class=\"elementor-widget-container\">\n\t\t\t<h2 class=\"elementor-heading-title elementor-size-default\">Informaci\u00f3n que recopilamos<\/h2>\t\t<\/div>\n\t\t\t\t<\/div>\n\t\t\t\t<div class=\"elementor-element elementor-element-d4c3b6f elementor-widget elementor-widget-text-editor\" data-id=\"d4c3b6f\" data-element_type=\"widget\" data-widget_type=\"text-editor.default\">\n\t\t\t\t<div class=\"elementor-widget-container\">\n\t\t\t\t\t\t\t<p>La informaci\u00f3n que recopilamos incluye tanto la informaci\u00f3n que usted nos proporciona consciente y activamente al utilizar o participar en cualquiera de nuestros servicios y promociones, como cualquier informaci\u00f3n enviada autom\u00e1ticamente por sus dispositivos en el curso del acceso a nuestros productos y servicios.<\/p>\t\t\t\t\t\t<\/div>\n\t\t\t\t<\/div>\n\t\t\t\t<div class=\"elementor-element elementor-element-99c7e0b elementor-widget elementor-widget-heading\" data-id=\"99c7e0b\" data-element_type=\"widget\" data-widget_type=\"heading.default\">\n\t\t\t\t<div class=\"elementor-widget-container\">\n\t\t\t<h2 class=\"elementor-heading-title elementor-size-default\">Datos de registro<\/h2>\t\t<\/div>\n\t\t\t\t<\/div>\n\t\t\t\t<div class=\"elementor-element elementor-element-d8babf2 elementor-widget elementor-widget-text-editor\" data-id=\"d8babf2\" data-element_type=\"widget\" data-widget_type=\"text-editor.default\">\n\t\t\t\t<div class=\"elementor-widget-container\">\n\t\t\t\t\t\t\t<p>Cuando visita nuestro sitio web, nuestros servidores pueden registrar autom\u00e1ticamente los datos est\u00e1ndar proporcionados por su navegador web. Puede incluir la direcci\u00f3n de protocolo de Internet (IP) de su dispositivo, el tipo y la versi\u00f3n de su navegador, las p\u00e1ginas que visita, la hora y la fecha de su visita, el tiempo que pasa en cada p\u00e1gina, otros detalles sobre su visita y detalles t\u00e9cnicos que se producen junto con los errores que pueda encontrar.<\/p><p>Tenga en cuenta que, si bien esta informaci\u00f3n puede no ser personalmente identificable por s\u00ed misma, puede ser posible combinarla con otros datos para identificar personalmente a personas concretas.<\/p>\t\t\t\t\t\t<\/div>\n\t\t\t\t<\/div>\n\t\t\t\t<div class=\"elementor-element elementor-element-1162dea elementor-widget elementor-widget-heading\" data-id=\"1162dea\" data-element_type=\"widget\" data-widget_type=\"heading.default\">\n\t\t\t\t<div class=\"elementor-widget-container\">\n\t\t\t<h2 class=\"elementor-heading-title elementor-size-default\">Informaci\u00f3n personal<\/h2>\t\t<\/div>\n\t\t\t\t<\/div>\n\t\t\t\t<div class=\"elementor-element elementor-element-cb5fa80 elementor-widget elementor-widget-text-editor\" data-id=\"cb5fa80\" data-element_type=\"widget\" data-widget_type=\"text-editor.default\">\n\t\t\t\t<div class=\"elementor-widget-container\">\n\t\t\t\t\t\t\t<p>Podemos solicitar informaci\u00f3n personal que puede incluir uno o m\u00e1s de los siguientes datos:<\/p>\t\t\t\t\t\t<\/div>\n\t\t\t\t<\/div>\n\t\t\t\t<div class=\"elementor-element elementor-element-dc4f400 elementor-widget elementor-widget-text-editor\" data-id=\"dc4f400\" data-element_type=\"widget\" data-widget_type=\"text-editor.default\">\n\t\t\t\t<div class=\"elementor-widget-container\">\n\t\t\t\t\t\t\t<p>\u00a0 \u00a0 \u00a0\u25cf Nombre<\/p><p>\u00a0 \u00a0 \u00a0\u25cf Correo electr\u00f3nico<\/p><p>\u00a0 \u00a0 \u00a0\u25cf Nombre de la empresa<\/p><p>\u00a0 \u00a0 \u00a0\u25cf N\u00famero de tel\u00e9fono<\/p>\t\t\t\t\t\t<\/div>\n\t\t\t\t<\/div>\n\t\t\t\t<div class=\"elementor-element elementor-element-6c6a10f elementor-widget elementor-widget-heading\" data-id=\"6c6a10f\" data-element_type=\"widget\" data-widget_type=\"heading.default\">\n\t\t\t\t<div class=\"elementor-widget-container\">\n\t\t\t<h2 class=\"elementor-heading-title elementor-size-default\">Motivos leg\u00edtimos para tratar sus datos personales<\/h2>\t\t<\/div>\n\t\t\t\t<\/div>\n\t\t\t\t<div class=\"elementor-element elementor-element-d5815ec elementor-widget elementor-widget-text-editor\" data-id=\"d5815ec\" data-element_type=\"widget\" data-widget_type=\"text-editor.default\">\n\t\t\t\t<div class=\"elementor-widget-container\">\n\t\t\t\t\t\t\t<p>S\u00f3lo recogemos y utilizamos sus datos personales cuando tenemos un motivo leg\u00edtimo para hacerlo. En ese caso, s\u00f3lo recogemos la informaci\u00f3n personal que es razonablemente necesaria para prestarle nuestros servicios.<\/p>\t\t\t\t\t\t<\/div>\n\t\t\t\t<\/div>\n\t\t\t\t<div class=\"elementor-element elementor-element-3d24630 elementor-widget elementor-widget-heading\" data-id=\"3d24630\" data-element_type=\"widget\" data-widget_type=\"heading.default\">\n\t\t\t\t<div class=\"elementor-widget-container\">\n\t\t\t<h2 class=\"elementor-heading-title elementor-size-default\">Recogida y uso de la informaci\u00f3n<\/h2>\t\t<\/div>\n\t\t\t\t<\/div>\n\t\t\t\t<div class=\"elementor-element elementor-element-16d485f elementor-widget elementor-widget-text-editor\" data-id=\"16d485f\" data-element_type=\"widget\" data-widget_type=\"text-editor.default\">\n\t\t\t\t<div class=\"elementor-widget-container\">\n\t\t\t\t\t\t\t<p>Podemos recopilar informaci\u00f3n personal sobre usted cuando realice cualquiera de las siguientes acciones en nuestro sitio web:<\/p>\t\t\t\t\t\t<\/div>\n\t\t\t\t<\/div>\n\t\t\t\t<div class=\"elementor-element elementor-element-2dd49c0 elementor-widget elementor-widget-text-editor\" data-id=\"2dd49c0\" data-element_type=\"widget\" data-widget_type=\"text-editor.default\">\n\t\t\t\t<div class=\"elementor-widget-container\">\n\t\t\t\t\t\t\t<p>\u00a0 \u00a0 \u00a0\u25cf Utilizar un dispositivo m\u00f3vil o un navegador web para acceder a nuestros contenidos.<\/p><p>\u00a0 \u00a0 \u00a0\u25cf Ponerse en contacto con nosotros por correo electr\u00f3nico, redes sociales o cualquier tecnolog\u00eda similar.<\/p><p>\u00a0 \u00a0 \u00a0Cuando nos mencione en las redes sociales<\/p>\t\t\t\t\t\t<\/div>\n\t\t\t\t<\/div>\n\t\t\t\t<div class=\"elementor-element elementor-element-0e31aa6 elementor-widget elementor-widget-text-editor\" data-id=\"0e31aa6\" data-element_type=\"widget\" data-widget_type=\"text-editor.default\">\n\t\t\t\t<div class=\"elementor-widget-container\">\n\t\t\t\t\t\t\t<p>Podemos recoger, conservar, utilizar y divulgar informaci\u00f3n para los fines que se indican a continuaci\u00f3n, y la informaci\u00f3n personal no ser\u00e1 tratada de forma incompatible con dichos fines:<\/p><p>Podemos recoger, conservar, utilizar y divulgar informaci\u00f3n para los fines que se indican a continuaci\u00f3n, y la informaci\u00f3n personal no ser\u00e1 tratada de forma incompatible con dichos fines:<\/p><p>\u00a0 \u00a0 \u00a0\u25cf para permitirle adaptar o personalizar su experiencia en nuestro sitio web<\/p><p>\u00a0 \u00a0 \u00a0\u25cf para an\u00e1lisis, estudios de mercado y desarrollo empresarial, incluido el funcionamiento y la mejora de nuestro sitio web, aplicaciones asociadas y plataformas de medios sociales asociadas.<\/p><p>Tenga en cuenta que podemos combinar la informaci\u00f3n que recopilamos sobre usted con informaci\u00f3n general o datos de investigaci\u00f3n que recibimos de otras fuentes de confianza.<\/p>\t\t\t\t\t\t<\/div>\n\t\t\t\t<\/div>\n\t\t\t\t<div class=\"elementor-element elementor-element-22fe760 elementor-widget elementor-widget-heading\" data-id=\"22fe760\" data-element_type=\"widget\" data-widget_type=\"heading.default\">\n\t\t\t\t<div class=\"elementor-widget-container\">\n\t\t\t<h2 class=\"elementor-heading-title elementor-size-default\">Seguridad de sus datos personales<\/h2>\t\t<\/div>\n\t\t\t\t<\/div>\n\t\t\t\t<div class=\"elementor-element elementor-element-6cd9fa8 elementor-widget elementor-widget-text-editor\" data-id=\"6cd9fa8\" data-element_type=\"widget\" data-widget_type=\"text-editor.default\">\n\t\t\t\t<div class=\"elementor-widget-container\">\n\t\t\t\t\t\t\t<p>Cuando recopilemos y procesemos informaci\u00f3n personal, y mientras conservemos esta informaci\u00f3n, la protegeremos con medios comercialmente aceptables para evitar p\u00e9rdidas y robos, as\u00ed como el acceso, la divulgaci\u00f3n, la copia, el uso o la modificaci\u00f3n no autorizados.<\/p><p>Aunque haremos todo lo posible para proteger la informaci\u00f3n personal que nos facilite, le advertimos de que ning\u00fan m\u00e9todo de transmisi\u00f3n o almacenamiento electr\u00f3nico es 100% seguro, y nadie puede garantizar la seguridad absoluta de los datos. Cumpliremos la legislaci\u00f3n que nos sea aplicable en relaci\u00f3n con cualquier violaci\u00f3n de datos.<\/p><p>Usted es responsable de la selecci\u00f3n de cualquier contrase\u00f1a y de su nivel general de seguridad, garantizando la seguridad de su propia informaci\u00f3n dentro de los l\u00edmites de nuestros servicios.<\/p>\t\t\t\t\t\t<\/div>\n\t\t\t\t<\/div>\n\t\t\t\t<div class=\"elementor-element elementor-element-f566177 elementor-widget elementor-widget-heading\" data-id=\"f566177\" data-element_type=\"widget\" data-widget_type=\"heading.default\">\n\t\t\t\t<div class=\"elementor-widget-container\">\n\t\t\t<h2 class=\"elementor-heading-title elementor-size-default\">Cu\u00e1nto tiempo conservamos sus datos personales<\/h2>\t\t<\/div>\n\t\t\t\t<\/div>\n\t\t\t\t<div class=\"elementor-element elementor-element-ddaaea8 elementor-widget elementor-widget-text-editor\" data-id=\"ddaaea8\" data-element_type=\"widget\" data-widget_type=\"text-editor.default\">\n\t\t\t\t<div class=\"elementor-widget-container\">\n\t\t\t\t\t\t\t<p>Conservamos sus datos personales s\u00f3lo el tiempo necesario. Este periodo de tiempo puede depender del uso que hagamos de su informaci\u00f3n, de acuerdo con esta pol\u00edtica de privacidad. Si su informaci\u00f3n personal deja de ser necesaria, la borraremos o la haremos an\u00f3nima eliminando todos los datos que le identifiquen.<\/p><p>No obstante, en caso necesario, podremos conservar sus datos personales para cumplir con una obligaci\u00f3n legal, contable o de informaci\u00f3n, o para fines de archivo en inter\u00e9s p\u00fablico, fines de investigaci\u00f3n cient\u00edfica o hist\u00f3rica o fines estad\u00edsticos.<\/p>\t\t\t\t\t\t<\/div>\n\t\t\t\t<\/div>\n\t\t\t\t<div class=\"elementor-element elementor-element-115ea87 elementor-widget elementor-widget-heading\" data-id=\"115ea87\" data-element_type=\"widget\" data-widget_type=\"heading.default\">\n\t\t\t\t<div class=\"elementor-widget-container\">\n\t\t\t<h2 class=\"elementor-heading-title elementor-size-default\">Privacidad infantil<\/h2>\t\t<\/div>\n\t\t\t\t<\/div>\n\t\t\t\t<div class=\"elementor-element elementor-element-8053da9 elementor-widget elementor-widget-text-editor\" data-id=\"8053da9\" data-element_type=\"widget\" data-widget_type=\"text-editor.default\">\n\t\t\t\t<div class=\"elementor-widget-container\">\n\t\t\t\t\t\t\t<p>No dirigimos ninguno de nuestros productos o servicios directamente a ni\u00f1os menores de 13 a\u00f1os, y no recopilamos conscientemente informaci\u00f3n personal sobre ni\u00f1os menores de 13 a\u00f1os.<\/p>\t\t\t\t\t\t<\/div>\n\t\t\t\t<\/div>\n\t\t\t\t<div class=\"elementor-element elementor-element-62f6ede elementor-widget elementor-widget-heading\" data-id=\"62f6ede\" data-element_type=\"widget\" data-widget_type=\"heading.default\">\n\t\t\t\t<div class=\"elementor-widget-container\">\n\t\t\t<h2 class=\"elementor-heading-title elementor-size-default\">Transferencias internacionales de datos personales<\/h2>\t\t<\/div>\n\t\t\t\t<\/div>\n\t\t\t\t<div class=\"elementor-element elementor-element-69dfbf1 elementor-widget elementor-widget-text-editor\" data-id=\"69dfbf1\" data-element_type=\"widget\" data-widget_type=\"text-editor.default\">\n\t\t\t\t<div class=\"elementor-widget-container\">\n\t\t\t\t\t\t\t<p>La informaci\u00f3n personal que recopilamos se almacena y\/o procesa en los lugares en los que nosotros o nuestros socios, afiliados y proveedores externos disponemos de instalaciones. Tenga en cuenta que los lugares a los que almacenamos, procesamos o transferimos su informaci\u00f3n personal pueden no tener las mismas leyes de protecci\u00f3n de datos que el pa\u00eds en el que usted proporcion\u00f3 inicialmente la informaci\u00f3n. Si transferimos su informaci\u00f3n personal a terceros en otros pa\u00edses: (i) realizaremos esas transferencias de acuerdo con los requisitos de la legislaci\u00f3n aplicable; y (ii) protegeremos la informaci\u00f3n personal transferida de acuerdo con esta pol\u00edtica de privacidad.<\/p>\t\t\t\t\t\t<\/div>\n\t\t\t\t<\/div>\n\t\t\t\t<div class=\"elementor-element elementor-element-facb91e elementor-widget elementor-widget-heading\" data-id=\"facb91e\" data-element_type=\"widget\" data-widget_type=\"heading.default\">\n\t\t\t\t<div class=\"elementor-widget-container\">\n\t\t\t<h2 class=\"elementor-heading-title elementor-size-default\">Sus derechos y el control de sus datos personales<\/h2>\t\t<\/div>\n\t\t\t\t<\/div>\n\t\t\t\t<div class=\"elementor-element elementor-element-c4f3baa elementor-widget elementor-widget-text-editor\" data-id=\"c4f3baa\" data-element_type=\"widget\" data-widget_type=\"text-editor.default\">\n\t\t\t\t<div class=\"elementor-widget-container\">\n\t\t\t\t\t\t\t<p>Usted siempre conserva el derecho a no facilitarnos informaci\u00f3n personal, entendiendo que su experiencia en nuestro sitio web puede verse afectada. No le discriminaremos por ejercer cualquiera de sus derechos sobre su informaci\u00f3n personal. Si nos facilita informaci\u00f3n personal, entender\u00e1 que la recopilaremos, conservaremos, utilizaremos y divulgaremos de acuerdo con esta pol\u00edtica de privacidad. Usted conserva el derecho a solicitar detalles sobre cualquier informaci\u00f3n personal que tengamos sobre usted.<\/p><p>Si recibimos informaci\u00f3n personal sobre usted de un tercero, la protegeremos como se establece en esta pol\u00edtica de privacidad. Si usted es un tercero que facilita informaci\u00f3n personal sobre otra persona, declara y garantiza que cuenta con el consentimiento de dicha persona para facilitarnos la informaci\u00f3n personal.<\/p><p>Si ha aceptado previamente que utilicemos su informaci\u00f3n personal para fines de marketing directo, puede cambiar de opini\u00f3n en cualquier momento. Le ofreceremos la posibilidad de darse de baja de nuestra base de datos de correo electr\u00f3nico o de optar por no recibir comunicaciones. Tenga en cuenta que es posible que necesitemos solicitarle informaci\u00f3n espec\u00edfica que nos ayude a confirmar su identidad.<\/p><p>Si cree que la informaci\u00f3n que tenemos sobre usted es inexacta, obsoleta, incompleta, irrelevante o enga\u00f1osa, p\u00f3ngase en contacto con nosotros a trav\u00e9s de los datos que figuran en esta pol\u00edtica de privacidad. Tomaremos las medidas razonables para corregir cualquier informaci\u00f3n que resulte inexacta, incompleta, enga\u00f1osa o anticuada.<\/p><p>Si cree que hemos infringido alguna ley de protecci\u00f3n de datos y desea presentar una queja, p\u00f3ngase en contacto con nosotros utilizando los datos que figuran a continuaci\u00f3n y facil\u00edtenos todos los detalles de la presunta infracci\u00f3n. Investigaremos sin demora su reclamaci\u00f3n y le responderemos por escrito exponiendo el resultado de nuestra investigaci\u00f3n y las medidas que adoptaremos para tramitarla. Tambi\u00e9n tiene derecho a ponerse en contacto con un organismo regulador o una autoridad de protecci\u00f3n de datos en relaci\u00f3n con su queja.<\/p>\t\t\t\t\t\t<\/div>\n\t\t\t\t<\/div>\n\t\t\t\t<div class=\"elementor-element elementor-element-38fd000 elementor-widget elementor-widget-heading\" data-id=\"38fd000\" data-element_type=\"widget\" data-widget_type=\"heading.default\">\n\t\t\t\t<div class=\"elementor-widget-container\">\n\t\t\t<h2 class=\"elementor-heading-title elementor-size-default\">Uso de cookies<\/h2>\t\t<\/div>\n\t\t\t\t<\/div>\n\t\t\t\t<div class=\"elementor-element elementor-element-0b2ee7e elementor-widget elementor-widget-text-editor\" data-id=\"0b2ee7e\" data-element_type=\"widget\" data-widget_type=\"text-editor.default\">\n\t\t\t\t<div class=\"elementor-widget-container\">\n\t\t\t\t\t\t\t<p>Utilizamos \"cookies\" para recopilar informaci\u00f3n sobre usted y su actividad en nuestro sitio. Una cookie es un peque\u00f1o fragmento de datos que nuestro sitio web almacena en su ordenador y al que accede cada vez que nos visita, para que podamos entender c\u00f3mo utiliza nuestro sitio. Esto nos ayuda a ofrecerle contenidos basados en las preferencias que haya especificado.<\/p>\t\t\t\t\t\t<\/div>\n\t\t\t\t<\/div>\n\t\t\t\t<div class=\"elementor-element elementor-element-c265f7e elementor-widget elementor-widget-heading\" data-id=\"c265f7e\" data-element_type=\"widget\" data-widget_type=\"heading.default\">\n\t\t\t\t<div class=\"elementor-widget-container\">\n\t\t\t<h2 class=\"elementor-heading-title elementor-size-default\">L\u00edmites de nuestra pol\u00edtica<\/h2>\t\t<\/div>\n\t\t\t\t<\/div>\n\t\t\t\t<div class=\"elementor-element elementor-element-adf386c elementor-widget elementor-widget-text-editor\" data-id=\"adf386c\" data-element_type=\"widget\" data-widget_type=\"text-editor.default\">\n\t\t\t\t<div class=\"elementor-widget-container\">\n\t\t\t\t\t\t\t<p>Nuestro sitio web puede contener enlaces a sitios externos no gestionados por nosotros. Por favor, tenga en cuenta que no tenemos control sobre el contenido y las pol\u00edticas de esos sitios, y no podemos aceptar responsabilidad por sus respectivas pr\u00e1cticas de privacidad.<\/p>\t\t\t\t\t\t<\/div>\n\t\t\t\t<\/div>\n\t\t\t\t<div class=\"elementor-element elementor-element-f3183f3 elementor-widget elementor-widget-heading\" data-id=\"f3183f3\" data-element_type=\"widget\" data-widget_type=\"heading.default\">\n\t\t\t\t<div class=\"elementor-widget-container\">\n\t\t\t<h2 class=\"elementor-heading-title elementor-size-default\">Cambios en esta pol\u00edtica<\/h2>\t\t<\/div>\n\t\t\t\t<\/div>\n\t\t\t\t<div class=\"elementor-element elementor-element-4c1e2ec elementor-widget elementor-widget-text-editor\" data-id=\"4c1e2ec\" data-element_type=\"widget\" data-widget_type=\"text-editor.default\">\n\t\t\t\t<div class=\"elementor-widget-container\">\n\t\t\t\t\t\t\t<p>A nuestra discreci\u00f3n, podemos cambiar nuestra pol\u00edtica de privacidad para reflejar las actualizaciones de nuestros procesos de negocio, las pr\u00e1cticas actuales aceptables, o cambios legislativos o reglamentarios. Si decidimos cambiar esta pol\u00edtica de privacidad, publicaremos los cambios aqu\u00ed en el mismo enlace por el que est\u00e1 accediendo a esta pol\u00edtica de privacidad.<\/p><p>Si as\u00ed lo exige la ley, obtendremos su permiso o le daremos la oportunidad de aceptar o rechazar, seg\u00fan proceda, cualquier nuevo uso de su informaci\u00f3n personal.<\/p>\t\t\t\t\t\t<\/div>\n\t\t\t\t<\/div>\n\t\t\t\t<div class=\"elementor-element elementor-element-3c2737a elementor-widget elementor-widget-heading\" data-id=\"3c2737a\" data-element_type=\"widget\" data-widget_type=\"heading.default\">\n\t\t\t\t<div class=\"elementor-widget-container\">\n\t\t\t<h2 class=\"elementor-heading-title elementor-size-default\">P\u00f3ngase en contacto con nosotros<\/h2>\t\t<\/div>\n\t\t\t\t<\/div>\n\t\t\t\t<div class=\"elementor-element elementor-element-f1ee1f0 elementor-widget elementor-widget-text-editor\" data-id=\"f1ee1f0\" data-element_type=\"widget\" data-widget_type=\"text-editor.default\">\n\t\t\t\t<div class=\"elementor-widget-container\">\n\t\t\t\t\t\t\t<p>Para cualquier pregunta o duda sobre su privacidad, puede ponerse en contacto con nosotros utilizando los siguientes datos:<\/p><p>Elena Zhang<\/p><p>elena@ecosmetictube.com<\/p>\t\t\t\t\t\t<\/div>\n\t\t\t\t<\/div>\n\t\t\t\t\t<\/div>\n\t\t<\/div>\n\t\t\t\t\t\t\t<\/div>\n\t\t<\/section>\n\t\t\t\t\t\t\t<\/div>","protected":false},"excerpt":{"rendered":"<p>Privacy Policy Your privacy is important to us. It is EcoGlam&#8217;s policy to respect your privacy and comply with any applicable law and regulation regarding any personal information we may collect about you, including across our website, https:\/\/ecosmetictube.com\/ and other sites we own and operate. This policy is updated at 6 Nov 2023. Information We [&hellip;]<\/p>","protected":false},"author":1,"featured_media":0,"parent":0,"menu_order":0,"comment_status":"closed","ping_status":"open","template":"","meta":[],"_links":{"self":[{"href":"https:\/\/ecosmetictube.com\/es\/wp-json\/wp\/v2\/pages\/3"}],"collection":[{"href":"https:\/\/ecosmetictube.com\/es\/wp-json\/wp\/v2\/pages"}],"about":[{"href":"https:\/\/ecosmetictube.com\/es\/wp-json\/wp\/v2\/types\/page"}],"author":[{"embeddable":true,"href":"https:\/\/ecosmetictube.com\/es\/wp-json\/wp\/v2\/users\/1"}],"replies":[{"embeddable":true,"href":"https:\/\/ecosmetictube.com\/es\/wp-json\/wp\/v2\/comments?post=3"}],"version-history":[{"count":25,"href":"https:\/\/ecosmetictube.com\/es\/wp-json\/wp\/v2\/pages\/3\/revisions"}],"predecessor-version":[{"id":2549,"href":"https:\/\/ecosmetictube.com\/es\/wp-json\/wp\/v2\/pages\/3\/revisions\/2549"}],"wp:attachment":[{"href":"https:\/\/ecosmetictube.com\/es\/wp-json\/wp\/v2\/media?parent=3"}],"curies":[{"name":"wp","href":"https:\/\/api.w.org\/{rel}","templated":true}]}}