{"id":1603,"date":"2023-11-30T09:52:37","date_gmt":"2023-11-30T01:52:37","guid":{"rendered":"https:\/\/ecosmetictube.com\/?page_id=1603"},"modified":"2023-12-27T11:08:41","modified_gmt":"2023-12-27T03:08:41","slug":"terms-conditions","status":"publish","type":"page","link":"https:\/\/ecosmetictube.com\/es\/terms-conditions\/","title":{"rendered":"Terms &amp; Conditions"},"content":{"rendered":"<div data-elementor-type=\"wp-page\" data-elementor-id=\"1603\" class=\"elementor elementor-1603\">\n\t\t\t\t\t\t\t\t\t<section class=\"elementor-section elementor-top-section elementor-element elementor-element-92ab02b elementor-section-boxed elementor-section-height-default elementor-section-height-default\" data-id=\"92ab02b\" data-element_type=\"section\" data-settings=\"{&quot;background_background&quot;:&quot;classic&quot;}\">\n\t\t\t\t\t\t<div class=\"elementor-container elementor-column-gap-default\">\n\t\t\t\t\t<div class=\"elementor-column elementor-col-100 elementor-top-column elementor-element elementor-element-b33dc8b\" data-id=\"b33dc8b\" data-element_type=\"column\" data-settings=\"{&quot;background_background&quot;:&quot;classic&quot;}\">\n\t\t\t<div class=\"elementor-widget-wrap elementor-element-populated\">\n\t\t\t\t\t\t\t\t<div class=\"elementor-element elementor-element-85fa734 elementor-widget elementor-widget-heading\" data-id=\"85fa734\" data-element_type=\"widget\" data-widget_type=\"heading.default\">\n\t\t\t\t<div class=\"elementor-widget-container\">\n\t\t\t<style>\/*! elementor - v3.9.0 - 06-12-2022 *\/\n.elementor-heading-title{padding:0;margin:0;line-height:1}.elementor-widget-heading .elementor-heading-title[class*=elementor-size-]>a{color:inherit;font-size:inherit;line-height:inherit}.elementor-widget-heading .elementor-heading-title.elementor-size-small{font-size:15px}.elementor-widget-heading .elementor-heading-title.elementor-size-medium{font-size:19px}.elementor-widget-heading .elementor-heading-title.elementor-size-large{font-size:29px}.elementor-widget-heading .elementor-heading-title.elementor-size-xl{font-size:39px}.elementor-widget-heading .elementor-heading-title.elementor-size-xxl{font-size:59px}<\/style><h1 class=\"elementor-heading-title elementor-size-default\">Condiciones generales<\/h1>\t\t<\/div>\n\t\t\t\t<\/div>\n\t\t\t\t<div class=\"elementor-element elementor-element-ebd55bb elementor-widget elementor-widget-text-editor\" data-id=\"ebd55bb\" data-element_type=\"widget\" data-widget_type=\"text-editor.default\">\n\t\t\t\t<div class=\"elementor-widget-container\">\n\t\t\t<style>\/*! elementor - v3.9.0 - 06-12-2022 *\/\n.elementor-widget-text-editor.elementor-drop-cap-view-stacked .elementor-drop-cap{background-color:#818a91;color:#fff}.elementor-widget-text-editor.elementor-drop-cap-view-framed .elementor-drop-cap{color:#818a91;border:3px solid;background-color:transparent}.elementor-widget-text-editor:not(.elementor-drop-cap-view-default) .elementor-drop-cap{margin-top:8px}.elementor-widget-text-editor:not(.elementor-drop-cap-view-default) .elementor-drop-cap-letter{width:1em;height:1em}.elementor-widget-text-editor .elementor-drop-cap{float:left;text-align:center;line-height:1;font-size:50px}.elementor-widget-text-editor .elementor-drop-cap-letter{display:inline-block}<\/style>\t\t\t\t<p>\u00a1Bienvenido a EcoGlam!<\/p><p>Estos t\u00e9rminos y condiciones describen las reglas y regulaciones para el uso del sitio web de EcoGlam, ubicado en https:\/\/ecosmetictube.com\/.<\/p><p>Al acceder a esta p\u00e1gina web, asumimos que aceptas estos t\u00e9rminos y condiciones. No contin\u00fae utilizando EcoGlam si no est\u00e1 de acuerdo en aceptar todos los t\u00e9rminos y condiciones establecidos en esta p\u00e1gina.<\/p>\t\t\t\t\t\t<\/div>\n\t\t\t\t<\/div>\n\t\t\t\t<div class=\"elementor-element elementor-element-987e91e elementor-widget elementor-widget-heading\" data-id=\"987e91e\" data-element_type=\"widget\" data-widget_type=\"heading.default\">\n\t\t\t\t<div class=\"elementor-widget-container\">\n\t\t\t<h2 class=\"elementor-heading-title elementor-size-default\">Galletas:<\/h2>\t\t<\/div>\n\t\t\t\t<\/div>\n\t\t\t\t<div class=\"elementor-element elementor-element-8d6c3df elementor-widget elementor-widget-text-editor\" data-id=\"8d6c3df\" data-element_type=\"widget\" data-widget_type=\"text-editor.default\">\n\t\t\t\t<div class=\"elementor-widget-container\">\n\t\t\t\t\t\t\t<p>El sitio web utiliza cookies para ayudar a personalizar su experiencia en l\u00ednea. Al acceder a EcoGlam, aceptas el uso de las cookies necesarias.<\/p><p>Una cookie es un archivo de texto que un servidor de p\u00e1ginas web coloca en su disco duro. Las cookies no pueden utilizarse para ejecutar programas o introducir virus en su ordenador. Las cookies se le asignan de forma exclusiva y s\u00f3lo pueden ser le\u00eddas por un servidor web en el dominio que emiti\u00f3 la cookie para usted.<\/p><p>Podemos utilizar cookies para recoger, almacenar y rastrear informaci\u00f3n con fines estad\u00edsticos o de marketing para el funcionamiento de nuestro sitio web. Puede aceptar o rechazar las cookies opcionales. Hay algunas cookies obligatorias que son necesarias para el funcionamiento de nuestro sitio web. Estas cookies no requieren su consentimiento ya que siempre funcionan. Tenga en cuenta que al aceptar las Cookies obligatorias, tambi\u00e9n acepta las Cookies de terceros, que podr\u00edan utilizarse a trav\u00e9s de servicios prestados por terceros si utiliza dichos servicios en nuestro sitio web, por ejemplo, una ventana de visualizaci\u00f3n de v\u00eddeo proporcionada por terceros e integrada en nuestro sitio web.<\/p>\t\t\t\t\t\t<\/div>\n\t\t\t\t<\/div>\n\t\t\t\t<div class=\"elementor-element elementor-element-4103f51 elementor-widget elementor-widget-heading\" data-id=\"4103f51\" data-element_type=\"widget\" data-widget_type=\"heading.default\">\n\t\t\t\t<div class=\"elementor-widget-container\">\n\t\t\t<h2 class=\"elementor-heading-title elementor-size-default\">Licencia:<\/h2>\t\t<\/div>\n\t\t\t\t<\/div>\n\t\t\t\t<div class=\"elementor-element elementor-element-9b0f57a elementor-widget elementor-widget-text-editor\" data-id=\"9b0f57a\" data-element_type=\"widget\" data-widget_type=\"text-editor.default\">\n\t\t\t\t<div class=\"elementor-widget-container\">\n\t\t\t\t\t\t\t<p>A menos que se indique lo contrario, EcoGlam Packaging Co., Ltd y\/o sus licenciantes poseen los derechos de propiedad intelectual de todo el material de EcoGlam. Todos los derechos de propiedad intelectual est\u00e1n reservados. Usted puede acceder a esto desde EcoGlam para su uso personal sujeto a las restricciones establecidas en estos t\u00e9rminos y condiciones.<\/p>\t\t\t\t\t\t<\/div>\n\t\t\t\t<\/div>\n\t\t\t\t<div class=\"elementor-element elementor-element-f654185 elementor-widget elementor-widget-text-editor\" data-id=\"f654185\" data-element_type=\"widget\" data-widget_type=\"text-editor.default\">\n\t\t\t\t<div class=\"elementor-widget-container\">\n\t\t\t\t\t\t\t<p>No debes hacerlo:\u00a0<\/p><p>\u00a0 \u00a0 \u00a0\u25cf Copiar o volver a publicar material de EcoGlam<\/p><p>\u00a0 \u00a0 \u00a0\u25cf Vender, alquilar o sublicenciar material de EcoGlam.<\/p><p>\u00a0 \u00a0 \u00a0\u25cf Reproducir, duplicar o copiar material de EcoGlam<\/p><p>\u00a0 \u00a0 \u00a0\u25cf Redistribuir contenidos de EcoGlam.<\/p><p>El presente Acuerdo entrar\u00e1 en vigor en la fecha del mismo.<\/p><p>Algunas partes de este sitio web ofrecen a los usuarios la oportunidad de publicar e intercambiar opiniones e informaci\u00f3n en ciertas \u00e1reas del sitio web. EcoGlam Packaging Co.Ltd no filtra, edita, publica o revisa los Comentarios antes de su presencia en el sitio web. Los comentarios no reflejan los puntos de vista y opiniones de EcoGlam Packaging Co.Ltd, sus agentes y\/o afiliados. Los comentarios reflejan los puntos de vista y opiniones de la persona que publica sus puntos de vista y opiniones. En la medida permitida por las leyes aplicables, EcoGlam Packaging Co.Ltd no ser\u00e1 responsable de los Comentarios o de cualquier responsabilidad, da\u00f1os o gastos causados y\/o sufridos como resultado de cualquier uso y\/o publicaci\u00f3n y\/o aparici\u00f3n de los Comentarios en este sitio web.<\/p><p>EcoGlam Packaging Co.Ltd se reserva el derecho de monitorear todos los Comentarios y eliminar cualquier Comentario que pueda ser considerado inapropiado, ofensivo o que cause incumplimiento de estos T\u00e9rminos y Condiciones.<\/p>\t\t\t\t\t\t<\/div>\n\t\t\t\t<\/div>\n\t\t\t\t<div class=\"elementor-element elementor-element-88a93f4 elementor-widget elementor-widget-text-editor\" data-id=\"88a93f4\" data-element_type=\"widget\" data-widget_type=\"text-editor.default\">\n\t\t\t\t<div class=\"elementor-widget-container\">\n\t\t\t\t\t\t\t<p>Usted garantiza y declara que:<\/p><p>\u00a0 \u00a0 \u00a0\u25cf Tiene derecho a publicar los Comentarios en nuestro sitio web y dispone de todas las licencias y consentimientos necesarios para hacerlo;<\/p><p>\u00a0 \u00a0 \u00a0\u25cf Los Comentarios no invaden ning\u00fan derecho de propiedad intelectual, incluyendo sin limitaci\u00f3n derechos de autor, patentes o marcas registradas de terceros;<\/p><p>\u00a0 \u00a0 \u00a0\u25cf Los Comentarios no contienen ning\u00fan material difamatorio, calumnioso, ofensivo, indecente o il\u00edcito por cualquier otro motivo, que suponga una invasi\u00f3n de la intimidad.<\/p><p>\u00a0 \u00a0 \u00a0\u25cf Los Comentarios no se utilizar\u00e1n para solicitar o promover negocios o costumbres o presentar actividades comerciales o actividades il\u00edcitas.<\/p><p>Usted otorga a EcoGlam Packaging Co.Ltd una licencia no exclusiva para usar, reproducir, editar y autorizar a otros a usar, reproducir y editar cualquiera de sus Comentarios en cualquier forma, formato o medio.<\/p>\t\t\t\t\t\t<\/div>\n\t\t\t\t<\/div>\n\t\t\t\t<div class=\"elementor-element elementor-element-79279a2 elementor-widget elementor-widget-heading\" data-id=\"79279a2\" data-element_type=\"widget\" data-widget_type=\"heading.default\">\n\t\t\t\t<div class=\"elementor-widget-container\">\n\t\t\t<h2 class=\"elementor-heading-title elementor-size-default\">Hiperv\u00ednculos a nuestro Contenido:<\/h2>\t\t<\/div>\n\t\t\t\t<\/div>\n\t\t\t\t<div class=\"elementor-element elementor-element-487b672 elementor-widget elementor-widget-text-editor\" data-id=\"487b672\" data-element_type=\"widget\" data-widget_type=\"text-editor.default\">\n\t\t\t\t<div class=\"elementor-widget-container\">\n\t\t\t\t\t\t\t<p>Las siguientes organizaciones pueden enlazar con nuestro sitio web sin autorizaci\u00f3n previa por escrito:<\/p><p>\u00a0 \u00a0 \u00a0\u25cf Agencias gubernamentales;<\/p><p>\u00a0 \u00a0 \u00a0\u25cf Motores de b\u00fasqueda;<\/p><p>\u00a0 \u00a0 \u00a0\u25cf Organizaciones de noticias;<\/p><p>\u00a0 \u00a0 \u00a0\u25cf Los distribuidores de directorios en l\u00ednea pueden enlazar con nuestro Sitio Web de la misma manera que hiperv\u00ednculan con los Sitios Web de otras empresas incluidas en la lista; y<\/p><p>\u00a0 \u00a0 \u00a0\u25cf Empresas acreditadas en todo el sistema, excepto organizaciones sin \u00e1nimo de lucro solicitantes, centros comerciales ben\u00e9ficos y grupos de recaudaci\u00f3n de fondos ben\u00e9ficos, que no pueden establecer hiperv\u00ednculos con nuestro sitio web.<\/p><p>Estas organizaciones pueden enlazar con nuestra p\u00e1gina de inicio, con publicaciones o con otra informaci\u00f3n del sitio web siempre que el enlace (a) no sea en modo alguno enga\u00f1oso; (b) no implique falsamente el patrocinio, respaldo o aprobaci\u00f3n de la parte enlazante y sus productos y\/o servicios; y (c) se ajuste al contexto del sitio de la parte enlazante.<\/p><p>Podemos considerar y aprobar otras solicitudes de enlaces de los siguientes tipos de organizaciones:<\/p><p>\u00a0 \u00a0 \u00a0\u25cf fuentes de informaci\u00f3n de consumidores y\/o empresas com\u00fanmente conocidas;<\/p><p>\u00a0 \u00a0 \u00a0\u25cf sitios de la comunidad punto.com;<\/p><p>\u00a0 \u00a0 \u00a0\u25cf asociaciones u otros grupos que representen a organizaciones ben\u00e9ficas;<\/p><p>\u00a0 \u00a0 \u00a0\u25cf distribuidores de directorios online;<\/p><p>\u00a0 \u00a0 \u00a0\u25cf portales de internet;<\/p><p>\u00a0 \u00a0 \u00a0\u25cf empresas de contabilidad, derecho y consultor\u00eda; y<\/p><p>\u00a0 \u00a0 \u00a0\u25cf instituciones educativas y asociaciones comerciales.<\/p><p>Aprobaremos las solicitudes de enlace de estas organizaciones si decidimos que (a) el enlace no nos har\u00eda quedar desfavorablemente a nosotros mismos o a nuestros negocios acreditados; (b) la organizaci\u00f3n no tiene ning\u00fan historial negativo con nosotros; (c) el beneficio para nosotros de la visibilidad del hiperv\u00ednculo compensa la ausencia de EcoGlam Packaging Co.Ltd; y (d) el enlace est\u00e1 en el contexto de informaci\u00f3n general de recursos.<\/p><p>Estas organizaciones pueden enlazar con nuestra p\u00e1gina de inicio siempre que el enlace (a) no sea en modo alguno enga\u00f1oso; (b) no implique falsamente el patrocinio, respaldo o aprobaci\u00f3n de la parte enlazante y sus productos o servicios; y (c) se ajuste al contexto del sitio de la parte enlazante.<\/p><p>Si usted es una de las organizaciones enumeradas en el p\u00e1rrafo 2 anterior y est\u00e1 interesado en establecer un enlace con nuestro sitio Web, debe informarnos enviando un correo electr\u00f3nico a EcoGlam Packaging Co.Ltd. Por favor, incluya su nombre, el nombre de su organizaci\u00f3n, informaci\u00f3n de contacto, as\u00ed como la URL de su sitio web, una lista de las URL desde las que pretende enlazar con nuestro sitio web y una lista de las URL de nuestro sitio web a las que le gustar\u00eda enlazar. Espere 2-3 semanas a recibir una respuesta.<\/p><p>Las organizaciones autorizadas pueden establecer hiperenlaces con nuestro sitio web de la siguiente manera:<\/p><p>\u00a0 \u00a0 \u00a0\u25cf Mediante el uso de nuestro nombre corporativo; o<\/p><p>\u00a0 \u00a0 \u00a0\u25cf Mediante el uso del localizador uniforme de recursos al que se enlaza; o<\/p><p>\u00a0 \u00a0 \u00a0\u25cf Utilizar cualquier otra descripci\u00f3n de nuestro Sitio Web al que se enlaza que tenga sentido dentro del contexto y el formato del contenido del sitio de la parte que enlaza.<\/p><p>No se permitir\u00e1 el uso del logotipo de EcoGlam Packaging Co.Ltd u otras ilustraciones para enlaces sin un acuerdo de licencia de marca registrada.<\/p>\t\t\t\t\t\t<\/div>\n\t\t\t\t<\/div>\n\t\t\t\t<div class=\"elementor-element elementor-element-d1a01da elementor-widget elementor-widget-heading\" data-id=\"d1a01da\" data-element_type=\"widget\" data-widget_type=\"heading.default\">\n\t\t\t\t<div class=\"elementor-widget-container\">\n\t\t\t<h2 class=\"elementor-heading-title elementor-size-default\">Responsabilidad por contenidos:<\/h2>\t\t<\/div>\n\t\t\t\t<\/div>\n\t\t\t\t<div class=\"elementor-element elementor-element-d859e0e elementor-widget elementor-widget-text-editor\" data-id=\"d859e0e\" data-element_type=\"widget\" data-widget_type=\"text-editor.default\">\n\t\t\t\t<div class=\"elementor-widget-container\">\n\t\t\t\t\t\t\t<p>No seremos responsables de ning\u00fan contenido que aparezca en su sitio web. Usted se compromete a protegernos y defendernos de todas las reclamaciones que se planteen en su Sitio Web. No deben aparecer enlaces en ning\u00fan sitio web que puedan interpretarse como difamatorios, obscenos o delictivos, o que infrinjan, violen de otro modo o propugnen la infracci\u00f3n u otra violaci\u00f3n de los derechos de terceros.<\/p>\t\t\t\t\t\t<\/div>\n\t\t\t\t<\/div>\n\t\t\t\t<div class=\"elementor-element elementor-element-e487235 elementor-widget elementor-widget-heading\" data-id=\"e487235\" data-element_type=\"widget\" data-widget_type=\"heading.default\">\n\t\t\t\t<div class=\"elementor-widget-container\">\n\t\t\t<h2 class=\"elementor-heading-title elementor-size-default\">Reserva de derechos:<\/h2>\t\t<\/div>\n\t\t\t\t<\/div>\n\t\t\t\t<div class=\"elementor-element elementor-element-882df16 elementor-widget elementor-widget-text-editor\" data-id=\"882df16\" data-element_type=\"widget\" data-widget_type=\"text-editor.default\">\n\t\t\t\t<div class=\"elementor-widget-container\">\n\t\t\t\t\t\t\t<p>Nos reservamos el derecho a solicitarle que elimine todos los enlaces o cualquier enlace concreto a nuestro Sitio Web. Usted se compromete a eliminar inmediatamente todos los enlaces a nuestro Sitio Web cuando as\u00ed se le solicite. Tambi\u00e9n nos reservamos el derecho a modificar estas condiciones y su pol\u00edtica de enlaces en cualquier momento. Al enlazar de forma continuada a nuestro sitio web, usted se compromete a respetar y cumplir estos t\u00e9rminos y condiciones de enlace.<\/p>\t\t\t\t\t\t<\/div>\n\t\t\t\t<\/div>\n\t\t\t\t<div class=\"elementor-element elementor-element-b6f0c9b elementor-widget elementor-widget-heading\" data-id=\"b6f0c9b\" data-element_type=\"widget\" data-widget_type=\"heading.default\">\n\t\t\t\t<div class=\"elementor-widget-container\">\n\t\t\t<h2 class=\"elementor-heading-title elementor-size-default\">Eliminaci\u00f3n de enlaces de nuestro sitio web:<\/h2>\t\t<\/div>\n\t\t\t\t<\/div>\n\t\t\t\t<div class=\"elementor-element elementor-element-fa2c538 elementor-widget elementor-widget-text-editor\" data-id=\"fa2c538\" data-element_type=\"widget\" data-widget_type=\"text-editor.default\">\n\t\t\t\t<div class=\"elementor-widget-container\">\n\t\t\t\t\t\t\t<p>Si encuentra alg\u00fan enlace en nuestro Sitio Web que le resulte ofensivo por cualquier motivo, puede ponerse en contacto con nosotros e informarnos en cualquier momento. Tendremos en cuenta las solicitudes de eliminaci\u00f3n de enlaces, pero no estamos obligados a hacerlo ni a responderle directamente.<\/p><p>No garantizamos que la informaci\u00f3n contenida en este sitio web sea correcta. No garantizamos su integridad o exactitud, ni nos comprometemos a asegurar que el sitio web siga estando disponible o que el material que contiene se mantenga actualizado.<\/p>\t\t\t\t\t\t<\/div>\n\t\t\t\t<\/div>\n\t\t\t\t<div class=\"elementor-element elementor-element-0554749 elementor-widget elementor-widget-heading\" data-id=\"0554749\" data-element_type=\"widget\" data-widget_type=\"heading.default\">\n\t\t\t\t<div class=\"elementor-widget-container\">\n\t\t\t<h2 class=\"elementor-heading-title elementor-size-default\">Descargo de responsabilidad:<\/h2>\t\t<\/div>\n\t\t\t\t<\/div>\n\t\t\t\t<div class=\"elementor-element elementor-element-6017c33 elementor-widget elementor-widget-text-editor\" data-id=\"6017c33\" data-element_type=\"widget\" data-widget_type=\"text-editor.default\">\n\t\t\t\t<div class=\"elementor-widget-container\">\n\t\t\t\t\t\t\t<p>En la medida m\u00e1xima permitida por la ley aplicable, excluimos todas las representaciones, garant\u00edas y condiciones relacionadas con nuestro sitio web y el uso de este sitio web. Nada de lo contenido en esta cl\u00e1usula de exenci\u00f3n de responsabilidad:<\/p><p>\u00a0 \u00a0 \u00a0\u25cf limitar o excluir nuestra o su responsabilidad por muerte o lesiones personales;<\/p><p>\u00a0 \u00a0 \u00a0\u25cf limitar o excluir nuestra o su responsabilidad por fraude o tergiversaci\u00f3n fraudulenta;<\/p><p>\u00a0 \u00a0 \u00a0\u25cf limitar cualquiera de nuestras responsabilidades o las suyas de cualquier forma que no est\u00e9 permitida por la legislaci\u00f3n aplicable; o<\/p><p>\u00a0 \u00a0 \u00a0\u25cf excluir cualquiera de nuestras responsabilidades o de las suyas que no puedan excluirse en virtud de la legislaci\u00f3n aplicable.<\/p><p>Las limitaciones y prohibiciones de responsabilidad establecidas en esta secci\u00f3n y en otras partes de esta cl\u00e1usula de exenci\u00f3n de responsabilidad: (a) est\u00e1n sujetas al p\u00e1rrafo anterior; y (b) rigen todas las responsabilidades derivadas de la cl\u00e1usula de exenci\u00f3n de responsabilidad, incluidas las responsabilidades contractuales, extracontractuales y por incumplimiento de obligaciones legales.<\/p><p>En la medida en que el sitio web y la informaci\u00f3n y los servicios que en \u00e9l se ofrecen son gratuitos, no seremos responsables de ninguna p\u00e9rdida o da\u00f1o de cualquier naturaleza.<\/p>\t\t\t\t\t\t<\/div>\n\t\t\t\t<\/div>\n\t\t\t\t<div class=\"elementor-element elementor-element-d7599d6 elementor-widget elementor-widget-heading\" data-id=\"d7599d6\" data-element_type=\"widget\" data-widget_type=\"heading.default\">\n\t\t\t\t<div class=\"elementor-widget-container\">\n\t\t\t<h2 class=\"elementor-heading-title elementor-size-default\">P\u00f3ngase en contacto con nosotros<\/h2>\t\t<\/div>\n\t\t\t\t<\/div>\n\t\t\t\t<div class=\"elementor-element elementor-element-e39fbd6 elementor-widget elementor-widget-text-editor\" data-id=\"e39fbd6\" data-element_type=\"widget\" data-widget_type=\"text-editor.default\">\n\t\t\t\t<div class=\"elementor-widget-container\">\n\t\t\t\t\t\t\t<p>Para cualquier pregunta o duda relacionada con nuestras Condiciones Generales, puede ponerse en contacto con nosotros a trav\u00e9s de los siguientes datos:<\/p><p>Elena Zhang<\/p><p>elena@ecosmetictube.com<\/p>\t\t\t\t\t\t<\/div>\n\t\t\t\t<\/div>\n\t\t\t\t\t<\/div>\n\t\t<\/div>\n\t\t\t\t\t\t\t<\/div>\n\t\t<\/section>\n\t\t\t\t\t\t\t<\/div>","protected":false},"excerpt":{"rendered":"<p>Terms &#038; Conditions Welcome to EcoGlam! These terms and conditions outline the rules and regulations for the use of EcoGlam\u2019s Website, located at https:\/\/ecosmetictube.com\/. By accessing this website, we assume you accept these terms and conditions. Do not continue to use EcoGlam\u00a0if you do not agree to take all of the terms and conditions stated [&hellip;]<\/p>","protected":false},"author":1,"featured_media":0,"parent":0,"menu_order":0,"comment_status":"closed","ping_status":"closed","template":"","meta":[],"_links":{"self":[{"href":"https:\/\/ecosmetictube.com\/es\/wp-json\/wp\/v2\/pages\/1603"}],"collection":[{"href":"https:\/\/ecosmetictube.com\/es\/wp-json\/wp\/v2\/pages"}],"about":[{"href":"https:\/\/ecosmetictube.com\/es\/wp-json\/wp\/v2\/types\/page"}],"author":[{"embeddable":true,"href":"https:\/\/ecosmetictube.com\/es\/wp-json\/wp\/v2\/users\/1"}],"replies":[{"embeddable":true,"href":"https:\/\/ecosmetictube.com\/es\/wp-json\/wp\/v2\/comments?post=1603"}],"version-history":[{"count":15,"href":"https:\/\/ecosmetictube.com\/es\/wp-json\/wp\/v2\/pages\/1603\/revisions"}],"predecessor-version":[{"id":2553,"href":"https:\/\/ecosmetictube.com\/es\/wp-json\/wp\/v2\/pages\/1603\/revisions\/2553"}],"wp:attachment":[{"href":"https:\/\/ecosmetictube.com\/es\/wp-json\/wp\/v2\/media?parent=1603"}],"curies":[{"name":"wp","href":"https:\/\/api.w.org\/{rel}","templated":true}]}}