{"id":3,"date":"2022-12-09T02:58:43","date_gmt":"2022-12-09T02:58:43","guid":{"rendered":"http:\/\/ecosmetictube.com\/?page_id=3"},"modified":"2023-12-27T11:01:06","modified_gmt":"2023-12-27T03:01:06","slug":"privacy-policy","status":"publish","type":"page","link":"https:\/\/ecosmetictube.com\/de\/privacy-policy\/","title":{"rendered":"Datenschutzbestimmungen"},"content":{"rendered":"<div data-elementor-type=\"wp-page\" data-elementor-id=\"3\" class=\"elementor elementor-3\">\n\t\t\t\t\t\t\t\t\t<section class=\"elementor-section elementor-top-section elementor-element elementor-element-f5b0ab5 elementor-section-boxed elementor-section-height-default elementor-section-height-default\" data-id=\"f5b0ab5\" data-element_type=\"section\" data-settings=\"{&quot;background_background&quot;:&quot;classic&quot;}\">\n\t\t\t\t\t\t<div class=\"elementor-container elementor-column-gap-default\">\n\t\t\t\t\t<div class=\"elementor-column elementor-col-100 elementor-top-column elementor-element elementor-element-8fd1561\" data-id=\"8fd1561\" data-element_type=\"column\" data-settings=\"{&quot;background_background&quot;:&quot;classic&quot;}\">\n\t\t\t<div class=\"elementor-widget-wrap elementor-element-populated\">\n\t\t\t\t\t\t\t\t<div class=\"elementor-element elementor-element-57a38e5 elementor-widget elementor-widget-heading\" data-id=\"57a38e5\" data-element_type=\"widget\" data-widget_type=\"heading.default\">\n\t\t\t\t<div class=\"elementor-widget-container\">\n\t\t\t<style>\/*! elementor - v3.9.0 - 06-12-2022 *\/\n.elementor-heading-title{padding:0;margin:0;line-height:1}.elementor-widget-heading .elementor-heading-title[class*=elementor-size-]>a{color:inherit;font-size:inherit;line-height:inherit}.elementor-widget-heading .elementor-heading-title.elementor-size-small{font-size:15px}.elementor-widget-heading .elementor-heading-title.elementor-size-medium{font-size:19px}.elementor-widget-heading .elementor-heading-title.elementor-size-large{font-size:29px}.elementor-widget-heading .elementor-heading-title.elementor-size-xl{font-size:39px}.elementor-widget-heading .elementor-heading-title.elementor-size-xxl{font-size:59px}<\/style><h1 class=\"elementor-heading-title elementor-size-default\">Datenschutzbestimmungen<\/h1>\t\t<\/div>\n\t\t\t\t<\/div>\n\t\t\t\t<div class=\"elementor-element elementor-element-b8941cc elementor-widget elementor-widget-text-editor\" data-id=\"b8941cc\" data-element_type=\"widget\" data-widget_type=\"text-editor.default\">\n\t\t\t\t<div class=\"elementor-widget-container\">\n\t\t\t<style>\/*! elementor - v3.9.0 - 06-12-2022 *\/\n.elementor-widget-text-editor.elementor-drop-cap-view-stacked .elementor-drop-cap{background-color:#818a91;color:#fff}.elementor-widget-text-editor.elementor-drop-cap-view-framed .elementor-drop-cap{color:#818a91;border:3px solid;background-color:transparent}.elementor-widget-text-editor:not(.elementor-drop-cap-view-default) .elementor-drop-cap{margin-top:8px}.elementor-widget-text-editor:not(.elementor-drop-cap-view-default) .elementor-drop-cap-letter{width:1em;height:1em}.elementor-widget-text-editor .elementor-drop-cap{float:left;text-align:center;line-height:1;font-size:50px}.elementor-widget-text-editor .elementor-drop-cap-letter{display:inline-block}<\/style>\t\t\t\t<p>Ihre Privatsph\u00e4re ist f\u00fcr uns wichtig. Es ist die Politik von EcoGlam, Ihre Privatsph\u00e4re zu respektieren und alle geltenden Gesetze und Vorschriften in Bezug auf alle pers\u00f6nlichen Informationen, die wir \u00fcber Sie sammeln, auch \u00fcber unsere Website, einzuhalten, <span style=\"text-decoration: underline;\"><a href=\"https:\/\/ecosmetictube.com\/de\/\">https:\/\/ecosmetictube.com\/<\/a><\/span> und andere Websites, die wir besitzen und betreiben.<\/p><p>Diese Politik wird am 6. November 2023 aktualisiert.<\/p>\t\t\t\t\t\t<\/div>\n\t\t\t\t<\/div>\n\t\t\t\t<div class=\"elementor-element elementor-element-10374bf elementor-widget elementor-widget-heading\" data-id=\"10374bf\" data-element_type=\"widget\" data-widget_type=\"heading.default\">\n\t\t\t\t<div class=\"elementor-widget-container\">\n\t\t\t<h2 class=\"elementor-heading-title elementor-size-default\">Gesammelte Informationen<\/h2>\t\t<\/div>\n\t\t\t\t<\/div>\n\t\t\t\t<div class=\"elementor-element elementor-element-d4c3b6f elementor-widget elementor-widget-text-editor\" data-id=\"d4c3b6f\" data-element_type=\"widget\" data-widget_type=\"text-editor.default\">\n\t\t\t\t<div class=\"elementor-widget-container\">\n\t\t\t\t\t\t\t<p>Zu den von uns erfassten Informationen geh\u00f6ren sowohl Informationen, die Sie uns bewusst und aktiv zur Verf\u00fcgung stellen, wenn Sie unsere Dienste und Werbeaktionen nutzen oder daran teilnehmen, als auch Informationen, die von Ihren Ger\u00e4ten im Zuge des Zugriffs auf unsere Produkte und Dienste automatisch gesendet werden.<\/p>\t\t\t\t\t\t<\/div>\n\t\t\t\t<\/div>\n\t\t\t\t<div class=\"elementor-element elementor-element-99c7e0b elementor-widget elementor-widget-heading\" data-id=\"99c7e0b\" data-element_type=\"widget\" data-widget_type=\"heading.default\">\n\t\t\t\t<div class=\"elementor-widget-container\">\n\t\t\t<h2 class=\"elementor-heading-title elementor-size-default\">Protokolldaten<\/h2>\t\t<\/div>\n\t\t\t\t<\/div>\n\t\t\t\t<div class=\"elementor-element elementor-element-d8babf2 elementor-widget elementor-widget-text-editor\" data-id=\"d8babf2\" data-element_type=\"widget\" data-widget_type=\"text-editor.default\">\n\t\t\t\t<div class=\"elementor-widget-container\">\n\t\t\t\t\t\t\t<p>Wenn Sie unsere Website besuchen, k\u00f6nnen unsere Server automatisch die von Ihrem Webbrowser bereitgestellten Standarddaten aufzeichnen. Dazu geh\u00f6ren die IP-Adresse Ihres Ger\u00e4ts, der Typ und die Version Ihres Browsers, die von Ihnen besuchten Seiten, die Uhrzeit und das Datum Ihres Besuchs, die auf jeder Seite verbrachte Zeit, andere Details \u00fcber Ihren Besuch und technische Details, die in Verbindung mit etwaigen Fehlern auftreten.<\/p><p>Bitte beachten Sie, dass diese Informationen zwar f\u00fcr sich genommen nicht pers\u00f6nlich identifizierbar sind, dass es aber m\u00f6glich sein kann, sie mit anderen Daten zu kombinieren, um einzelne Personen zu identifizieren.<\/p>\t\t\t\t\t\t<\/div>\n\t\t\t\t<\/div>\n\t\t\t\t<div class=\"elementor-element elementor-element-1162dea elementor-widget elementor-widget-heading\" data-id=\"1162dea\" data-element_type=\"widget\" data-widget_type=\"heading.default\">\n\t\t\t\t<div class=\"elementor-widget-container\">\n\t\t\t<h2 class=\"elementor-heading-title elementor-size-default\">Pers\u00f6nliche Informationen<\/h2>\t\t<\/div>\n\t\t\t\t<\/div>\n\t\t\t\t<div class=\"elementor-element elementor-element-cb5fa80 elementor-widget elementor-widget-text-editor\" data-id=\"cb5fa80\" data-element_type=\"widget\" data-widget_type=\"text-editor.default\">\n\t\t\t\t<div class=\"elementor-widget-container\">\n\t\t\t\t\t\t\t<p>Wir k\u00f6nnen nach pers\u00f6nlichen Informationen fragen, die eine oder mehrere der folgenden Angaben enthalten k\u00f6nnen:<\/p>\t\t\t\t\t\t<\/div>\n\t\t\t\t<\/div>\n\t\t\t\t<div class=\"elementor-element elementor-element-dc4f400 elementor-widget elementor-widget-text-editor\" data-id=\"dc4f400\" data-element_type=\"widget\" data-widget_type=\"text-editor.default\">\n\t\t\t\t<div class=\"elementor-widget-container\">\n\t\t\t\t\t\t\t<p>\u00a0 \u00a0 \u00a0\u25cf Name<\/p><p>\u00a0 \u00a0 \u00a0\u25cf E-Mail<\/p><p>\u00a0 \u00a0 \u00a0\u25cf Name des Unternehmens<\/p><p>\u00a0 \u00a0 \u00a0\u25cf Telefonnummer<\/p>\t\t\t\t\t\t<\/div>\n\t\t\t\t<\/div>\n\t\t\t\t<div class=\"elementor-element elementor-element-6c6a10f elementor-widget elementor-widget-heading\" data-id=\"6c6a10f\" data-element_type=\"widget\" data-widget_type=\"heading.default\">\n\t\t\t\t<div class=\"elementor-widget-container\">\n\t\t\t<h2 class=\"elementor-heading-title elementor-size-default\">Legitime Gr\u00fcnde f\u00fcr die Verarbeitung Ihrer pers\u00f6nlichen Daten<\/h2>\t\t<\/div>\n\t\t\t\t<\/div>\n\t\t\t\t<div class=\"elementor-element elementor-element-d5815ec elementor-widget elementor-widget-text-editor\" data-id=\"d5815ec\" data-element_type=\"widget\" data-widget_type=\"text-editor.default\">\n\t\t\t\t<div class=\"elementor-widget-container\">\n\t\t\t\t\t\t\t<p>Wir sammeln und verwenden Ihre pers\u00f6nlichen Daten nur, wenn wir einen legitimen Grund daf\u00fcr haben. In diesem Fall erfassen wir nur personenbezogene Daten, die vern\u00fcnftigerweise notwendig sind, um Ihnen unsere Dienstleistungen anzubieten.<\/p>\t\t\t\t\t\t<\/div>\n\t\t\t\t<\/div>\n\t\t\t\t<div class=\"elementor-element elementor-element-3d24630 elementor-widget elementor-widget-heading\" data-id=\"3d24630\" data-element_type=\"widget\" data-widget_type=\"heading.default\">\n\t\t\t\t<div class=\"elementor-widget-container\">\n\t\t\t<h2 class=\"elementor-heading-title elementor-size-default\">Sammlung und Verwendung von Informationen<\/h2>\t\t<\/div>\n\t\t\t\t<\/div>\n\t\t\t\t<div class=\"elementor-element elementor-element-16d485f elementor-widget elementor-widget-text-editor\" data-id=\"16d485f\" data-element_type=\"widget\" data-widget_type=\"text-editor.default\">\n\t\t\t\t<div class=\"elementor-widget-container\">\n\t\t\t\t\t\t\t<p>Wir k\u00f6nnen personenbezogene Daten von Ihnen erheben, wenn Sie eine der folgenden Aktionen auf unserer Website durchf\u00fchren:<\/p>\t\t\t\t\t\t<\/div>\n\t\t\t\t<\/div>\n\t\t\t\t<div class=\"elementor-element elementor-element-2dd49c0 elementor-widget elementor-widget-text-editor\" data-id=\"2dd49c0\" data-element_type=\"widget\" data-widget_type=\"text-editor.default\">\n\t\t\t\t<div class=\"elementor-widget-container\">\n\t\t\t\t\t\t\t<p>\u00a0 \u00a0 \u00a0\u25cf Verwenden Sie ein mobiles Ger\u00e4t oder einen Webbrowser, um auf unsere Inhalte zuzugreifen<\/p><p>\u00a0 \u00a0 \u00a0\u25cf Kontaktieren Sie uns per E-Mail, \u00fcber soziale Medien oder \u00e4hnliche Technologien<\/p><p>\u00a0 \u00a0 \u00a0\u25cf Wenn Sie uns in den sozialen Medien erw\u00e4hnen<\/p>\t\t\t\t\t\t<\/div>\n\t\t\t\t<\/div>\n\t\t\t\t<div class=\"elementor-element elementor-element-0e31aa6 elementor-widget elementor-widget-text-editor\" data-id=\"0e31aa6\" data-element_type=\"widget\" data-widget_type=\"text-editor.default\">\n\t\t\t\t<div class=\"elementor-widget-container\">\n\t\t\t\t\t\t\t<p>Wir sind berechtigt, Daten f\u00fcr die folgenden Zwecke zu erheben, zu speichern, zu verwenden und weiterzugeben, wobei personenbezogene Daten nicht in einer Weise weiterverarbeitet werden, die mit diesen Zwecken unvereinbar ist:<\/p><p>Wir sind berechtigt, Daten f\u00fcr die folgenden Zwecke zu erheben, zu speichern, zu verwenden und weiterzugeben, wobei personenbezogene Daten nicht in einer Weise weiterverarbeitet werden, die mit diesen Zwecken unvereinbar ist:<\/p><p>\u00a0 \u00a0 \u00a0\u25cf um Ihnen die M\u00f6glichkeit zu geben, unsere Website individuell zu gestalten oder zu personalisieren<\/p><p>\u00a0 \u00a0 \u00a0\u25cf f\u00fcr Analysen, Marktforschung und Gesch\u00e4ftsentwicklung, einschlie\u00dflich des Betriebs und der Verbesserung unserer Website, der zugeh\u00f6rigen Anwendungen und der zugeh\u00f6rigen Social-Media-Plattformen<\/p><p>Bitte beachten Sie, dass wir Informationen, die wir \u00fcber Sie sammeln, mit allgemeinen Informationen oder Forschungsdaten kombinieren k\u00f6nnen, die wir von anderen vertrauensw\u00fcrdigen Quellen erhalten.<\/p>\t\t\t\t\t\t<\/div>\n\t\t\t\t<\/div>\n\t\t\t\t<div class=\"elementor-element elementor-element-22fe760 elementor-widget elementor-widget-heading\" data-id=\"22fe760\" data-element_type=\"widget\" data-widget_type=\"heading.default\">\n\t\t\t\t<div class=\"elementor-widget-container\">\n\t\t\t<h2 class=\"elementor-heading-title elementor-size-default\">Sicherheit Ihrer pers\u00f6nlichen Daten<\/h2>\t\t<\/div>\n\t\t\t\t<\/div>\n\t\t\t\t<div class=\"elementor-element elementor-element-6cd9fa8 elementor-widget elementor-widget-text-editor\" data-id=\"6cd9fa8\" data-element_type=\"widget\" data-widget_type=\"text-editor.default\">\n\t\t\t\t<div class=\"elementor-widget-container\">\n\t\t\t\t\t\t\t<p>Wenn wir personenbezogene Daten erfassen und verarbeiten und solange wir diese Daten aufbewahren, sch\u00fctzen wir sie mit wirtschaftlich vertretbaren Mitteln, um Verlust und Diebstahl sowie unbefugten Zugriff, Offenlegung, Kopieren, Verwendung oder \u00c4nderung zu verhindern.<\/p><p>Obwohl wir unser Bestes tun, um die pers\u00f6nlichen Daten, die Sie uns zur Verf\u00fcgung stellen, zu sch\u00fctzen, weisen wir darauf hin, dass keine Methode der elektronischen \u00dcbertragung oder Speicherung 100% sicher ist und niemand absolute Datensicherheit garantieren kann. Wir werden die auf uns anwendbaren Gesetze in Bezug auf jede Datenverletzung einhalten.<\/p><p>Sie sind verantwortlich f\u00fcr die Wahl des Passworts und dessen allgemeine Sicherheitsst\u00e4rke, um die Sicherheit Ihrer eigenen Daten im Rahmen unserer Dienste zu gew\u00e4hrleisten.<\/p>\t\t\t\t\t\t<\/div>\n\t\t\t\t<\/div>\n\t\t\t\t<div class=\"elementor-element elementor-element-f566177 elementor-widget elementor-widget-heading\" data-id=\"f566177\" data-element_type=\"widget\" data-widget_type=\"heading.default\">\n\t\t\t\t<div class=\"elementor-widget-container\">\n\t\t\t<h2 class=\"elementor-heading-title elementor-size-default\">Wie lange wir Ihre pers\u00f6nlichen Informationen aufbewahren<\/h2>\t\t<\/div>\n\t\t\t\t<\/div>\n\t\t\t\t<div class=\"elementor-element elementor-element-ddaaea8 elementor-widget elementor-widget-text-editor\" data-id=\"ddaaea8\" data-element_type=\"widget\" data-widget_type=\"text-editor.default\">\n\t\t\t\t<div class=\"elementor-widget-container\">\n\t\t\t\t\t\t\t<p>Wir bewahren Ihre pers\u00f6nlichen Daten nur so lange auf, wie wir sie ben\u00f6tigen. Dieser Zeitraum h\u00e4ngt davon ab, wof\u00fcr wir Ihre Daten in \u00dcbereinstimmung mit dieser Datenschutzrichtlinie verwenden. Wenn Ihre personenbezogenen Daten nicht mehr ben\u00f6tigt werden, l\u00f6schen wir sie oder anonymisieren sie, indem wir alle Details entfernen, die Sie identifizieren.<\/p><p>Falls erforderlich, k\u00f6nnen wir Ihre personenbezogenen Daten jedoch aufbewahren, um einer gesetzlichen, buchhalterischen oder berichtspflichtigen Verpflichtung nachzukommen, oder f\u00fcr Archivierungszwecke im \u00f6ffentlichen Interesse, wissenschaftliche oder historische Forschungszwecke oder statistische Zwecke.<\/p>\t\t\t\t\t\t<\/div>\n\t\t\t\t<\/div>\n\t\t\t\t<div class=\"elementor-element elementor-element-115ea87 elementor-widget elementor-widget-heading\" data-id=\"115ea87\" data-element_type=\"widget\" data-widget_type=\"heading.default\">\n\t\t\t\t<div class=\"elementor-widget-container\">\n\t\t\t<h2 class=\"elementor-heading-title elementor-size-default\">Datenschutz f\u00fcr Kinder<\/h2>\t\t<\/div>\n\t\t\t\t<\/div>\n\t\t\t\t<div class=\"elementor-element elementor-element-8053da9 elementor-widget elementor-widget-text-editor\" data-id=\"8053da9\" data-element_type=\"widget\" data-widget_type=\"text-editor.default\">\n\t\t\t\t<div class=\"elementor-widget-container\">\n\t\t\t\t\t\t\t<p>Unsere Produkte und Dienstleistungen richten sich nicht direkt an Kinder unter 13 Jahren, und wir erfassen nicht wissentlich pers\u00f6nliche Daten von Kindern unter 13 Jahren.<\/p>\t\t\t\t\t\t<\/div>\n\t\t\t\t<\/div>\n\t\t\t\t<div class=\"elementor-element elementor-element-62f6ede elementor-widget elementor-widget-heading\" data-id=\"62f6ede\" data-element_type=\"widget\" data-widget_type=\"heading.default\">\n\t\t\t\t<div class=\"elementor-widget-container\">\n\t\t\t<h2 class=\"elementor-heading-title elementor-size-default\">Internationale \u00dcbermittlung von pers\u00f6nlichen Daten<\/h2>\t\t<\/div>\n\t\t\t\t<\/div>\n\t\t\t\t<div class=\"elementor-element elementor-element-69dfbf1 elementor-widget elementor-widget-text-editor\" data-id=\"69dfbf1\" data-element_type=\"widget\" data-widget_type=\"text-editor.default\">\n\t\t\t\t<div class=\"elementor-widget-container\">\n\t\t\t\t\t\t\t<p>Die von uns erfassten personenbezogenen Daten werden dort gespeichert und\/oder verarbeitet, wo wir oder unsere Partner, verbundenen Unternehmen und Drittanbieter Einrichtungen unterhalten. Bitte beachten Sie, dass die Orte, an denen wir Ihre personenbezogenen Daten speichern, verarbeiten oder \u00fcbertragen, m\u00f6glicherweise nicht denselben Datenschutzgesetzen unterliegen wie das Land, in dem Sie die Daten urspr\u00fcnglich bereitgestellt haben. Wenn wir Ihre personenbezogenen Daten an Dritte in anderen L\u00e4ndern weitergeben, (i) f\u00fchren wir diese \u00dcbertragungen in \u00dcbereinstimmung mit den Anforderungen des geltenden Rechts durch und (ii) sch\u00fctzen wir die \u00fcbertragenen personenbezogenen Daten in \u00dcbereinstimmung mit dieser Datenschutzrichtlinie.<\/p>\t\t\t\t\t\t<\/div>\n\t\t\t\t<\/div>\n\t\t\t\t<div class=\"elementor-element elementor-element-facb91e elementor-widget elementor-widget-heading\" data-id=\"facb91e\" data-element_type=\"widget\" data-widget_type=\"heading.default\">\n\t\t\t\t<div class=\"elementor-widget-container\">\n\t\t\t<h2 class=\"elementor-heading-title elementor-size-default\">Ihre Rechte und die Kontrolle Ihrer pers\u00f6nlichen Daten<\/h2>\t\t<\/div>\n\t\t\t\t<\/div>\n\t\t\t\t<div class=\"elementor-element elementor-element-c4f3baa elementor-widget elementor-widget-text-editor\" data-id=\"c4f3baa\" data-element_type=\"widget\" data-widget_type=\"text-editor.default\">\n\t\t\t\t<div class=\"elementor-widget-container\">\n\t\t\t\t\t\t\t<p>Sie haben jederzeit das Recht, uns personenbezogene Daten vorzuenthalten, wobei Sie sich bewusst sind, dass Ihre Erfahrungen mit unserer Website dadurch beeintr\u00e4chtigt werden k\u00f6nnen. Wir werden Sie nicht diskriminieren, wenn Sie eines Ihrer Rechte in Bezug auf Ihre personenbezogenen Daten wahrnehmen. Wenn Sie uns personenbezogene Daten zur Verf\u00fcgung stellen, erkl\u00e4ren Sie sich damit einverstanden, dass wir diese in \u00dcbereinstimmung mit dieser Datenschutzrichtlinie sammeln, aufbewahren, verwenden und weitergeben. Sie haben das Recht, Einzelheiten zu den von uns \u00fcber Sie gespeicherten personenbezogenen Daten anzufordern.<\/p><p>Wenn wir personenbezogene Daten \u00fcber Sie von einer dritten Partei erhalten, werden wir diese gem\u00e4\u00df dieser Datenschutzrichtlinie sch\u00fctzen. Wenn Sie ein Dritter sind, der uns personenbezogene Daten \u00fcber eine andere Person zur Verf\u00fcgung stellt, sichern Sie zu, dass Sie das Einverst\u00e4ndnis dieser Person haben, die personenbezogenen Daten an uns weiterzugeben.<\/p><p>Wenn Sie zuvor zugestimmt haben, dass wir Ihre personenbezogenen Daten f\u00fcr Direktmarketingzwecke verwenden, k\u00f6nnen Sie Ihre Meinung jederzeit \u00e4ndern. Wir bieten Ihnen die M\u00f6glichkeit, sich aus unserer E-Mail-Datenbank auszutragen oder die Zusendung von Mitteilungen abzubestellen. Bitte beachten Sie, dass wir m\u00f6glicherweise bestimmte Informationen von Ihnen anfordern m\u00fcssen, um Ihre Identit\u00e4t zu best\u00e4tigen.<\/p><p>Wenn Sie der Meinung sind, dass Informationen, die wir \u00fcber Sie gespeichert haben, ungenau, veraltet, unvollst\u00e4ndig, irrelevant oder irref\u00fchrend sind, wenden Sie sich bitte an uns unter Verwendung der in dieser Datenschutzrichtlinie angegebenen Details. Wir werden angemessene Schritte unternehmen, um alle Informationen zu korrigieren, die sich als ungenau, unvollst\u00e4ndig, irref\u00fchrend oder veraltet erweisen.<\/p><p>Wenn Sie der Meinung sind, dass wir gegen ein einschl\u00e4giges Datenschutzgesetz versto\u00dfen haben, und eine Beschwerde einreichen m\u00f6chten, wenden Sie sich bitte unter Verwendung der nachstehenden Angaben an uns und teilen Sie uns alle Einzelheiten zu dem angeblichen Versto\u00df mit. Wir werden Ihre Beschwerde umgehend untersuchen und Ihnen schriftlich antworten und Ihnen das Ergebnis unserer Untersuchung sowie die Schritte mitteilen, die wir unternehmen werden, um Ihre Beschwerde zu bearbeiten. Sie haben auch das Recht, sich im Zusammenhang mit Ihrer Beschwerde an eine Aufsichtsbeh\u00f6rde oder eine Datenschutzbeh\u00f6rde zu wenden.<\/p>\t\t\t\t\t\t<\/div>\n\t\t\t\t<\/div>\n\t\t\t\t<div class=\"elementor-element elementor-element-38fd000 elementor-widget elementor-widget-heading\" data-id=\"38fd000\" data-element_type=\"widget\" data-widget_type=\"heading.default\">\n\t\t\t\t<div class=\"elementor-widget-container\">\n\t\t\t<h2 class=\"elementor-heading-title elementor-size-default\">Verwendung von Cookies<\/h2>\t\t<\/div>\n\t\t\t\t<\/div>\n\t\t\t\t<div class=\"elementor-element elementor-element-0b2ee7e elementor-widget elementor-widget-text-editor\" data-id=\"0b2ee7e\" data-element_type=\"widget\" data-widget_type=\"text-editor.default\">\n\t\t\t\t<div class=\"elementor-widget-container\">\n\t\t\t\t\t\t\t<p>Wir verwenden \"Cookies\", um Informationen \u00fcber Sie und Ihre Aktivit\u00e4ten auf unserer Website zu sammeln. Ein Cookie ist ein kleiner Datensatz, den unsere Website auf Ihrem Computer speichert und bei jedem Besuch abruft, damit wir verstehen k\u00f6nnen, wie Sie unsere Website nutzen. Auf diese Weise k\u00f6nnen wir Ihnen Inhalte anbieten, die auf den von Ihnen angegebenen Pr\u00e4ferenzen basieren.<\/p>\t\t\t\t\t\t<\/div>\n\t\t\t\t<\/div>\n\t\t\t\t<div class=\"elementor-element elementor-element-c265f7e elementor-widget elementor-widget-heading\" data-id=\"c265f7e\" data-element_type=\"widget\" data-widget_type=\"heading.default\">\n\t\t\t\t<div class=\"elementor-widget-container\">\n\t\t\t<h2 class=\"elementor-heading-title elementor-size-default\">Die Grenzen unserer Politik<\/h2>\t\t<\/div>\n\t\t\t\t<\/div>\n\t\t\t\t<div class=\"elementor-element elementor-element-adf386c elementor-widget elementor-widget-text-editor\" data-id=\"adf386c\" data-element_type=\"widget\" data-widget_type=\"text-editor.default\">\n\t\t\t\t<div class=\"elementor-widget-container\">\n\t\t\t\t\t\t\t<p>Unsere Website kann Links zu externen Websites enthalten, die nicht von uns betrieben werden. Bitte beachten Sie, dass wir keine Kontrolle \u00fcber den Inhalt und die Richtlinien dieser Seiten haben und keine Verantwortung oder Haftung f\u00fcr deren Datenschutzpraktiken \u00fcbernehmen k\u00f6nnen.<\/p>\t\t\t\t\t\t<\/div>\n\t\t\t\t<\/div>\n\t\t\t\t<div class=\"elementor-element elementor-element-f3183f3 elementor-widget elementor-widget-heading\" data-id=\"f3183f3\" data-element_type=\"widget\" data-widget_type=\"heading.default\">\n\t\t\t\t<div class=\"elementor-widget-container\">\n\t\t\t<h2 class=\"elementor-heading-title elementor-size-default\">\u00c4nderungen an dieser Politik<\/h2>\t\t<\/div>\n\t\t\t\t<\/div>\n\t\t\t\t<div class=\"elementor-element elementor-element-4c1e2ec elementor-widget elementor-widget-text-editor\" data-id=\"4c1e2ec\" data-element_type=\"widget\" data-widget_type=\"text-editor.default\">\n\t\t\t\t<div class=\"elementor-widget-container\">\n\t\t\t\t\t\t\t<p>Es liegt in unserem Ermessen, unsere Datenschutzrichtlinie zu \u00e4ndern, um Aktualisierungen unserer Gesch\u00e4ftsprozesse, aktuelle akzeptable Praktiken oder gesetzliche oder beh\u00f6rdliche \u00c4nderungen zu ber\u00fccksichtigen. Wenn wir uns entscheiden, diese Datenschutzrichtlinie zu \u00e4ndern, werden wir die \u00c4nderungen hier unter demselben Link ver\u00f6ffentlichen, \u00fcber den Sie auf diese Datenschutzrichtlinie zugreifen.<\/p><p>Falls gesetzlich vorgeschrieben, holen wir Ihr Einverst\u00e4ndnis ein oder geben Ihnen die M\u00f6glichkeit, sich f\u00fcr oder gegen eine neue Verwendung Ihrer personenbezogenen Daten zu entscheiden.<\/p>\t\t\t\t\t\t<\/div>\n\t\t\t\t<\/div>\n\t\t\t\t<div class=\"elementor-element elementor-element-3c2737a elementor-widget elementor-widget-heading\" data-id=\"3c2737a\" data-element_type=\"widget\" data-widget_type=\"heading.default\">\n\t\t\t\t<div class=\"elementor-widget-container\">\n\t\t\t<h2 class=\"elementor-heading-title elementor-size-default\">Kontakt<\/h2>\t\t<\/div>\n\t\t\t\t<\/div>\n\t\t\t\t<div class=\"elementor-element elementor-element-f1ee1f0 elementor-widget elementor-widget-text-editor\" data-id=\"f1ee1f0\" data-element_type=\"widget\" data-widget_type=\"text-editor.default\">\n\t\t\t\t<div class=\"elementor-widget-container\">\n\t\t\t\t\t\t\t<p>Wenn Sie Fragen oder Bedenken in Bezug auf Ihre Privatsph\u00e4re haben, k\u00f6nnen Sie uns unter den folgenden Angaben kontaktieren:<\/p><p>Elena Zhang<\/p><p>elena@ecosmetictube.com<\/p>\t\t\t\t\t\t<\/div>\n\t\t\t\t<\/div>\n\t\t\t\t\t<\/div>\n\t\t<\/div>\n\t\t\t\t\t\t\t<\/div>\n\t\t<\/section>\n\t\t\t\t\t\t\t<\/div>","protected":false},"excerpt":{"rendered":"<p>Privacy Policy Your privacy is important to us. It is EcoGlam&#8217;s policy to respect your privacy and comply with any applicable law and regulation regarding any personal information we may collect about you, including across our website, https:\/\/ecosmetictube.com\/ and other sites we own and operate. This policy is updated at 6 Nov 2023. Information We [&hellip;]<\/p>","protected":false},"author":1,"featured_media":0,"parent":0,"menu_order":0,"comment_status":"closed","ping_status":"open","template":"","meta":[],"_links":{"self":[{"href":"https:\/\/ecosmetictube.com\/de\/wp-json\/wp\/v2\/pages\/3"}],"collection":[{"href":"https:\/\/ecosmetictube.com\/de\/wp-json\/wp\/v2\/pages"}],"about":[{"href":"https:\/\/ecosmetictube.com\/de\/wp-json\/wp\/v2\/types\/page"}],"author":[{"embeddable":true,"href":"https:\/\/ecosmetictube.com\/de\/wp-json\/wp\/v2\/users\/1"}],"replies":[{"embeddable":true,"href":"https:\/\/ecosmetictube.com\/de\/wp-json\/wp\/v2\/comments?post=3"}],"version-history":[{"count":25,"href":"https:\/\/ecosmetictube.com\/de\/wp-json\/wp\/v2\/pages\/3\/revisions"}],"predecessor-version":[{"id":2549,"href":"https:\/\/ecosmetictube.com\/de\/wp-json\/wp\/v2\/pages\/3\/revisions\/2549"}],"wp:attachment":[{"href":"https:\/\/ecosmetictube.com\/de\/wp-json\/wp\/v2\/media?parent=3"}],"curies":[{"name":"wp","href":"https:\/\/api.w.org\/{rel}","templated":true}]}}