{"id":1603,"date":"2023-11-30T09:52:37","date_gmt":"2023-11-30T01:52:37","guid":{"rendered":"https:\/\/ecosmetictube.com\/?page_id=1603"},"modified":"2023-12-27T11:08:41","modified_gmt":"2023-12-27T03:08:41","slug":"terms-conditions","status":"publish","type":"page","link":"https:\/\/ecosmetictube.com\/de\/terms-conditions\/","title":{"rendered":"Terms &amp; Conditions"},"content":{"rendered":"<div data-elementor-type=\"wp-page\" data-elementor-id=\"1603\" class=\"elementor elementor-1603\">\n\t\t\t\t\t\t\t\t\t<section class=\"elementor-section elementor-top-section elementor-element elementor-element-92ab02b elementor-section-boxed elementor-section-height-default elementor-section-height-default\" data-id=\"92ab02b\" data-element_type=\"section\" data-settings=\"{&quot;background_background&quot;:&quot;classic&quot;}\">\n\t\t\t\t\t\t<div class=\"elementor-container elementor-column-gap-default\">\n\t\t\t\t\t<div class=\"elementor-column elementor-col-100 elementor-top-column elementor-element elementor-element-b33dc8b\" data-id=\"b33dc8b\" data-element_type=\"column\" data-settings=\"{&quot;background_background&quot;:&quot;classic&quot;}\">\n\t\t\t<div class=\"elementor-widget-wrap elementor-element-populated\">\n\t\t\t\t\t\t\t\t<div class=\"elementor-element elementor-element-85fa734 elementor-widget elementor-widget-heading\" data-id=\"85fa734\" data-element_type=\"widget\" data-widget_type=\"heading.default\">\n\t\t\t\t<div class=\"elementor-widget-container\">\n\t\t\t<style>\/*! elementor - v3.9.0 - 06-12-2022 *\/\n.elementor-heading-title{padding:0;margin:0;line-height:1}.elementor-widget-heading .elementor-heading-title[class*=elementor-size-]>a{color:inherit;font-size:inherit;line-height:inherit}.elementor-widget-heading .elementor-heading-title.elementor-size-small{font-size:15px}.elementor-widget-heading .elementor-heading-title.elementor-size-medium{font-size:19px}.elementor-widget-heading .elementor-heading-title.elementor-size-large{font-size:29px}.elementor-widget-heading .elementor-heading-title.elementor-size-xl{font-size:39px}.elementor-widget-heading .elementor-heading-title.elementor-size-xxl{font-size:59px}<\/style><h1 class=\"elementor-heading-title elementor-size-default\">Bedingungen und Konditionen<\/h1>\t\t<\/div>\n\t\t\t\t<\/div>\n\t\t\t\t<div class=\"elementor-element elementor-element-ebd55bb elementor-widget elementor-widget-text-editor\" data-id=\"ebd55bb\" data-element_type=\"widget\" data-widget_type=\"text-editor.default\">\n\t\t\t\t<div class=\"elementor-widget-container\">\n\t\t\t<style>\/*! elementor - v3.9.0 - 06-12-2022 *\/\n.elementor-widget-text-editor.elementor-drop-cap-view-stacked .elementor-drop-cap{background-color:#818a91;color:#fff}.elementor-widget-text-editor.elementor-drop-cap-view-framed .elementor-drop-cap{color:#818a91;border:3px solid;background-color:transparent}.elementor-widget-text-editor:not(.elementor-drop-cap-view-default) .elementor-drop-cap{margin-top:8px}.elementor-widget-text-editor:not(.elementor-drop-cap-view-default) .elementor-drop-cap-letter{width:1em;height:1em}.elementor-widget-text-editor .elementor-drop-cap{float:left;text-align:center;line-height:1;font-size:50px}.elementor-widget-text-editor .elementor-drop-cap-letter{display:inline-block}<\/style>\t\t\t\t<p>Willkommen bei EcoGlam!<\/p><p>Diese Bedingungen und Konditionen umrei\u00dfen die Regeln und Vorschriften f\u00fcr die Nutzung der EcoGlam Website, die sich unter https:\/\/ecosmetictube.com\/ befindet.<\/p><p>Wenn Sie auf diese Website zugreifen, gehen wir davon aus, dass Sie diese Bedingungen und Konditionen akzeptieren. Fahren Sie nicht fort, EcoGlam zu nutzen, wenn Sie nicht mit allen auf dieser Seite genannten Bedingungen einverstanden sind.<\/p>\t\t\t\t\t\t<\/div>\n\t\t\t\t<\/div>\n\t\t\t\t<div class=\"elementor-element elementor-element-987e91e elementor-widget elementor-widget-heading\" data-id=\"987e91e\" data-element_type=\"widget\" data-widget_type=\"heading.default\">\n\t\t\t\t<div class=\"elementor-widget-container\">\n\t\t\t<h2 class=\"elementor-heading-title elementor-size-default\">Kekse:<\/h2>\t\t<\/div>\n\t\t\t\t<\/div>\n\t\t\t\t<div class=\"elementor-element elementor-element-8d6c3df elementor-widget elementor-widget-text-editor\" data-id=\"8d6c3df\" data-element_type=\"widget\" data-widget_type=\"text-editor.default\">\n\t\t\t\t<div class=\"elementor-widget-container\">\n\t\t\t\t\t\t\t<p>Die Website verwendet Cookies, um Ihr Online-Erlebnis zu personalisieren. Durch die Nutzung von EcoGlam stimmen Sie der Verwendung der erforderlichen Cookies zu.<\/p><p>Ein Cookie ist eine Textdatei, die von einem Webserver auf Ihrer Festplatte abgelegt wird. Cookies k\u00f6nnen nicht verwendet werden, um Programme auszuf\u00fchren oder Viren auf Ihren Computer zu \u00fcbertragen. Cookies sind Ihnen eindeutig zugeordnet und k\u00f6nnen nur von einem Webserver in der Dom\u00e4ne gelesen werden, die das Cookie an Sie ausgegeben hat.<\/p><p>Wir k\u00f6nnen Cookies verwenden, um Informationen f\u00fcr statistische oder Marketingzwecke zu sammeln, zu speichern und zu verfolgen, um unsere Website zu betreiben. Sie haben die M\u00f6glichkeit, optionale Cookies zu akzeptieren oder abzulehnen. Es gibt einige erforderliche Cookies, die f\u00fcr den Betrieb unserer Website notwendig sind. Diese Cookies bed\u00fcrfen nicht Ihrer Zustimmung, da sie immer funktionieren. Bitte bedenken Sie, dass Sie mit der Annahme erforderlicher Cookies auch Cookies von Drittanbietern akzeptieren, die \u00fcber Dienste von Drittanbietern verwendet werden k\u00f6nnen, wenn Sie solche Dienste auf unserer Website nutzen, z. B. ein von Drittanbietern bereitgestelltes und in unsere Website integriertes Videoanzeigefenster.<\/p>\t\t\t\t\t\t<\/div>\n\t\t\t\t<\/div>\n\t\t\t\t<div class=\"elementor-element elementor-element-4103f51 elementor-widget elementor-widget-heading\" data-id=\"4103f51\" data-element_type=\"widget\" data-widget_type=\"heading.default\">\n\t\t\t\t<div class=\"elementor-widget-container\">\n\t\t\t<h2 class=\"elementor-heading-title elementor-size-default\">Lizenz:<\/h2>\t\t<\/div>\n\t\t\t\t<\/div>\n\t\t\t\t<div class=\"elementor-element elementor-element-9b0f57a elementor-widget elementor-widget-text-editor\" data-id=\"9b0f57a\" data-element_type=\"widget\" data-widget_type=\"text-editor.default\">\n\t\t\t\t<div class=\"elementor-widget-container\">\n\t\t\t\t\t\t\t<p>Sofern nicht anders angegeben, besitzen EcoGlam Packaging Co., Ltd. und\/oder seine Lizenzgeber die geistigen Eigentumsrechte f\u00fcr das gesamte Material auf EcoGlam. Alle geistigen Eigentumsrechte sind vorbehalten. Sie k\u00f6nnen f\u00fcr Ihren pers\u00f6nlichen Gebrauch auf EcoGlam zugreifen, vorbehaltlich der in diesen Bedingungen und Konditionen festgelegten Einschr\u00e4nkungen.<\/p>\t\t\t\t\t\t<\/div>\n\t\t\t\t<\/div>\n\t\t\t\t<div class=\"elementor-element elementor-element-f654185 elementor-widget elementor-widget-text-editor\" data-id=\"f654185\" data-element_type=\"widget\" data-widget_type=\"text-editor.default\">\n\t\t\t\t<div class=\"elementor-widget-container\">\n\t\t\t\t\t\t\t<p>Das d\u00fcrfen Sie nicht:\u00a0<\/p><p>\u00a0 \u00a0 \u00a0\u25cf Kopieren oder Wiederver\u00f6ffentlichen von Material von EcoGlam<\/p><p>\u00a0 \u00a0 \u00a0\u25cf Material von EcoGlam verkaufen, vermieten oder unterlizenzieren<\/p><p>\u00a0 \u00a0 \u00a0\u25cf Material von EcoGlam zu reproduzieren, zu vervielf\u00e4ltigen oder zu kopieren<\/p><p>\u00a0 \u00a0 \u00a0\u25cf Inhalte von EcoGlam weiterverteilen<\/p><p>Dieses Abkommen beginnt mit dem Datum dieses Abkommens.<\/p><p>Teile dieser Website bieten Nutzern die M\u00f6glichkeit, in bestimmten Bereichen der Website Meinungen und Informationen zu posten und auszutauschen. EcoGlam Packaging Co.Ltd. filtert, bearbeitet, ver\u00f6ffentlicht oder \u00fcberpr\u00fcft die Kommentare nicht, bevor sie auf der Website erscheinen. Die Kommentare spiegeln nicht die Ansichten und Meinungen von EcoGlam Packaging Co.Ltd, seinen Vertretern und\/oder verbundenen Unternehmen wider. Kommentare geben die Ansichten und Meinungen der Person wieder, die ihre Ansichten und Meinungen ver\u00f6ffentlicht. EcoGlam Packaging Co.Ltd haftet nicht f\u00fcr die Kommentare oder f\u00fcr jegliche Haftung, Sch\u00e4den oder Ausgaben, die durch die Nutzung und\/oder Ver\u00f6ffentlichung und\/oder das Erscheinen der Kommentare auf dieser Website verursacht und\/oder erlitten werden, soweit dies nach geltendem Recht zul\u00e4ssig ist.<\/p><p>EcoGlam Packaging Co.Ltd. beh\u00e4lt sich das Recht vor, alle Kommentare zu \u00fcberwachen und alle Kommentare zu entfernen, die als unangemessen oder beleidigend angesehen werden k\u00f6nnen oder die gegen diese Gesch\u00e4ftsbedingungen versto\u00dfen.<\/p>\t\t\t\t\t\t<\/div>\n\t\t\t\t<\/div>\n\t\t\t\t<div class=\"elementor-element elementor-element-88a93f4 elementor-widget elementor-widget-text-editor\" data-id=\"88a93f4\" data-element_type=\"widget\" data-widget_type=\"text-editor.default\">\n\t\t\t\t<div class=\"elementor-widget-container\">\n\t\t\t\t\t\t\t<p>Sie garantieren und sichern zu, dass:<\/p><p>\u00a0 \u00a0 \u00a0\u25cf Sie sind berechtigt, die Kommentare auf unserer Website zu ver\u00f6ffentlichen und verf\u00fcgen \u00fcber alle erforderlichen Lizenzen und Genehmigungen, um dies zu tun;<\/p><p>\u00a0 \u00a0 \u00a0\u25cf Die Kommentare verletzen keine Rechte an geistigem Eigentum, insbesondere keine Urheberrechte, Patente oder Marken Dritter;<\/p><p>\u00a0 \u00a0 \u00a0\u25cf Die Kommentare enthalten kein diffamierendes, verleumderisches, beleidigendes, unanst\u00e4ndiges oder anderweitig rechtswidriges Material, das eine Verletzung der Privatsph\u00e4re darstellt.<\/p><p>\u00a0 \u00a0 \u00a0\u25cf Die Kommentare werden nicht dazu verwendet, f\u00fcr Gesch\u00e4fte oder Gewohnheiten zu werben oder kommerzielle Aktivit\u00e4ten oder ungesetzliche Aktivit\u00e4ten darzustellen.<\/p><p>Sie gew\u00e4hren EcoGlam Packaging Co.Ltd hiermit eine nicht-exklusive Lizenz zur Nutzung, Reproduktion, Bearbeitung und Autorisierung anderer zur Nutzung, Reproduktion und Bearbeitung Ihrer Kommentare in allen Formen, Formaten oder Medien.<\/p>\t\t\t\t\t\t<\/div>\n\t\t\t\t<\/div>\n\t\t\t\t<div class=\"elementor-element elementor-element-79279a2 elementor-widget elementor-widget-heading\" data-id=\"79279a2\" data-element_type=\"widget\" data-widget_type=\"heading.default\">\n\t\t\t\t<div class=\"elementor-widget-container\">\n\t\t\t<h2 class=\"elementor-heading-title elementor-size-default\">Hyperlinking zu unserem Inhalt:<\/h2>\t\t<\/div>\n\t\t\t\t<\/div>\n\t\t\t\t<div class=\"elementor-element elementor-element-487b672 elementor-widget elementor-widget-text-editor\" data-id=\"487b672\" data-element_type=\"widget\" data-widget_type=\"text-editor.default\">\n\t\t\t\t<div class=\"elementor-widget-container\">\n\t\t\t\t\t\t\t<p>Die folgenden Organisationen d\u00fcrfen ohne vorherige schriftliche Genehmigung auf unsere Website verlinken:<\/p><p>\u00a0 \u00a0 \u00a0\u25cf Regierungsbeh\u00f6rden;<\/p><p>\u00a0 \u00a0 \u00a0\u25cf Suchmaschinen;<\/p><p>\u00a0 \u00a0 \u00a0\u25cf Nachrichtenorganisationen;<\/p><p>\u00a0 \u00a0 \u00a0\u25cf Online-Verzeichnisverteiler k\u00f6nnen auf unsere Website in der gleichen Weise verlinken, wie sie auf die Websites anderer gelisteter Unternehmen verlinken; und<\/p><p>\u00a0 \u00a0 \u00a0\u25cf Systemweit akkreditierte Unternehmen mit Ausnahme von gemeinn\u00fctzigen Organisationen, Wohlt\u00e4tigkeits-Einkaufszentren und Wohlt\u00e4tigkeits-Fundraising-Gruppen, die keine Hyperlinks zu unserer Website herstellen d\u00fcrfen.<\/p><p>Diese Organisationen d\u00fcrfen auf unsere Homepage, auf Ver\u00f6ffentlichungen oder auf andere Informationen auf der Website verlinken, solange der Link (a) in keiner Weise irref\u00fchrend ist; (b) nicht f\u00e4lschlicherweise ein Sponsoring, eine Bef\u00fcrwortung oder eine Genehmigung der verlinkenden Partei und ihrer Produkte und\/oder Dienstleistungen impliziert; und (c) in den Kontext der Website der verlinkenden Partei passt.<\/p><p>Wir k\u00f6nnen andere Linkanfragen von den folgenden Arten von Organisationen ber\u00fccksichtigen und genehmigen:<\/p><p>\u00a0 \u00a0 \u00a0\u25cf allgemein bekannte Informationsquellen f\u00fcr Verbraucher und\/oder Unternehmen;<\/p><p>\u00a0 \u00a0 \u00a0\u25cf dot.com-Gemeinschaftsseiten;<\/p><p>\u00a0 \u00a0 \u00a0\u25cf Verb\u00e4nde oder andere Gruppen, die Wohlt\u00e4tigkeitsorganisationen vertreten;<\/p><p>\u00a0 \u00a0 \u00a0\u25cf Online-Verzeichnis der H\u00e4ndler;<\/p><p>\u00a0 \u00a0 \u00a0\u25cf Internetportale;<\/p><p>\u00a0 \u00a0 \u00a0\u25cf Wirtschaftspr\u00fcfungs-, Rechts- und Beratungsunternehmen; und<\/p><p>\u00a0 \u00a0 \u00a0\u25cf Bildungseinrichtungen und Berufsverb\u00e4nde.<\/p><p>Wir werden Linkanfragen von diesen Organisationen genehmigen, wenn wir entscheiden, dass: (a) der Link w\u00fcrde uns nicht in ein schlechtes Licht r\u00fccken oder unsere akkreditierten Unternehmen in Verruf bringen; (b) die Organisation hat keine negativen Eintr\u00e4ge bei uns; (c) der Nutzen, den wir aus der Sichtbarkeit des Hyperlinks ziehen, kompensiert die Abwesenheit von EcoGlam Packaging Co.Ltd; und (d) der Link steht im Zusammenhang mit allgemeinen Ressourceninformationen.<\/p><p>Diese Organisationen d\u00fcrfen auf unsere Homepage verlinken, solange der Link: (a) in keiner Weise irref\u00fchrend ist; (b) nicht f\u00e4lschlicherweise ein Sponsoring, eine Bef\u00fcrwortung oder eine Genehmigung der verlinkenden Partei und ihrer Produkte oder Dienstleistungen impliziert; und (c) in den Kontext der Website der verlinkenden Partei passt.<\/p><p>Wenn Sie eine der in Absatz 2 genannten Organisationen sind und an einer Verlinkung zu unserer Website interessiert sind, m\u00fcssen Sie uns dar\u00fcber informieren, indem Sie eine E-Mail an EcoGlam Packaging Co.Ltd. schicken. Bitte f\u00fcgen Sie Ihren Namen, den Namen Ihrer Organisation, Kontaktinformationen sowie die URL Ihrer Website, eine Liste aller URLs, von denen aus Sie auf unsere Website verlinken m\u00f6chten, und eine Liste der URLs auf unserer Website, zu denen Sie verlinken m\u00f6chten, bei. Warten Sie 2-3 Wochen auf eine Antwort.<\/p><p>Zugelassene Organisationen d\u00fcrfen Hyperlinks zu unserer Website wie folgt setzen:<\/p><p>\u00a0 \u00a0 \u00a0\u25cf durch Verwendung unseres Firmennamens; oder<\/p><p>\u00a0 \u00a0 \u00a0\u25cf durch die Verwendung des einheitlichen Ressourcen-Locators, auf den verlinkt wird; oder<\/p><p>\u00a0 \u00a0 \u00a0\u25cf Verwendung einer anderen Beschreibung unserer Website, auf die verlinkt wird, die im Kontext und Format des Inhalts der Website der verlinkenden Partei sinnvoll ist.<\/p><p>Die Verwendung des Logos oder anderer Grafiken von EcoGlam Packaging Co.Ltd. f\u00fcr die Verlinkung ist ohne eine Markenlizenzvereinbarung nicht gestattet.<\/p>\t\t\t\t\t\t<\/div>\n\t\t\t\t<\/div>\n\t\t\t\t<div class=\"elementor-element elementor-element-d1a01da elementor-widget elementor-widget-heading\" data-id=\"d1a01da\" data-element_type=\"widget\" data-widget_type=\"heading.default\">\n\t\t\t\t<div class=\"elementor-widget-container\">\n\t\t\t<h2 class=\"elementor-heading-title elementor-size-default\">Haftung f\u00fcr den Inhalt:<\/h2>\t\t<\/div>\n\t\t\t\t<\/div>\n\t\t\t\t<div class=\"elementor-element elementor-element-d859e0e elementor-widget elementor-widget-text-editor\" data-id=\"d859e0e\" data-element_type=\"widget\" data-widget_type=\"text-editor.default\">\n\t\t\t\t<div class=\"elementor-widget-container\">\n\t\t\t\t\t\t\t<p>Wir sind nicht f\u00fcr Inhalte verantwortlich, die auf Ihrer Website erscheinen. Sie verpflichten sich, uns gegen alle Anspr\u00fcche, die auf Ihrer Website erhoben werden, zu sch\u00fctzen und zu verteidigen. Es d\u00fcrfen keine Links auf einer Website erscheinen, die als verleumderisch, obsz\u00f6n oder kriminell ausgelegt werden k\u00f6nnen oder die Rechte Dritter verletzen oder anderweitig verletzen oder die Verletzung oder anderweitige Verletzung von Rechten Dritter bef\u00fcrworten.<\/p>\t\t\t\t\t\t<\/div>\n\t\t\t\t<\/div>\n\t\t\t\t<div class=\"elementor-element elementor-element-e487235 elementor-widget elementor-widget-heading\" data-id=\"e487235\" data-element_type=\"widget\" data-widget_type=\"heading.default\">\n\t\t\t\t<div class=\"elementor-widget-container\">\n\t\t\t<h2 class=\"elementor-heading-title elementor-size-default\">Vorbehalt der Rechte:<\/h2>\t\t<\/div>\n\t\t\t\t<\/div>\n\t\t\t\t<div class=\"elementor-element elementor-element-882df16 elementor-widget elementor-widget-text-editor\" data-id=\"882df16\" data-element_type=\"widget\" data-widget_type=\"text-editor.default\">\n\t\t\t\t<div class=\"elementor-widget-container\">\n\t\t\t\t\t\t\t<p>Wir behalten uns das Recht vor, Sie aufzufordern, alle Links oder einen bestimmten Link zu unserer Website zu entfernen. Sie verpflichten sich, alle Links zu unserer Website auf Verlangen unverz\u00fcglich zu entfernen. Wir behalten uns au\u00dferdem das Recht vor, diese Bedingungen und die Linkpolitik jederzeit zu \u00e4ndern. Durch die kontinuierliche Verkn\u00fcpfung mit unserer Website erkl\u00e4ren Sie sich damit einverstanden, an diese Verkn\u00fcpfungsbedingungen gebunden zu sein und diese zu befolgen.<\/p>\t\t\t\t\t\t<\/div>\n\t\t\t\t<\/div>\n\t\t\t\t<div class=\"elementor-element elementor-element-b6f0c9b elementor-widget elementor-widget-heading\" data-id=\"b6f0c9b\" data-element_type=\"widget\" data-widget_type=\"heading.default\">\n\t\t\t\t<div class=\"elementor-widget-container\">\n\t\t\t<h2 class=\"elementor-heading-title elementor-size-default\">Entfernung von Links von unserer Website:<\/h2>\t\t<\/div>\n\t\t\t\t<\/div>\n\t\t\t\t<div class=\"elementor-element elementor-element-fa2c538 elementor-widget elementor-widget-text-editor\" data-id=\"fa2c538\" data-element_type=\"widget\" data-widget_type=\"text-editor.default\">\n\t\t\t\t<div class=\"elementor-widget-container\">\n\t\t\t\t\t\t\t<p>Wenn Sie einen Link auf unserer Website finden, der aus irgendeinem Grund anst\u00f6\u00dfig ist, k\u00f6nnen Sie uns jederzeit kontaktieren und informieren. Wir werden Anfragen zur Entfernung von Links pr\u00fcfen, sind aber nicht verpflichtet, dies zu tun oder Ihnen direkt zu antworten.<\/p><p>Wir \u00fcbernehmen keine Gew\u00e4hr f\u00fcr die Richtigkeit der Informationen auf dieser Website. Wir \u00fcbernehmen keine Gew\u00e4hr f\u00fcr ihre Vollst\u00e4ndigkeit oder Richtigkeit und versprechen nicht, dass die Website verf\u00fcgbar bleibt oder dass das Material auf der Website auf dem neuesten Stand gehalten wird.<\/p>\t\t\t\t\t\t<\/div>\n\t\t\t\t<\/div>\n\t\t\t\t<div class=\"elementor-element elementor-element-0554749 elementor-widget elementor-widget-heading\" data-id=\"0554749\" data-element_type=\"widget\" data-widget_type=\"heading.default\">\n\t\t\t\t<div class=\"elementor-widget-container\">\n\t\t\t<h2 class=\"elementor-heading-title elementor-size-default\">Haftungsausschluss:<\/h2>\t\t<\/div>\n\t\t\t\t<\/div>\n\t\t\t\t<div class=\"elementor-element elementor-element-6017c33 elementor-widget elementor-widget-text-editor\" data-id=\"6017c33\" data-element_type=\"widget\" data-widget_type=\"text-editor.default\">\n\t\t\t\t<div class=\"elementor-widget-container\">\n\t\t\t\t\t\t\t<p>Soweit es das geltende Recht zul\u00e4sst, schlie\u00dfen wir alle Zusicherungen, Garantien und Bedingungen in Bezug auf unsere Website und die Nutzung dieser Website aus. Nichts in diesem Haftungsausschluss wird:<\/p><p>\u00a0 \u00a0 \u00a0\u25cf unsere oder Ihre Haftung f\u00fcr Tod oder K\u00f6rperverletzung beschr\u00e4nken oder ausschlie\u00dfen;<\/p><p>\u00a0 \u00a0 \u00a0\u25cf unsere oder Ihre Haftung f\u00fcr Betrug oder arglistige T\u00e4uschung einschr\u00e4nken oder ausschlie\u00dfen;<\/p><p>\u00a0 \u00a0 \u00a0\u25cf unsere oder Ihre Haftung in einer Weise zu beschr\u00e4nken, die nach geltendem Recht nicht zul\u00e4ssig ist; oder<\/p><p>\u00a0 \u00a0 \u00a0\u25cf unsere oder Ihre Haftung ausschlie\u00dfen, die nach geltendem Recht nicht ausgeschlossen werden kann.<\/p><p>Die in diesem Abschnitt und an anderen Stellen dieses Haftungsausschlusses festgelegten Haftungsbeschr\u00e4nkungen und -verbote: (a) unterliegen dem vorhergehenden Absatz; und (b) regeln alle Haftungen, die sich aus dem Haftungsausschluss ergeben, einschlie\u00dflich der Haftungen, die sich aus Vertr\u00e4gen, unerlaubten Handlungen und der Verletzung von gesetzlichen Pflichten ergeben.<\/p><p>Solange die Website sowie die Informationen und Dienstleistungen auf der Website kostenlos zur Verf\u00fcgung gestellt werden, haften wir nicht f\u00fcr Verluste oder Sch\u00e4den jeglicher Art.<\/p>\t\t\t\t\t\t<\/div>\n\t\t\t\t<\/div>\n\t\t\t\t<div class=\"elementor-element elementor-element-d7599d6 elementor-widget elementor-widget-heading\" data-id=\"d7599d6\" data-element_type=\"widget\" data-widget_type=\"heading.default\">\n\t\t\t\t<div class=\"elementor-widget-container\">\n\t\t\t<h2 class=\"elementor-heading-title elementor-size-default\">Kontakt<\/h2>\t\t<\/div>\n\t\t\t\t<\/div>\n\t\t\t\t<div class=\"elementor-element elementor-element-e39fbd6 elementor-widget elementor-widget-text-editor\" data-id=\"e39fbd6\" data-element_type=\"widget\" data-widget_type=\"text-editor.default\">\n\t\t\t\t<div class=\"elementor-widget-container\">\n\t\t\t\t\t\t\t<p>Wenn Sie Fragen oder Bedenken bez\u00fcglich unserer Allgemeinen Gesch\u00e4ftsbedingungen haben, k\u00f6nnen Sie uns unter den folgenden Angaben kontaktieren:<\/p><p>Elena Zhang<\/p><p>elena@ecosmetictube.com<\/p>\t\t\t\t\t\t<\/div>\n\t\t\t\t<\/div>\n\t\t\t\t\t<\/div>\n\t\t<\/div>\n\t\t\t\t\t\t\t<\/div>\n\t\t<\/section>\n\t\t\t\t\t\t\t<\/div>","protected":false},"excerpt":{"rendered":"<p>Terms &#038; Conditions Welcome to EcoGlam! These terms and conditions outline the rules and regulations for the use of EcoGlam\u2019s Website, located at https:\/\/ecosmetictube.com\/. By accessing this website, we assume you accept these terms and conditions. Do not continue to use EcoGlam\u00a0if you do not agree to take all of the terms and conditions stated [&hellip;]<\/p>","protected":false},"author":1,"featured_media":0,"parent":0,"menu_order":0,"comment_status":"closed","ping_status":"closed","template":"","meta":[],"_links":{"self":[{"href":"https:\/\/ecosmetictube.com\/de\/wp-json\/wp\/v2\/pages\/1603"}],"collection":[{"href":"https:\/\/ecosmetictube.com\/de\/wp-json\/wp\/v2\/pages"}],"about":[{"href":"https:\/\/ecosmetictube.com\/de\/wp-json\/wp\/v2\/types\/page"}],"author":[{"embeddable":true,"href":"https:\/\/ecosmetictube.com\/de\/wp-json\/wp\/v2\/users\/1"}],"replies":[{"embeddable":true,"href":"https:\/\/ecosmetictube.com\/de\/wp-json\/wp\/v2\/comments?post=1603"}],"version-history":[{"count":15,"href":"https:\/\/ecosmetictube.com\/de\/wp-json\/wp\/v2\/pages\/1603\/revisions"}],"predecessor-version":[{"id":2553,"href":"https:\/\/ecosmetictube.com\/de\/wp-json\/wp\/v2\/pages\/1603\/revisions\/2553"}],"wp:attachment":[{"href":"https:\/\/ecosmetictube.com\/de\/wp-json\/wp\/v2\/media?parent=1603"}],"curies":[{"name":"wp","href":"https:\/\/api.w.org\/{rel}","templated":true}]}}